{"id":1000,"date":"2016-04-18T13:19:16","date_gmt":"2016-04-18T11:19:16","guid":{"rendered":"http:\/\/www.glm-laser.com\/?page_id=1000"},"modified":"2021-11-08T15:40:37","modified_gmt":"2021-11-08T14:40:37","slug":"dt740-digitaltheodolit","status":"publish","type":"page","link":"https:\/\/www.glm-laser.com\/glm\/optische-vermessungsinstrumente-3\/uebersicht\/theodolite\/dt540-ingenieurtheodolit\/dt740-digitaltheodolit\/","title":{"rendered":"DT740 Digitaltheodolit"},"content":{"rendered":"<h1>Digitaltheodolit DT740 von Sokkia<\/h1>\n<div class=\"section\">\n<p align=\"justify\"><img loading=\"lazy\" decoding=\"async\" class=\"alignright size-medium wp-image-1001\" src=\"https:\/\/www.glm-laser.com\/glm\/wp-content\/uploads\/Digitaltheodolit-DT740-175x300.jpg\" alt=\"Digitaltheodolit-DT740\" width=\"175\" height=\"300\" srcset=\"https:\/\/www.glm-laser.com\/glm\/wp-content\/uploads\/Digitaltheodolit-DT740-175x300.jpg 175w, https:\/\/www.glm-laser.com\/glm\/wp-content\/uploads\/Digitaltheodolit-DT740.jpg 200w\" sizes=\"(max-width: 175px) 100vw, 175px\" \/><\/p>\n<p>Der Digitaltheodolit DT740 aus dem Hause Sokkia wird seit 2011 produziert. Der Digitaltheodolit DT740 ist das Nachfolgemodell des Digitaltheodolits\u00a0<a title=\"Sokkia DT620\" href=\"https:\/\/www.glm-laser.com\/der-digitaltheodolit-dt620-aus-dem-hause-sokkia\/\">DT620<\/a>. GLM Laserme\u00dftechnik bietet ihnen einen <a href=\"https:\/\/www.glm-laser.com\/glm\/leistungen\/ganzheitliche-loesungen\/\">Rundum-Service <\/a>(Inspektion, Reparatur, Verkauf und Beratung) f\u00fcr den DT740 an.<\/p>\n<p align=\"justify\"><strong>Auszug aus den technischen Daten des DT740:<\/strong><\/p>\n<div align=\"justify\">\n<ul>\n<li>Vergr\u00f6\u00dferung\/ Aufl\u00f6sung: 30x \/ 2,5&#8243;<\/li>\n<li>Winkelmessgenauigkeit: 7&#8243;<\/li>\n<li>Staub- und Wasserschutz: IP66<\/li>\n<\/ul>\n<\/div>\n<p align=\"justify\"><strong>Zubeh\u00f6r:<\/strong><\/p>\n<div align=\"justify\">\n<ul>\n<li>Batterie LR6\/AA<\/li>\n<li>Schnittstellenkabel RS-232C<\/li>\n<li>Kreuzschlitten<\/li>\n<li>Zenitokular bzw. Steilsichtokular DE13<\/li>\n<\/ul>\n<\/div>\n<p style=\"text-align: left;\">DT240\u00a0\u2013\u00a0DT540\u00a0\u2013\u00a0<a href=\"https:\/\/www.glm-laser.com\/dt740-digitaltheodolit\/\">DT740<\/a>\u00a0\u2013\u00a0<a title=\"Sokkia DT520\" href=\"https:\/\/www.glm-laser.com\/dt940-digitaltheodolit\/\">DT940<\/a><\/p>\n<div align=\"justify\">\n<div class=\"rex-cnt-slc-otp\">\n<p><img loading=\"lazy\" decoding=\"async\" class=\"alignleft size-full wp-image-958\" src=\"https:\/\/www.glm-laser.com\/glm\/wp-content\/uploads\/pdf-icon.png\" alt=\"Download PDF\" width=\"38\" height=\"42\" \/><\/p>\n<\/div>\n<p class=\"rex-cnt-slc-otp\"><a href=\"https:\/\/www.glm-laser.com\/glm\/wp-content\/uploads\/dtx40_prospekt_en.pdf\" target=\"_blank\" rel=\"noopener noreferrer\">Prospekt Sokkia DTx40_en (975 kB)<br \/>\n<\/a><a href=\"https:\/\/www.glm-laser.com\/glm\/wp-content\/uploads\/kreuzschlitten.pdf\" target=\"_blank\" rel=\"noopener noreferrer\">Datenblatt Kreuzschlitten (438 kB)<\/a><\/p>\n<\/div>\n<\/div>\n","protected":false},"excerpt":{"rendered":"<p>Digitaltheodolit DT740 von Sokkia Der Digitaltheodolit DT740 aus dem Hause Sokkia wird seit 2011 produziert. Der Digitaltheodolit DT740 ist das Nachfolgemodell des Digitaltheodolits\u00a0DT620. GLM Laserme\u00dftechnik bietet ihnen einen Rundum-Service (Inspektion, Reparatur, Verkauf und Beratung) f\u00fcr den DT740 an. Auszug aus den technischen Daten des DT740: Vergr\u00f6\u00dferung\/ Aufl\u00f6sung: 30x \/ 2,5&#8243; Winkelmessgenauigkeit: 7&#8243; Staub- und Wasserschutz: [&hellip;]<\/p>\n","protected":false},"author":1,"featured_media":0,"parent":725,"menu_order":0,"comment_status":"closed","ping_status":"closed","template":"page_submenu.php","meta":{"footnotes":""},"class_list":["post-1000","page","type-page","status-publish","hentry"],"_links":{"self":[{"href":"https:\/\/www.glm-laser.com\/glm\/wp-json\/wp\/v2\/pages\/1000"}],"collection":[{"href":"https:\/\/www.glm-laser.com\/glm\/wp-json\/wp\/v2\/pages"}],"about":[{"href":"https:\/\/www.glm-laser.com\/glm\/wp-json\/wp\/v2\/types\/page"}],"author":[{"embeddable":true,"href":"https:\/\/www.glm-laser.com\/glm\/wp-json\/wp\/v2\/users\/1"}],"replies":[{"embeddable":true,"href":"https:\/\/www.glm-laser.com\/glm\/wp-json\/wp\/v2\/comments?post=1000"}],"version-history":[{"count":16,"href":"https:\/\/www.glm-laser.com\/glm\/wp-json\/wp\/v2\/pages\/1000\/revisions"}],"predecessor-version":[{"id":10032,"href":"https:\/\/www.glm-laser.com\/glm\/wp-json\/wp\/v2\/pages\/1000\/revisions\/10032"}],"up":[{"embeddable":true,"href":"https:\/\/www.glm-laser.com\/glm\/wp-json\/wp\/v2\/pages\/725"}],"wp:attachment":[{"href":"https:\/\/www.glm-laser.com\/glm\/wp-json\/wp\/v2\/media?parent=1000"}],"curies":[{"name":"wp","href":"https:\/\/api.w.org\/{rel}","templated":true}]}}