{"id":1003,"date":"2016-04-18T13:22:35","date_gmt":"2016-04-18T11:22:35","guid":{"rendered":"http:\/\/www.glm-laser.com\/?page_id=1003"},"modified":"2020-10-26T14:41:19","modified_gmt":"2020-10-26T13:41:19","slug":"der-digitaltheodolit-dt620-aus-dem-hause-sokkia","status":"publish","type":"page","link":"https:\/\/www.glm-laser.com\/glm\/optische-vermessungsinstrumente-3\/uebersicht\/theodolite\/der-digitaltheodolit-dt620-aus-dem-hause-sokkia\/","title":{"rendered":"DT620 Digitaltheodolit"},"content":{"rendered":"<h1>Der Digitaltheodolit DT620 aus dem Hause Sokkia<\/h1>\n<div class=\"section\">\n<p align=\"justify\"><img loading=\"lazy\" decoding=\"async\" class=\"alignright size-full wp-image-1004\" src=\"https:\/\/www.glm-laser.com\/glm\/wp-content\/uploads\/Digitaltheodolit-DT620.gif\" alt=\"Digitaltheodolit-DT620\" width=\"200\" height=\"200\" \/><br \/>\nDer Digitaltheodolit DT620 aus dem Hause Sokkia wird nicht mehr produziert. Das passende Nachfolgemodell ist der Digitaltheodolit\u00a0<a title=\"Bautheodolit\" href=\"https:\/\/www.glm-laser.com\/dt740-digitaltheodolit\/\">DT740<\/a>. GLM Laserme\u00dftechnik bietet ihnen einen <a href=\"https:\/\/www.glm-laser.com\/glm\/leistungen\/ganzheitliche-loesungen\/\">Rundum-Service<\/a>\u00a0(Inspektion, Reparatur, Verkauf und Beratung) f\u00fcr den DT620 an.<\/p>\n<p align=\"justify\"><strong>Auszug aus den technischen Daten des DT620:<\/strong><\/p>\n<div align=\"justify\">\n<ul>\n<li>Vergr\u00f6\u00dferung\/ Aufl\u00f6sung: 26x \/ 3,5&#8243;<\/li>\n<li>Winkelmessgenauigkeit: 7&#8243; \/ 2,2mg\/ 0.035mil<\/li>\n<li>Staub- und Wasserschutz: IP66<\/li>\n<\/ul>\n<\/div>\n<p align=\"justify\"><strong>Zubeh\u00f6r:<\/strong><\/p>\n<div align=\"justify\">\n<ul>\n<li>Batterie R14\/C<\/li>\n<li>Steilsichtokular DE25<\/li>\n<li>Vergr\u00f6\u00dferungsokular EL6<\/li>\n<li>Stromversorgung BDC55 f\u00fcr ACE, LAP1 und LSE1<\/li>\n<li>Sonnenfilter OF1<\/li>\n<li>Schnittstellenkabel DOC27<\/li>\n<li>Kreuzschlitten bzw. Kreuztisch<\/li>\n<\/ul>\n<\/div>\n<p align=\"justify\">W\u00fcnschen Sie weitere Informationen oder m\u00f6chten Sie einen Termin zur\u00a0Inspektion\u00a0vereinbaren? <a href=\"mailto:werkstatt@glm-laser.de\">Dann schreiben Sie uns einfach eine E-Mail. <\/a><\/p>\n<p style=\"text-align: center;\" align=\"justify\">\u00dcbersicht\u00a0&#8211;\u00a0\u00a0DT220\u00a0&#8211;\u00a0DT520\u00a0&#8211;\u00a0DT520A<\/p>\n<div align=\"justify\">\n<div class=\"rex-cnt-slc-otp\">\n<p><img loading=\"lazy\" decoding=\"async\" class=\"alignleft size-full wp-image-958\" src=\"https:\/\/www.glm-laser.com\/glm\/wp-content\/uploads\/pdf-icon.png\" alt=\"Download PDF\" width=\"38\" height=\"42\" \/><\/p>\n<\/div>\n<p class=\"rex-cnt-slc-otp\">\n<p class=\"rex-cnt-slc-otp\"><a href=\"https:\/\/www.glm-laser.com\/glm\/wp-content\/uploads\/dt220_en.pdf\" target=\"_blank\" rel=\"noopener noreferrer\">DT220 Theodolit (310 kB)<\/a><\/p>\n<\/div>\n<\/div>\n","protected":false},"excerpt":{"rendered":"<p>Der Digitaltheodolit DT620 aus dem Hause Sokkia Der Digitaltheodolit DT620 aus dem Hause Sokkia wird nicht mehr produziert. Das passende Nachfolgemodell ist der Digitaltheodolit\u00a0DT740. GLM Laserme\u00dftechnik bietet ihnen einen Rundum-Service\u00a0(Inspektion, Reparatur, Verkauf und Beratung) f\u00fcr den DT620 an. Auszug aus den technischen Daten des DT620: Vergr\u00f6\u00dferung\/ Aufl\u00f6sung: 26x \/ 3,5&#8243; Winkelmessgenauigkeit: 7&#8243; \/ 2,2mg\/ 0.035mil [&hellip;]<\/p>\n","protected":false},"author":1,"featured_media":0,"parent":819,"menu_order":99,"comment_status":"closed","ping_status":"closed","template":"page_submenu.php","meta":{"footnotes":""},"class_list":["post-1003","page","type-page","status-publish","hentry"],"_links":{"self":[{"href":"https:\/\/www.glm-laser.com\/glm\/wp-json\/wp\/v2\/pages\/1003"}],"collection":[{"href":"https:\/\/www.glm-laser.com\/glm\/wp-json\/wp\/v2\/pages"}],"about":[{"href":"https:\/\/www.glm-laser.com\/glm\/wp-json\/wp\/v2\/types\/page"}],"author":[{"embeddable":true,"href":"https:\/\/www.glm-laser.com\/glm\/wp-json\/wp\/v2\/users\/1"}],"replies":[{"embeddable":true,"href":"https:\/\/www.glm-laser.com\/glm\/wp-json\/wp\/v2\/comments?post=1003"}],"version-history":[{"count":19,"href":"https:\/\/www.glm-laser.com\/glm\/wp-json\/wp\/v2\/pages\/1003\/revisions"}],"predecessor-version":[{"id":8673,"href":"https:\/\/www.glm-laser.com\/glm\/wp-json\/wp\/v2\/pages\/1003\/revisions\/8673"}],"up":[{"embeddable":true,"href":"https:\/\/www.glm-laser.com\/glm\/wp-json\/wp\/v2\/pages\/819"}],"wp:attachment":[{"href":"https:\/\/www.glm-laser.com\/glm\/wp-json\/wp\/v2\/media?parent=1003"}],"curies":[{"name":"wp","href":"https:\/\/api.w.org\/{rel}","templated":true}]}}