{"id":10085,"date":"2022-04-14T10:57:36","date_gmt":"2022-04-14T08:57:36","guid":{"rendered":"https:\/\/www.glm-laser.com\/glm\/?page_id=10085"},"modified":"2022-04-19T08:28:08","modified_gmt":"2022-04-19T06:28:08","slug":"rahmenvermessung-koef","status":"publish","type":"page","link":"https:\/\/www.glm-laser.com\/glm\/3d-messsysteme-branchen\/messsystem-schienenfahrzeuge\/rahmenvermessung-von-lokomotiven\/rahmenvermessung-koef\/","title":{"rendered":"Rahmenvermessung K\u00f6f"},"content":{"rendered":"<h2 class=\"wp-block-heading\">Rahmenvermessung der Kleinlokomotive K\u00f6f III<\/h2>\n<div class=\"wp-block-image is-style-default\">\n<figure class=\"alignright size-medium\"><a href=\"https:\/\/www.glm-laser.com\/glm\/wp-content\/uploads\/koef-335.png\" class=\"gallery_colorbox\"><img decoding=\"async\" src=\"https:\/\/www.glm-laser.com\/glm\/wp-content\/uploads\/koef-335-300x225.png\"  alt=\"Rahmenvermessung K\u00f6f\" class=\"wp-image-10087\"\/><\/a><\/figure>\n<\/div>\n<p>Das <a href=\"https:\/\/de.wikipedia.org\/wiki\/K%C3%B6f\" target=\"_blank\" rel=\"noreferrer noopener\">Schienenfahrzeug K\u00f6f<\/a> III (Kleinlokomotive mit \u00d6lmotor und Fl\u00fcssigkeitsgetriebe) geh\u00f6rt zu den Kleinlokomotiven. Diese Fahrzeuge finden ihre Aufgabe im Rangierbetrieb.<\/p>\n<p>Das K\u00f6f III hat keine Drehgestelle. In der Regel sto\u00dfen Sie auf zweiachsige K\u00f6fs. Bei der Rahmenvermessung wird insbesondere auf die Radsatzlager geachtet. In Echtzeit wird die St\u00e4rke der neu zu setzenden Beilagenscheiben zur Achsf\u00fchrung ausgegeben. Unter anderem werden auch die betriebsnahen Ma\u00dfe, z.B. Pufferma\u00dfe, ausgegeben.<\/p>\n<p>Die Vermessung inkl. Auswertung ist innerhalb weniger Stunden angeschlossen.<\/p>\n","protected":false},"excerpt":{"rendered":"<p>Rahmenvermessung der Kleinlokomotive K\u00f6f III Das Schienenfahrzeug K\u00f6f III (Kleinlokomotive mit \u00d6lmotor und Fl\u00fcssigkeitsgetriebe) geh\u00f6rt zu den Kleinlokomotiven. Diese Fahrzeuge finden ihre Aufgabe im Rangierbetrieb. Das K\u00f6f III hat keine Drehgestelle. In der Regel sto\u00dfen Sie auf zweiachsige K\u00f6fs. Bei der Rahmenvermessung wird insbesondere auf die Radsatzlager geachtet. In Echtzeit wird die St\u00e4rke der neu [&hellip;]<\/p>\n","protected":false},"author":2,"featured_media":0,"parent":3367,"menu_order":-2,"comment_status":"closed","ping_status":"closed","template":"page_submenu.php","meta":{"footnotes":""},"class_list":["post-10085","page","type-page","status-publish","hentry"],"_links":{"self":[{"href":"https:\/\/www.glm-laser.com\/glm\/wp-json\/wp\/v2\/pages\/10085"}],"collection":[{"href":"https:\/\/www.glm-laser.com\/glm\/wp-json\/wp\/v2\/pages"}],"about":[{"href":"https:\/\/www.glm-laser.com\/glm\/wp-json\/wp\/v2\/types\/page"}],"author":[{"embeddable":true,"href":"https:\/\/www.glm-laser.com\/glm\/wp-json\/wp\/v2\/users\/2"}],"replies":[{"embeddable":true,"href":"https:\/\/www.glm-laser.com\/glm\/wp-json\/wp\/v2\/comments?post=10085"}],"version-history":[{"count":7,"href":"https:\/\/www.glm-laser.com\/glm\/wp-json\/wp\/v2\/pages\/10085\/revisions"}],"predecessor-version":[{"id":10142,"href":"https:\/\/www.glm-laser.com\/glm\/wp-json\/wp\/v2\/pages\/10085\/revisions\/10142"}],"up":[{"embeddable":true,"href":"https:\/\/www.glm-laser.com\/glm\/wp-json\/wp\/v2\/pages\/3367"}],"wp:attachment":[{"href":"https:\/\/www.glm-laser.com\/glm\/wp-json\/wp\/v2\/media?parent=10085"}],"curies":[{"name":"wp","href":"https:\/\/api.w.org\/{rel}","templated":true}]}}