{"id":107,"date":"2015-06-12T11:12:44","date_gmt":"2015-06-12T09:12:44","guid":{"rendered":"http:\/\/www.glm-laser.com\/?page_id=107"},"modified":"2025-10-23T17:42:11","modified_gmt":"2025-10-23T15:42:11","slug":"messsystem-schienenfahrzeuge","status":"publish","type":"page","link":"https:\/\/www.glm-laser.com\/glm\/3d-messsysteme-branchen\/messsystem-schienenfahrzeuge\/","title":{"rendered":"Schienenfahrzeugbau"},"content":{"rendered":"<h2 class=\"wp-block-heading\"><strong>Schienenfahrzeuge vermessen mittels 3D Messsystem <\/strong><\/h2>\n<p>Die Bandbreite heutiger Schienenfahrzeuge beginnt bei Dampfloks. Geht \u00fcber Gleisbaufahrzeuge bis hin zu Triebfahrzeugen und Hochgeschwindigkeitsz\u00fcgen. Alle diese Schienenfahrzeuge m\u00fcssen eine gemeinsame Anforderung erf\u00fcllen: <\/p>\n<p class=\"has-text-align-center\"><strong>Exakte Ma\u00dfhaltigkeit<\/strong><\/p>\n<p>Schienenfahrzeuge m\u00fcssen Ma\u00dfe innerhalb vorgegebener Toleranzen aufweisen. (<a href=\"https:\/\/www.glm-laser.com\/glm\/3d-messsysteme-branchen\/messsystem-schienenfahrzeuge\/din-27202-10\/\" target=\"_blank\" rel=\"noreferrer noopener\" aria-label=\"DIN 27202-10 (\u00f6ffnet in neuem Tab)\">DIN 27202-10<\/a>: Zustand der Eisenbahnfahrzeuge &#8211; Messen Fahrzeugaufbau). <\/p>\n<p>Somit spielen 3D Messsysteme von GLM schon lange eine gewichtige Rolle bei der Herstellung und \u00dcberpr\u00fcfung von Schienenfahrzeugrahmen. GLM Laserme\u00dftechnik hat seit 1992 weit mehr als 100 <a aria-label=\" (\u00f6ffnet in neuem Tab)\" href=\"https:\/\/www.glm-laser.com\/glm\/ueber-glm\/3d-messsysteme\/\" target=\"_blank\" rel=\"noreferrer noopener\">3D-Messsysteme<\/a> in Werkst\u00e4tten der verschiedensten Bahnunternehmen Europaweit ausgeliefert und installiert. Einsatzfelder sind unter anderem die Drehgestellvermessung, Wagenkastenvermessung, Triebfahrzeugvermessung und Untergestellvermessung.  <\/p>\n<div class=\"wp-block-image\">\n<figure class=\"alignleft\"><a href=\"https:\/\/www.glm-laser.com\/glm\/wp-content\/uploads\/Industrietachymeter.png\" class=\"gallery_colorbox\"><img loading=\"lazy\" decoding=\"async\" width=\"225\" height=\"300\" src=\"https:\/\/www.glm-laser.com\/glm\/wp-content\/uploads\/Industrietachymeter-225x300.png\"  alt=\"Schienfahrzeuge vermessen - Au\u00dfenkontur\" class=\"wp-image-4028\" srcset=\"https:\/\/www.glm-laser.com\/glm\/wp-content\/uploads\/Industrietachymeter-225x300.png 225w, https:\/\/www.glm-laser.com\/glm\/wp-content\/uploads\/Industrietachymeter-768x1024.png 768w, https:\/\/www.glm-laser.com\/glm\/wp-content\/uploads\/Industrietachymeter.png 886w\" sizes=\"(max-width: 225px) 100vw, 225px\" \/><\/a><\/figure>\n<\/div>\n<p>Das Industrietachymeter NET bildet das Herz der 3D-Messsysteme. Die hohe Messgenauigkeit der Instrumente wird durch regelm\u00e4\u00dfige \u00dcberpr\u00fcfung von unabh\u00e4ngigen Kalibrierungsdiensten (z.B.: <a rel=\"noreferrer noopener\" href=\"http:\/\/www.ptb.de\/cms\/\" target=\"_blank\">PTB in Braunschweig<\/a>, <a rel=\"noreferrer noopener\" href=\"http:\/\/www.dmt.de\/\" target=\"_blank\">DMT in Essen<\/a>) garantiert. Hohe Widerstandsf\u00e4higkeit gegen Staub und Feuchte, kabelloser BT Betrieb, integrierte  Zielbeleuchtung, ein sehr schmaler sichtbarer Laserstrahl, welcher zum  Anvisieren und Messen dient und die hohe Mobilit\u00e4t machen die  Instrumente zu einem idealen Pr\u00e4zisionswerkzeug f\u00fcr die heutigen  Bed\u00fcrfnisse der Bahnbranche. Rahmenvermessungen an Dampfloks (<a aria-label=\"HSB -  Harzer Schmalspurbahnen (\u00f6ffnet in neuem Tab)\" rel=\"noreferrer noopener\" href=\"https:\/\/www.hsb-wr.de\/\" target=\"_blank\">HSB &#8211;  Harzer Schmalspurbahnen<\/a>, in Wernigerode &#8211;  Deutschland), Profilvermessungen bei dem <a aria-label=\"TALGO350 (\u00f6ffnet in neuem Tab)\" href=\"https:\/\/de.wikipedia.org\/wiki\/RENFE-Baureihe_102\" target=\"_blank\" rel=\"noreferrer noopener\">TALGO350<\/a>  Hochgeschwindigkeitszug (TALGO\/Siemens in Madrid &#8211; Spanien),  Dieseltriebfahrzeugen (<a aria-label=\" (\u00f6ffnet in neuem Tab)\" rel=\"noreferrer noopener\" href=\"https:\/\/www.vossloh.com\/de\/\" target=\"_blank\">Vossloh<\/a> in Kiel) sowie die messtechnische  Begleitung bei Unfallinstandsetzung verschiedener ICE-Baureihen sind nur wenige Beispiele.<\/p>\n<p>Die Ansteuerung des Instrumentes, sowie die Evaluierung und Dokumentation der Messdaten, wird von eigens entwickelter <a rel=\"noreferrer noopener\" aria-label=\" (\u00f6ffnet in neuem Tab)\" href=\"https:\/\/www.glm-laser.com\/glm\/software\/\" target=\"_blank\">Software<\/a> (<a href=\"https:\/\/www.glm-laser.com\/glm\/software-2\/\"><\/a><a href=\"https:\/\/www.glm-laser.com\/glm\/software-2\/pc-software-2\/3d-vermessung-software\/\" target=\"_blank\" rel=\"noreferrer noopener\" aria-label=\" (\u00f6ffnet in neuem Tab)\">3-DIM PC Basic<\/a>) \u00fcbernommen. Die automatische Auswertung der Messdaten f\u00fchrt zu einem sehr schnellen Arbeitsablauf. <\/p>\n<p>Hier finden Sie weitere Informationen zu den <a aria-label=\" (\u00f6ffnet in neuem Tab)\" href=\"https:\/\/www.glm-laser.com\/glm\/ueber-glm\/3d-messsysteme\/\" target=\"_blank\" rel=\"noreferrer noopener\">3D-Messsystemen<\/a> die bei Schienenfahrzeugen zum Einsatz kommen: <\/p>\n<ul class=\"wp-block-list\">\n<li> <a aria-label=\" (\u00f6ffnet in neuem Tab)\" href=\"https:\/\/www.glm-laser.com\/glm\/3d-messsysteme-branchen\/messsystem-schienenfahrzeuge\/grundlage-der-rahmenvermessung\/\" target=\"_blank\" rel=\"noreferrer noopener\">Grundlage der Rahmenvermessung<\/a><\/li>\n<li> <a aria-label=\" (\u00f6ffnet in neuem Tab)\" href=\"https:\/\/www.glm-laser.com\/glm\/3d-messsysteme-branchen\/messsystem-schienenfahrzeuge\/rahmenvermessung-von-lokomotiven\/\" target=\"_blank\" rel=\"noreferrer noopener\">Rahmenvermessung Lok (Lokomotive)<\/a><\/li>\n<li> <a aria-label=\" (\u00f6ffnet in neuem Tab)\" href=\"https:\/\/www.glm-laser.com\/glm\/3d-messsysteme-branchen\/messsystem-schienenfahrzeuge\/die-vermessung-von-drehgestellen\/\" target=\"_blank\" rel=\"noreferrer noopener\">Vermessung Drehgestell<\/a><\/li>\n<li> <a aria-label=\" (\u00f6ffnet in neuem Tab)\" href=\"https:\/\/www.glm-laser.com\/glm\/3d-messsysteme-branchen\/messsystem-schienenfahrzeuge\/referenzliste-gemessener-schienenfahrzeuge\/\" target=\"_blank\" rel=\"noreferrer noopener\">Rahmenvermessung bei Revision <\/a><\/li>\n<li> <a aria-label=\" (\u00f6ffnet in neuem Tab)\" href=\"https:\/\/www.glm-laser.com\/glm\/3d-messsysteme-branchen\/messsystem-schienenfahrzeuge\/referenzliste-gemessener-schienenfahrzeuge\/\" target=\"_blank\" rel=\"noreferrer noopener\">Referenzliste gemessener Schienenfahrzeuge<\/a><\/li>\n<li> <a aria-label=\" (\u00f6ffnet in neuem Tab)\" href=\"https:\/\/www.glm-laser.com\/glm\/3d-messsysteme-branchen\/messsystem-schienenfahrzeuge\/referenenzliste-gemessener-gleisbaufahrzeuge-referenenzliste-gemessener-gleisbaufahrzeuge\/\" target=\"_blank\" rel=\"noreferrer noopener\">Referenzliste gemessener Gleisbaufahrzeuge<\/a><\/li>\n<li><a aria-label=\" (\u00f6ffnet in neuem Tab)\" href=\"https:\/\/www.glm-laser.com\/glm\/3d-messsysteme-branchen\/messsystem-schienenfahrzeuge\/din-27202-10\/\" target=\"_blank\" rel=\"noreferrer noopener\">Vermessung nach DIN 27202-10 <\/a> <\/li>\n<li><a aria-label=\"G1 und G2 Profil (\u00f6ffnet in neuem Tab)\" href=\"https:\/\/www.glm-laser.com\/glm\/3d-messsysteme-branchen\/messsystem-schienenfahrzeuge\/g1-und-g2-profil\/\" target=\"_blank\" rel=\"noreferrer noopener\">G1 und G2 Profil<\/a><\/li>\n<\/ul>\n<div class=\"wp-block-image\">\n<figure class=\"alignleft\"><img loading=\"lazy\" decoding=\"async\" width=\"38\" height=\"42\" src=\"https:\/\/www.glm-laser.com\/glm\/wp-content\/uploads\/pdf-icon.png\" alt=\"Download PDF\" class=\"wp-image-958\"\/><\/figure>\n<\/div>\n<p><a rel=\"noreferrer noopener\" href=\"https:\/\/www.glm-laser.com\/glm\/wp-content\/uploads\/GLM-Branchenbroschuere-Bahn.pdf\" target=\"_blank\"><br \/>Produktbrosch\u00fcre<\/a> <\/p><\/p>\n","protected":false},"excerpt":{"rendered":"<p>Schienenfahrzeuge vermessen mittels 3D Messsystem Die Bandbreite heutiger Schienenfahrzeuge beginnt bei Dampfloks. Geht \u00fcber Gleisbaufahrzeuge bis hin zu Triebfahrzeugen und Hochgeschwindigkeitsz\u00fcgen. Alle diese Schienenfahrzeuge m\u00fcssen eine gemeinsame Anforderung erf\u00fcllen: Exakte Ma\u00dfhaltigkeit Schienenfahrzeuge m\u00fcssen Ma\u00dfe innerhalb vorgegebener Toleranzen aufweisen. (DIN 27202-10: Zustand der Eisenbahnfahrzeuge &#8211; Messen Fahrzeugaufbau). Somit spielen 3D Messsysteme von GLM schon lange eine [&hellip;]<\/p>\n","protected":false},"author":2,"featured_media":0,"parent":15,"menu_order":1,"comment_status":"open","ping_status":"closed","template":"page_submenu.php","meta":{"footnotes":""},"class_list":["post-107","page","type-page","status-publish","hentry"],"_links":{"self":[{"href":"https:\/\/www.glm-laser.com\/glm\/wp-json\/wp\/v2\/pages\/107"}],"collection":[{"href":"https:\/\/www.glm-laser.com\/glm\/wp-json\/wp\/v2\/pages"}],"about":[{"href":"https:\/\/www.glm-laser.com\/glm\/wp-json\/wp\/v2\/types\/page"}],"author":[{"embeddable":true,"href":"https:\/\/www.glm-laser.com\/glm\/wp-json\/wp\/v2\/users\/2"}],"replies":[{"embeddable":true,"href":"https:\/\/www.glm-laser.com\/glm\/wp-json\/wp\/v2\/comments?post=107"}],"version-history":[{"count":53,"href":"https:\/\/www.glm-laser.com\/glm\/wp-json\/wp\/v2\/pages\/107\/revisions"}],"predecessor-version":[{"id":10380,"href":"https:\/\/www.glm-laser.com\/glm\/wp-json\/wp\/v2\/pages\/107\/revisions\/10380"}],"up":[{"embeddable":true,"href":"https:\/\/www.glm-laser.com\/glm\/wp-json\/wp\/v2\/pages\/15"}],"wp:attachment":[{"href":"https:\/\/www.glm-laser.com\/glm\/wp-json\/wp\/v2\/media?parent=107"}],"curies":[{"name":"wp","href":"https:\/\/api.w.org\/{rel}","templated":true}]}}