{"id":1100,"date":"2016-04-18T16:18:41","date_gmt":"2016-04-18T14:18:41","guid":{"rendered":"http:\/\/www.glm-laser.com\/?page_id=1100"},"modified":"2020-11-10T12:02:47","modified_gmt":"2020-11-10T11:02:47","slug":"sokkia-b30","status":"publish","type":"page","link":"https:\/\/www.glm-laser.com\/glm\/optische-vermessungsinstrumente-3\/ingenieurnivelliere\/sokkia-b30\/","title":{"rendered":"Sokkia B30"},"content":{"rendered":"<h1>Automatisches Ingenieurnivellier B30 von Sokkia<\/h1>\n<p class=\"section\"><img loading=\"lazy\" decoding=\"async\" class=\"alignright wp-image-1101 size-full\" title=\"Sokkia B30\" src=\"https:\/\/www.glm-laser.com\/glm\/wp-content\/uploads\/sokkia-b30-praezisionsnivellier.png\" alt=\"Sokkia B30\" width=\"199\" height=\"133\" \/><br \/>\nDas automatische Ingenieurnivellier B30 ist mit Pr\u00e4zisionskompensatoren ausgestattet, deren magnetische D\u00e4mpfung f\u00fcr besonders genaue und zuverl\u00e4ssige Messungen sorgt.<\/p>\n<div align=\"justify\"><\/div>\n<div align=\"justify\"><\/div>\n<p class=\"section\">Durch den hohen Schutzgrad gegen Feuchtigkeit (<a href=\"https:\/\/www.glm-laser.com\/glm\/instrumente\/ip-schutzartbezeichnung\/\">IPX6<\/a>) ist das Nivellier Ideal f\u00fcr Ingenieuraufgaben im Freien.GLM Laserme\u00dftechnik bietet Ihnen einen <a href=\"https:\/\/www.glm-laser.com\/glm\/leistungen\/ganzheitliche-loesungen\/\">Rundum-Service<\/a>\u00a0(Inspektion,\u00a0Reparatur, Verkauf und Beratung)\u00a0f\u00fcr das B30 an.<\/p>\n<h3 align=\"justify\"><strong>Auszug aus den technischen Daten des B30:<\/strong><\/h3>\n<ul>\n<li>Vergr\u00f6\u00dferung 28x<\/li>\n<li>K\u00fcrzeste Zielweite 0,3m<\/li>\n<li>Sichtfeld 1\u00b025`(auf 100m 2,5m)<\/li>\n<li>Ablesung auf 1 gon oder grad<\/li>\n<li>H\u00f6hengenauigkeit Standardabweichung auf 1km Doppelnivellement; 1,5mm<\/li>\n<\/ul>\n<div align=\"left\">\n<h3><strong>Optionales Zubeh\u00f6r:<\/strong><\/h3>\n<ul>\n<li>DE22 Rechtwinkel bzw. Steilsichtokular<\/li>\n<\/ul>\n<p>Bei Fragen rufen Sie bitte an oder senden uns eine E-Mail.<\/p>\n<p style=\"text-align: center;\"><a href=\"https:\/\/www.glm-laser.com\/glm\/optische-vermessungsinstrumente-3\/ingenieurnivelliere\/sokkia-b20\/\">Pr\u00e4zisionsnivellier B20<\/a>\u00a0&#8211;\u00a0<a href=\"https:\/\/www.glm-laser.com\/glm\/optische-vermessungsinstrumente-3\/ingenieurnivelliere\/sokkia-b30\/\">Ingenieurnivellier B30<\/a>\u00a0&#8211;\u00a0<a href=\"https:\/\/www.glm-laser.com\/glm\/optische-vermessungsinstrumente-3\/ingenieurnivelliere\/sokkia-b40\/\">Nivellier B40<\/a><\/p>\n<div class=\"section\">\n<div class=\"section\"><img loading=\"lazy\" decoding=\"async\" class=\"alignleft size-full wp-image-958\" src=\"https:\/\/www.glm-laser.com\/glm\/wp-content\/uploads\/pdf-icon.png\" alt=\"Download PDF\" width=\"38\" height=\"42\" \/><\/div>\n<div class=\"section\"><a href=\"https:\/\/www.glm-laser.com\/glm\/wp-content\/uploads\/prospekt_sokkia_b20.pdf\" target=\"_blank\" rel=\"noopener noreferrer\"><br \/>\nProspekt Sokkia B20 (233 kB)<\/a><\/div>\n<\/div>\n<\/div>\n","protected":false},"excerpt":{"rendered":"<p>Automatisches Ingenieurnivellier B30 von Sokkia Das automatische Ingenieurnivellier B30 ist mit Pr\u00e4zisionskompensatoren ausgestattet, deren magnetische D\u00e4mpfung f\u00fcr besonders genaue und zuverl\u00e4ssige Messungen sorgt. Durch den hohen Schutzgrad gegen Feuchtigkeit (IPX6) ist das Nivellier Ideal f\u00fcr Ingenieuraufgaben im Freien.GLM Laserme\u00dftechnik bietet Ihnen einen Rundum-Service\u00a0(Inspektion,\u00a0Reparatur, Verkauf und Beratung)\u00a0f\u00fcr das B30 an. Auszug aus den technischen Daten des [&hellip;]<\/p>\n","protected":false},"author":1,"featured_media":0,"parent":739,"menu_order":8,"comment_status":"closed","ping_status":"closed","template":"page_submenu.php","meta":{"footnotes":""},"class_list":["post-1100","page","type-page","status-publish","hentry"],"_links":{"self":[{"href":"https:\/\/www.glm-laser.com\/glm\/wp-json\/wp\/v2\/pages\/1100"}],"collection":[{"href":"https:\/\/www.glm-laser.com\/glm\/wp-json\/wp\/v2\/pages"}],"about":[{"href":"https:\/\/www.glm-laser.com\/glm\/wp-json\/wp\/v2\/types\/page"}],"author":[{"embeddable":true,"href":"https:\/\/www.glm-laser.com\/glm\/wp-json\/wp\/v2\/users\/1"}],"replies":[{"embeddable":true,"href":"https:\/\/www.glm-laser.com\/glm\/wp-json\/wp\/v2\/comments?post=1100"}],"version-history":[{"count":20,"href":"https:\/\/www.glm-laser.com\/glm\/wp-json\/wp\/v2\/pages\/1100\/revisions"}],"predecessor-version":[{"id":9559,"href":"https:\/\/www.glm-laser.com\/glm\/wp-json\/wp\/v2\/pages\/1100\/revisions\/9559"}],"up":[{"embeddable":true,"href":"https:\/\/www.glm-laser.com\/glm\/wp-json\/wp\/v2\/pages\/739"}],"wp:attachment":[{"href":"https:\/\/www.glm-laser.com\/glm\/wp-json\/wp\/v2\/media?parent=1100"}],"curies":[{"name":"wp","href":"https:\/\/api.w.org\/{rel}","templated":true}]}}