{"id":111,"date":"2015-06-12T11:14:30","date_gmt":"2015-06-12T09:14:30","guid":{"rendered":"http:\/\/www.glm-laser.com\/?page_id=111"},"modified":"2025-10-23T17:41:49","modified_gmt":"2025-10-23T15:41:49","slug":"messsystem-fuer-den-anlagenbau","status":"publish","type":"page","link":"https:\/\/www.glm-laser.com\/glm\/3d-messsysteme-branchen\/messsystem-fuer-den-anlagenbau\/","title":{"rendered":"Anlagenbau"},"content":{"rendered":"<h2 class=\"wp-block-heading\">Messsysteme f\u00fcr den Anlagenbau<\/h2>\n<div class=\"wp-block-image\">\n<figure class=\"alignright\"><img loading=\"lazy\" decoding=\"async\" width=\"300\" height=\"148\" src=\"https:\/\/www.glm-laser.com\/glm\/wp-content\/uploads\/vermessung_anlagenbau_1.jpg\" alt=\"vermessung_anlagenbau_1\" class=\"wp-image-1731\"\/><\/figure>\n<\/div>\n<p>Im Anlagenbau nimmt die 3D Vermessung zunehmend eine Schl\u00fcsselrolle ein. Nur der Einsatz von 3D Messsystemen im Anlagenbau garantiert die exakte Montage, pr\u00e4zise Justierung sowie eine effiziente Kontrolle der Geometrie verschiedenster Anlagenelemente im Sub-Millimeterbereich. <\/p>\n<p> GLM ist seit \u00fcber 20 Jahren Lieferant von 3D Messtechnik f\u00fcr den Anlagenbau. Die <a href=\"https:\/\/www.glm-laser.com\/glm\/software\/\">Software<\/a> des <a href=\"https:\/\/www.glm-laser.com\/glm\/ueber-glm\/3d-messsysteme\/\">3D-Messsystems<\/a> wird Hand in Hand mit unseren Kunden weiterentwickelt. Dieser Erfahrungsschatz, gepaart mit pr\u00e4ziser Messtechnik, stellt jede Qualit\u00e4tssicherung zufrieden. <\/p>\n<h3 class=\"wp-block-heading\">Beispiele und Referenzen<\/h3>\n<ul class=\"wp-block-list\">\n<li><a href=\"https:\/\/www.glm-laser.com\/glm\/3d-messsysteme-branchen\/messsystem-fuer-den-anlagenbau\/vermessung-profilschienen\/\">Vermessung und Justierung von Profilschienen<\/a><\/li>\n<li><a href=\"https:\/\/www.glm-laser.com\/glm\/3d-messsysteme-branchen\/maschinenausrichtung\/walzstrasse\/\">Einrichten von Walzstra\u00dfen<\/a><\/li>\n<li>Lochbild Absteckung <\/li>\n<li>Vermessung und Justierung von Papiermaschinen<\/li>\n<li><a aria-label=\" (\u00f6ffnet in neuem Tab)\" href=\"https:\/\/www.glm-laser.com\/glm\/3d-messsysteme-branchen\/maschinenausrichtung\/drehrohroefen\/\" target=\"_blank\" rel=\"noreferrer noopener\">Bestimmen der Drehrohrofengeometrie<\/a><\/li>\n<li>&#8230; <\/li>\n<\/ul>\n<p>Wenn Sie ein Angebot w\u00fcnschen, weitere Fragen haben, rufen Sie einfach an oder schreiben uns eine E-Mail. Wir beraten Sie gerne. <\/p>\n","protected":false},"excerpt":{"rendered":"<p>Messsysteme f\u00fcr den Anlagenbau Im Anlagenbau nimmt die 3D Vermessung zunehmend eine Schl\u00fcsselrolle ein. Nur der Einsatz von 3D Messsystemen im Anlagenbau garantiert die exakte Montage, pr\u00e4zise Justierung sowie eine effiziente Kontrolle der Geometrie verschiedenster Anlagenelemente im Sub-Millimeterbereich. GLM ist seit \u00fcber 20 Jahren Lieferant von 3D Messtechnik f\u00fcr den Anlagenbau. Die Software des 3D-Messsystems [&hellip;]<\/p>\n","protected":false},"author":2,"featured_media":0,"parent":15,"menu_order":3,"comment_status":"open","ping_status":"closed","template":"page_submenu.php","meta":{"footnotes":""},"class_list":["post-111","page","type-page","status-publish","hentry"],"_links":{"self":[{"href":"https:\/\/www.glm-laser.com\/glm\/wp-json\/wp\/v2\/pages\/111"}],"collection":[{"href":"https:\/\/www.glm-laser.com\/glm\/wp-json\/wp\/v2\/pages"}],"about":[{"href":"https:\/\/www.glm-laser.com\/glm\/wp-json\/wp\/v2\/types\/page"}],"author":[{"embeddable":true,"href":"https:\/\/www.glm-laser.com\/glm\/wp-json\/wp\/v2\/users\/2"}],"replies":[{"embeddable":true,"href":"https:\/\/www.glm-laser.com\/glm\/wp-json\/wp\/v2\/comments?post=111"}],"version-history":[{"count":17,"href":"https:\/\/www.glm-laser.com\/glm\/wp-json\/wp\/v2\/pages\/111\/revisions"}],"predecessor-version":[{"id":10375,"href":"https:\/\/www.glm-laser.com\/glm\/wp-json\/wp\/v2\/pages\/111\/revisions\/10375"}],"up":[{"embeddable":true,"href":"https:\/\/www.glm-laser.com\/glm\/wp-json\/wp\/v2\/pages\/15"}],"wp:attachment":[{"href":"https:\/\/www.glm-laser.com\/glm\/wp-json\/wp\/v2\/media?parent=111"}],"curies":[{"name":"wp","href":"https:\/\/api.w.org\/{rel}","templated":true}]}}