{"id":1177,"date":"2016-04-20T10:22:03","date_gmt":"2016-04-20T08:22:03","guid":{"rendered":"http:\/\/www.glm-laser.com\/?page_id=1177"},"modified":"2020-10-22T15:09:31","modified_gmt":"2020-10-22T13:09:31","slug":"sx-103t","status":"publish","type":"page","link":"https:\/\/www.glm-laser.com\/glm\/optische-vermessungsinstrumente-3\/uebersicht\/sokkia-sx-serie\/sx-103t\/","title":{"rendered":"SX-103T"},"content":{"rendered":"<h1>Motorisierte Totalstation SX-103T von Sokkia<\/h1>\n<div class=\"section\">\n<p align=\"justify\"><img loading=\"lazy\" decoding=\"async\" class=\"alignright size-medium wp-image-1160\" src=\"https:\/\/www.glm-laser.com\/glm\/wp-content\/uploads\/sokkia-sx-totalstation-200x300.jpg\" alt=\"sokkia-sx-totalstation\" width=\"200\" height=\"300\" \/><\/p>\n<p>Die motorisierte Totalstation SX-103T aus dem Hause Sokkia wird seit 2012 produziert. GLM Laserme\u00dftechnik bietet ihnen einen\u00a0<a href=\"https:\/\/www.glm-laser.com\/glm\/leistungen\/ganzheitliche-loesungen\/\">Rundum-Service<\/a>\u00a0(Inspektion, Reparatur, Verkauf und Beratung)\u00a0f\u00fcr das SX-103T an.<\/p>\n<p align=\"justify\"><strong>Auszug aus den technischen Daten:<\/strong><\/p>\n<div align=\"justify\">\n<ul>\n<li>Vergr\u00f6\u00dferung\/Aufl\u00f6sung: 30x \/ 2.5&#8243;<\/li>\n<li>Winkelmessgenauigkeit: 3&#8243;<\/li>\n<li>Streckenmessgenauigkeit:\n<ul>\n<li>Reflektorlos: +\/- (2 + 2ppm) mm<\/li>\n<li>Folie:\u00a0 +\/- (2 + 2ppm) mm<\/li>\n<li>Prisma:\u00a0 +\/- (1,5 + 2ppm) mm<\/li>\n<\/ul>\n<\/li>\n<li>Staub- und Wasserschutz: IP65<\/li>\n<li>Winkelgeschwindigkeit: 85\u00b0\/sec<\/li>\n<\/ul>\n<\/div>\n<p align=\"justify\"><strong>Zubeh\u00f6r:<\/strong><\/p>\n<div align=\"justify\">\n<ul>\n<li>Batterie BDC70<\/li>\n<li>Schnelladeger\u00e4t CDC68<\/li>\n<li>Dreifu\u00df WA250<\/li>\n<\/ul>\n<p><strong>Optionales Zubeh\u00f6r:<\/strong><\/p>\n<ul>\n<li>DOC210 Schnittstellenkabel<\/li>\n<li>EDC211 Daten- und Stromversorgungskabel<\/li>\n<\/ul>\n<div class=\"section\">\n<div style=\"text-align: left;\" align=\"center\">Hauptartikel\u00a0&#8211;\u00a0SX-101T\u00a0&#8211;\u00a0SX-105T<\/div>\n<\/div>\n<div align=\"center\">\n<div style=\"text-align: left;\" align=\"center\">\u00a0<img loading=\"lazy\" decoding=\"async\" class=\"alignleft size-full wp-image-958\" src=\"https:\/\/www.glm-laser.com\/glm\/wp-content\/uploads\/pdf-icon.png\" alt=\"Download PDF\" width=\"38\" height=\"42\" \/><\/div>\n<p style=\"text-align: left;\" align=\"center\"><a href=\"https:\/\/www.glm-laser.com\/glm\/wp-content\/uploads\/prospekt_sokkia_sx__en.pdf\" target=\"_blank\" rel=\"noopener noreferrer\"><br \/>\nProspekt Sokkia SX En (5 MB)<\/a><\/p>\n<\/div>\n<\/div>\n<\/div>\n","protected":false},"excerpt":{"rendered":"<p>Motorisierte Totalstation SX-103T von Sokkia Die motorisierte Totalstation SX-103T aus dem Hause Sokkia wird seit 2012 produziert. GLM Laserme\u00dftechnik bietet ihnen einen\u00a0Rundum-Service\u00a0(Inspektion, Reparatur, Verkauf und Beratung)\u00a0f\u00fcr das SX-103T an. Auszug aus den technischen Daten: Vergr\u00f6\u00dferung\/Aufl\u00f6sung: 30x \/ 2.5&#8243; Winkelmessgenauigkeit: 3&#8243; Streckenmessgenauigkeit: Reflektorlos: +\/- (2 + 2ppm) mm Folie:\u00a0 +\/- (2 + 2ppm) mm Prisma:\u00a0 +\/- [&hellip;]<\/p>\n","protected":false},"author":1,"featured_media":0,"parent":727,"menu_order":2,"comment_status":"closed","ping_status":"closed","template":"page_submenu.php","meta":{"footnotes":""},"class_list":["post-1177","page","type-page","status-publish","hentry"],"_links":{"self":[{"href":"https:\/\/www.glm-laser.com\/glm\/wp-json\/wp\/v2\/pages\/1177"}],"collection":[{"href":"https:\/\/www.glm-laser.com\/glm\/wp-json\/wp\/v2\/pages"}],"about":[{"href":"https:\/\/www.glm-laser.com\/glm\/wp-json\/wp\/v2\/types\/page"}],"author":[{"embeddable":true,"href":"https:\/\/www.glm-laser.com\/glm\/wp-json\/wp\/v2\/users\/1"}],"replies":[{"embeddable":true,"href":"https:\/\/www.glm-laser.com\/glm\/wp-json\/wp\/v2\/comments?post=1177"}],"version-history":[{"count":9,"href":"https:\/\/www.glm-laser.com\/glm\/wp-json\/wp\/v2\/pages\/1177\/revisions"}],"predecessor-version":[{"id":7693,"href":"https:\/\/www.glm-laser.com\/glm\/wp-json\/wp\/v2\/pages\/1177\/revisions\/7693"}],"up":[{"embeddable":true,"href":"https:\/\/www.glm-laser.com\/glm\/wp-json\/wp\/v2\/pages\/727"}],"wp:attachment":[{"href":"https:\/\/www.glm-laser.com\/glm\/wp-json\/wp\/v2\/media?parent=1177"}],"curies":[{"name":"wp","href":"https:\/\/api.w.org\/{rel}","templated":true}]}}