{"id":1199,"date":"2016-04-21T11:03:29","date_gmt":"2016-04-21T09:03:29","guid":{"rendered":"http:\/\/www.glm-laser.com\/?page_id=1199"},"modified":"2021-11-08T15:40:37","modified_gmt":"2021-11-08T14:40:37","slug":"dt520-digitaltheodolit","status":"publish","type":"page","link":"https:\/\/www.glm-laser.com\/glm\/optische-vermessungsinstrumente-3\/uebersicht\/theodolite\/dt520-digitaltheodolit\/","title":{"rendered":"DT520 Digitaltheodolit"},"content":{"rendered":"<h1>Der Digitaltheodolit DT520 aus dem Hause Sokkia<\/h1>\n<div class=\"section\">\n<p align=\"justify\"><img loading=\"lazy\" decoding=\"async\" class=\"alignright size-full wp-image-1193\" src=\"https:\/\/www.glm-laser.com\/glm\/wp-content\/uploads\/dt220.gif\" alt=\"Theodolit\" width=\"200\" height=\"200\" \/><br \/>\nDer Digitaltheodolit DT520 aus dem Hause Sokkia wird nicht mehr produziert.\u00a0 Das passende Nachfolgemodell ist der Digitaltheodolit\u00a0DT540. GLM Laserme\u00dftechnik bietet ihnen einen <a href=\"https:\/\/www.glm-laser.com\/glm\/leistungen\/ganzheitliche-loesungen\/\">Rundum-Service<\/a>\u00a0(Inspektion, Reparatur, Verkauf und Beratung) f\u00fcr den DT520 an.<\/p>\n<p align=\"justify\"><strong>Auszug aus den technischen Daten des DT520:<\/strong><\/p>\n<div align=\"justify\">\n<ul>\n<li>Vergr\u00f6\u00dferung\/ Aufl\u00f6sung: 30x \/ 3&#8243;<\/li>\n<li>Winkelmessgenauigkeit: 5&#8243; \/ 1,5mg\/ 0.025mil<\/li>\n<li>Staub- und Wasserschutz: IP66<\/li>\n<\/ul>\n<\/div>\n<p align=\"justify\"><strong>Zubeh\u00f6r:<\/strong><\/p>\n<div align=\"justify\">\n<ul>\n<li>Batterie R14\/C<\/li>\n<li>Steilsichtokular DE25<\/li>\n<li>Stromversorgung BDC55 f\u00fcr ACE, LAP1 und LSE1<\/li>\n<li>Autokollimationsokular ACE5<\/li>\n<li>Sonnenfilter OF1<\/li>\n<li>Laserokular LSE!<\/li>\n<li>Schnittstellenkabel DOC27<\/li>\n<li><a title=\"Kreuzschlitten\" href=\"https:\/\/www.glm-laser.com\/glm\/optische-vermessungsinstrumente-3\/zubehoer-2\/kreuzschlitten\/\">Kreuzschlitten bzw. Kreuztisch<\/a><\/li>\n<\/ul>\n<\/div>\n<p align=\"justify\">W\u00fcnschen Sie weitere Informationen oder m\u00f6chten Sie einen Termin zur\u00a0Inspektion\u00a0vereinbaren? <a href=\"mailto:werkstatt@glm-laser.de\">Dann schreiben Sie uns einfach eine E-Mail.<\/a><\/p>\n<p style=\"text-align: center;\" align=\"justify\">\u00dcbersicht\u00a0&#8211;\u00a0DT220\u00a0&#8211;\u00a0DT520A\u00a0&#8211;\u00a0DT620<\/p>\n<div class=\"rex-cnt-slc-otp\">\n<p><img loading=\"lazy\" decoding=\"async\" class=\"alignleft size-full wp-image-958\" src=\"https:\/\/www.glm-laser.com\/glm\/wp-content\/uploads\/pdf-icon.png\" alt=\"Download PDF\" width=\"38\" height=\"42\" \/><\/p>\n<\/div>\n<p class=\"rex-cnt-slc-otp\"><a href=\"https:\/\/www.glm-laser.com\/glm\/wp-content\/uploads\/dt220_en.pdf\" target=\"_blank\" rel=\"noopener noreferrer\"><br \/>\nDT220 Theodolit (310 kB)<\/a><\/p>\n<\/div>\n","protected":false},"excerpt":{"rendered":"<p>Der Digitaltheodolit DT520 aus dem Hause Sokkia Der Digitaltheodolit DT520 aus dem Hause Sokkia wird nicht mehr produziert.\u00a0 Das passende Nachfolgemodell ist der Digitaltheodolit\u00a0DT540. GLM Laserme\u00dftechnik bietet ihnen einen Rundum-Service\u00a0(Inspektion, Reparatur, Verkauf und Beratung) f\u00fcr den DT520 an. Auszug aus den technischen Daten des DT520: Vergr\u00f6\u00dferung\/ Aufl\u00f6sung: 30x \/ 3&#8243; Winkelmessgenauigkeit: 5&#8243; \/ 1,5mg\/ 0.025mil [&hellip;]<\/p>\n","protected":false},"author":1,"featured_media":0,"parent":819,"menu_order":98,"comment_status":"closed","ping_status":"closed","template":"page_submenu.php","meta":{"footnotes":""},"class_list":["post-1199","page","type-page","status-publish","hentry"],"_links":{"self":[{"href":"https:\/\/www.glm-laser.com\/glm\/wp-json\/wp\/v2\/pages\/1199"}],"collection":[{"href":"https:\/\/www.glm-laser.com\/glm\/wp-json\/wp\/v2\/pages"}],"about":[{"href":"https:\/\/www.glm-laser.com\/glm\/wp-json\/wp\/v2\/types\/page"}],"author":[{"embeddable":true,"href":"https:\/\/www.glm-laser.com\/glm\/wp-json\/wp\/v2\/users\/1"}],"replies":[{"embeddable":true,"href":"https:\/\/www.glm-laser.com\/glm\/wp-json\/wp\/v2\/comments?post=1199"}],"version-history":[{"count":17,"href":"https:\/\/www.glm-laser.com\/glm\/wp-json\/wp\/v2\/pages\/1199\/revisions"}],"predecessor-version":[{"id":10034,"href":"https:\/\/www.glm-laser.com\/glm\/wp-json\/wp\/v2\/pages\/1199\/revisions\/10034"}],"up":[{"embeddable":true,"href":"https:\/\/www.glm-laser.com\/glm\/wp-json\/wp\/v2\/pages\/819"}],"wp:attachment":[{"href":"https:\/\/www.glm-laser.com\/glm\/wp-json\/wp\/v2\/media?parent=1199"}],"curies":[{"name":"wp","href":"https:\/\/api.w.org\/{rel}","templated":true}]}}