{"id":123,"date":"2015-06-12T11:20:56","date_gmt":"2015-06-12T09:20:56","guid":{"rendered":"http:\/\/www.glm-laser.com\/?page_id=123"},"modified":"2020-10-22T08:37:45","modified_gmt":"2020-10-22T06:37:45","slug":"wind","status":"publish","type":"page","link":"https:\/\/www.glm-laser.com\/glm\/3d-messsysteme-branchen\/wind\/","title":{"rendered":"Windkraftindustrie"},"content":{"rendered":"<h1 class=\"wp-block-heading\">Windkraftindustrie<\/h1>\n<h1 class=\"wp-block-heading\">3D Vermessung von Windkraftanlagen<\/h1>\n<div class=\"wp-block-image\">\n<figure class=\"alignright\"><img loading=\"lazy\" decoding=\"async\" width=\"238\" height=\"300\" src=\"https:\/\/www.glm-laser.com\/glm\/wp-content\/uploads\/vermessung_windkraftanlage-238x300.jpg\" alt=\"vermessung_windkraftanlage\" class=\"wp-image-1780\" srcset=\"https:\/\/www.glm-laser.com\/glm\/wp-content\/uploads\/vermessung_windkraftanlage-238x300.jpg 238w, https:\/\/www.glm-laser.com\/glm\/wp-content\/uploads\/vermessung_windkraftanlage.jpg 768w\" sizes=\"(max-width: 238px) 100vw, 238px\" \/><\/figure>\n<\/div>\n<p>Aufgrund der steigenden Nachfrage nach erneuerbaren Energien entwickelt sich die Windkraftindustrie rasanter als je zuvor. GLM reagiert auf die rasch steigende Nachfrage nach Windkraftanlagen und bietet L\u00f6sungen f\u00fcr hochgenaue Rundheitsmessungen und Toleranzkontrollen an. Die Messungen w\u00e4hrend der Anlagenherstellung garantieren eine makellose Passgenauigkeit der Einzelteile; innerhalb des Produktionsprozesses ebenso wie bei der Endmontage am Aufstellungsort. Nach der Fertigstellung der Anlagen l\u00e4sst sich der Aufbau mit den <a href=\"https:\/\/www.glm-laser.com\/glm\/ueber-glm\/3d-messsysteme\/\">3D Messsytemen<\/a> bez\u00fcglich der Geometrie und Lotrechtheit exakt \u00fcberwachen.<\/p>\n<p><strong>Windkraftanalagen<\/strong><\/p>\n<ul class=\"wp-block-list\">\n<li>Rundheitsmessung von Flanschen<\/li>\n<li>Geometrie von Turmsektionen<\/li>\n<li><a href=\"https:\/\/www.glm-laser.com\/glm\/3d-messsysteme-branchen\/wind\/3d-rundheitsmessung\/\">Rundheit von T\u00fcrmen<\/a><\/li>\n<li>Montage von T\u00fcrmen\/Masten<\/li>\n<li>Automatisches abstecken von Bohrbildern auf den Rotorbl\u00e4ttern<\/li>\n<li>Kontrolle w\u00e4hrend der Herstellung\n<ul>\n<li><a href=\"https:\/\/www.glm-laser.com\/glm\/3d-messsysteme-branchen\/wind\/gleitschalung-fuer-die-tuerme\/\">Konzentrizit\u00e4tsanalyse von Gleitschalungen (Stahlschalung)<\/a><\/li>\n<li><a href=\"https:\/\/www.glm-laser.com\/glm\/3d-messsysteme-branchen\/wind\/3d-vermessung-rotorblatt-qs\/\">Qualit\u00e4tssicherung durch 3D-Vermessung von Rotorbl\u00e4ttern<\/a><\/li>\n<li><a href=\"https:\/\/www.glm-laser.com\/glm\/3d-messsysteme-branchen\/wind\/rundheitsanalyse\/\">Rundheitsanalyse<\/a> <\/li>\n<\/ul>\n<\/li>\n<li>Vermessung w\u00e4hrend der Bauphase \/ Montagebegleitung<\/li>\n<\/ul>\n","protected":false},"excerpt":{"rendered":"<p>Windkraftindustrie 3D Vermessung von Windkraftanlagen Aufgrund der steigenden Nachfrage nach erneuerbaren Energien entwickelt sich die Windkraftindustrie rasanter als je zuvor. GLM reagiert auf die rasch steigende Nachfrage nach Windkraftanlagen und bietet L\u00f6sungen f\u00fcr hochgenaue Rundheitsmessungen und Toleranzkontrollen an. Die Messungen w\u00e4hrend der Anlagenherstellung garantieren eine makellose Passgenauigkeit der Einzelteile; innerhalb des Produktionsprozesses ebenso wie bei [&hellip;]<\/p>\n","protected":false},"author":1,"featured_media":0,"parent":15,"menu_order":9,"comment_status":"open","ping_status":"open","template":"page_submenu.php","meta":{"footnotes":""},"class_list":["post-123","page","type-page","status-publish","hentry"],"_links":{"self":[{"href":"https:\/\/www.glm-laser.com\/glm\/wp-json\/wp\/v2\/pages\/123"}],"collection":[{"href":"https:\/\/www.glm-laser.com\/glm\/wp-json\/wp\/v2\/pages"}],"about":[{"href":"https:\/\/www.glm-laser.com\/glm\/wp-json\/wp\/v2\/types\/page"}],"author":[{"embeddable":true,"href":"https:\/\/www.glm-laser.com\/glm\/wp-json\/wp\/v2\/users\/1"}],"replies":[{"embeddable":true,"href":"https:\/\/www.glm-laser.com\/glm\/wp-json\/wp\/v2\/comments?post=123"}],"version-history":[{"count":13,"href":"https:\/\/www.glm-laser.com\/glm\/wp-json\/wp\/v2\/pages\/123\/revisions"}],"predecessor-version":[{"id":7066,"href":"https:\/\/www.glm-laser.com\/glm\/wp-json\/wp\/v2\/pages\/123\/revisions\/7066"}],"up":[{"embeddable":true,"href":"https:\/\/www.glm-laser.com\/glm\/wp-json\/wp\/v2\/pages\/15"}],"wp:attachment":[{"href":"https:\/\/www.glm-laser.com\/glm\/wp-json\/wp\/v2\/media?parent=123"}],"curies":[{"name":"wp","href":"https:\/\/api.w.org\/{rel}","templated":true}]}}