{"id":125,"date":"2015-06-12T11:21:47","date_gmt":"2015-06-12T09:21:47","guid":{"rendered":"http:\/\/www.glm-laser.com\/?page_id=125"},"modified":"2025-10-23T17:45:00","modified_gmt":"2025-10-23T15:45:00","slug":"3d-vermessung-industriemontage","status":"publish","type":"page","link":"https:\/\/www.glm-laser.com\/glm\/3d-messsysteme-branchen\/3d-vermessung-industriemontage\/","title":{"rendered":"Maschinenmontage"},"content":{"rendered":"<h1 class=\"wp-block-heading\">Maschinenmontage<\/h1>\n<h1 class=\"wp-block-heading\">3D Messtechnik begleitet Maschinenmontage<\/h1>\n<p>Vor der  Roboter- und Maschinenmontage muss&nbsp; das Fundament vorbereitet werden &#8211; das <em>Lochbild<\/em> muss gesetzt werden. Grundlage ist ein Hallenlayout in Form einer <a rel=\"noreferrer noopener\" aria-label=\"CAD Datei (\u00f6ffnet in neuem Tab)\" href=\"https:\/\/de.wikipedia.org\/wiki\/CAD\" target=\"_blank\">CAD Datei<\/a>. Das <em>Lochbild<\/em> muss aus dem CAD in die \u00d6rtlichkeit \u00fcbertragen werden. Hier kommt ein <a rel=\"noreferrer noopener\" aria-label=\"3D Messsystem (\u00f6ffnet in neuem Tab)\" href=\"https:\/\/www.glm-laser.com\/glm\/ueber-glm\/3d-messsysteme\/\" target=\"_blank\">3D Messsystem<\/a> zu Einsatz.<\/p>\n<p>Unsere Software <a href=\"https:\/\/www.glm-laser.com\/glm\/software-2\/pc-software-2\/3-dim-pt\/\">3-Dim PT<\/a> extrahiert die abzusteckenden Punkte aus der CAD Zeichnung und \u00fcbertr\u00e4gt die Koordinaten an den mobilen Rechner <a href=\"https:\/\/www.glm-laser.com\/glm\/software-2\/poket-pc\/3-dim-observer\/\">3-Dim Observer<\/a> oder auf ein mobiles Tablet mit 3-DIM V5.<\/p>\n<p>Das <a href=\"https:\/\/www.glm-laser.com\/glm\/optische-vermessungsinstrumente-2\/net05ax-ii\/\">Messkopf <\/a>\u00fcbernimmt dann die Visualisierung des Lochbildes am Hallenboden. Je nach Bedarf, als Laserpointer oder mit einem gef\u00fchrten Messkugel. Verschiedene Verfahren stehen zur Verf\u00fcgung:<\/p>\n<ul class=\"wp-block-list\">\n<li>interatives Abstecken markiert mit Laser vollautomatisch die gesuchte x und y Position selbst bei ungenau bestimmter H\u00f6he.\n<\/li>\n<li>Lasertracker mit ergonomischen und effizienten Markierungshilfsmittel f\u00fchrt Sie zur gesuchten x und y Position.<\/li>\n<\/ul>\n<p>Das <a href=\"https:\/\/www.glm-laser.com\/glm\/ueber-glm\/3d-messsysteme\/\" target=\"_blank\" rel=\"noreferrer noopener\" aria-label=\"3D Messsystem (\u00f6ffnet in neuem Tab)\">3D Messsystem<\/a> zeichnet sich aus durch<\/p>\n<ul class=\"wp-block-list\">\n<li>Hohe Mobilit\u00e4t: Batteriebetrieben, kabellos, bis \u00fcber 100m Funkreichweite<\/li>\n<li>Widerstandsf\u00e4hig: IP67 Schutz gegen Staub und Wasser.<\/li>\n<li>Fernbedient: Der Handrechner liefert die Daten da wo Sie sie brauchen.<\/li>\n<\/ul>\n","protected":false},"excerpt":{"rendered":"<p>Maschinenmontage 3D Messtechnik begleitet Maschinenmontage Vor der Roboter- und Maschinenmontage muss&nbsp; das Fundament vorbereitet werden &#8211; das Lochbild muss gesetzt werden. Grundlage ist ein Hallenlayout in Form einer CAD Datei. Das Lochbild muss aus dem CAD in die \u00d6rtlichkeit \u00fcbertragen werden. Hier kommt ein 3D Messsystem zu Einsatz. Unsere Software 3-Dim PT extrahiert die abzusteckenden [&hellip;]<\/p>\n","protected":false},"author":1,"featured_media":0,"parent":15,"menu_order":8,"comment_status":"open","ping_status":"closed","template":"page_submenu.php","meta":{"footnotes":""},"class_list":["post-125","page","type-page","status-publish","hentry"],"_links":{"self":[{"href":"https:\/\/www.glm-laser.com\/glm\/wp-json\/wp\/v2\/pages\/125"}],"collection":[{"href":"https:\/\/www.glm-laser.com\/glm\/wp-json\/wp\/v2\/pages"}],"about":[{"href":"https:\/\/www.glm-laser.com\/glm\/wp-json\/wp\/v2\/types\/page"}],"author":[{"embeddable":true,"href":"https:\/\/www.glm-laser.com\/glm\/wp-json\/wp\/v2\/users\/1"}],"replies":[{"embeddable":true,"href":"https:\/\/www.glm-laser.com\/glm\/wp-json\/wp\/v2\/comments?post=125"}],"version-history":[{"count":16,"href":"https:\/\/www.glm-laser.com\/glm\/wp-json\/wp\/v2\/pages\/125\/revisions"}],"predecessor-version":[{"id":10395,"href":"https:\/\/www.glm-laser.com\/glm\/wp-json\/wp\/v2\/pages\/125\/revisions\/10395"}],"up":[{"embeddable":true,"href":"https:\/\/www.glm-laser.com\/glm\/wp-json\/wp\/v2\/pages\/15"}],"wp:attachment":[{"href":"https:\/\/www.glm-laser.com\/glm\/wp-json\/wp\/v2\/media?parent=125"}],"curies":[{"name":"wp","href":"https:\/\/api.w.org\/{rel}","templated":true}]}}