{"id":1258,"date":"2016-04-22T16:43:17","date_gmt":"2016-04-22T14:43:17","guid":{"rendered":"http:\/\/www.glm-laser.com\/?page_id=1258"},"modified":"2020-10-26T14:42:33","modified_gmt":"2020-10-26T13:42:33","slug":"tachymeter-instrument-winkel-streckenmessung","status":"publish","type":"page","link":"https:\/\/www.glm-laser.com\/glm\/optische-vermessungsinstrumente-3\/uebersicht\/theodolite\/tachymeter-instrument-winkel-streckenmessung\/","title":{"rendered":"Tachymeter"},"content":{"rendered":"<h1>Das Tachymeter<\/h1>\n<div class=\"section\">\n<p align=\"justify\"><img loading=\"lazy\" decoding=\"async\" class=\"alignright size-full wp-image-1259\" src=\"https:\/\/www.glm-laser.com\/glm\/wp-content\/uploads\/tachymeter.jpg\" alt=\"Winkel- und Streckenmessung\" width=\"199\" height=\"315\" srcset=\"https:\/\/www.glm-laser.com\/glm\/wp-content\/uploads\/tachymeter.jpg 199w, https:\/\/www.glm-laser.com\/glm\/wp-content\/uploads\/tachymeter-190x300.jpg 190w\" sizes=\"(max-width: 199px) 100vw, 199px\" \/><br \/>\nEin Tachymeter ist ein\u00a0Theodolit\u00a0mit integrierter Streckenmessung. Das Tachymeter wird auch als Totalstation bezeichnet. In den 1980ern\u00a0wurden Theodolite mit einem Strecken-Mess-Aufsatz zu Tachymetern erweitert.\u00a0Im Laufe\u00a0der 90&#8217;er\u00a0wurde diese Technik\u00a0in nahezu\u00a0allen Ger\u00e4ten serienm\u00e4\u00dfig integriert.\u00a0Bis Ende der 80&#8217;er\u00a0mussten die Messergebnisse (Vertikal- und Horizontalwinkel sowie Schr\u00e4gstrecke) von Hand notiert werden.\u00a0Heutzutage k\u00f6nnen \u00a0diese Rohdaten gespeichert und zu 3D-Koordinaten (x, y, z) weiterverarbeitet werden, die Datens\u00e4tze k\u00f6nnen\u00a0direkt mit einem digitalen Modell abgeglichen werden.<\/p>\n<p align=\"justify\">Durch<\/p>\n<ul>\n<li>automatische Anzielung auf\u00a0SMR, Prismen und\u00a0Folie<\/li>\n<li>Zielverfolgung<\/li>\n<li>hohe Distanzmessgenauigkeit<\/li>\n<li>hohe Reichweite bei reflektorloser Messung<\/li>\n<\/ul>\n<div align=\"justify\"><\/div>\n<p>kann die heutige Generation von Sokkia Tachymetern z.B. auch Aufgaben eines Lasertrackers und eines Laserscanners \u00fcbernehmen.<\/p>\n<p>Bei Streckenmessungen wird zwischen der Technologie der Messung unterschieden (Impulsverfahren und Phasenvergleichsverfahren). Alle Tachymeter aus dem Hause Sokkia arbeiten mit dem Phasenvergleichsverfahren.<\/p>\n<p>Es k\u00f6nnen unterschiedliche Zielmittel verwendet werden:<\/p>\n<ul>\n<li>Prisma (Spiegel,\u00a0SMR),<\/li>\n<li>Reflektorfolie,<\/li>\n<li>Reflektorlos.<\/li>\n<\/ul>\n<p align=\"justify\">Die\u00a0<a title=\"Software Industrievermessung\" href=\"https:\/\/www.glm-laser.com\/glm\/software\/\">Software<\/a>, welche das Tachymeter ansteuert, gewinnt zunehmend an Bedeutung. Viele Fachleute vertreten inzwischen die Meinung, dass \u201eOhne ausreichende Software im digitalen Feldbuch oder am Instrument ein wirtschaftliches und effektives Arbeiten nicht mehr m\u00f6glich sei&#8220;.<\/p>\n<\/div>\n","protected":false},"excerpt":{"rendered":"<p>Das Tachymeter Ein Tachymeter ist ein\u00a0Theodolit\u00a0mit integrierter Streckenmessung. Das Tachymeter wird auch als Totalstation bezeichnet. In den 1980ern\u00a0wurden Theodolite mit einem Strecken-Mess-Aufsatz zu Tachymetern erweitert.\u00a0Im Laufe\u00a0der 90&#8217;er\u00a0wurde diese Technik\u00a0in nahezu\u00a0allen Ger\u00e4ten serienm\u00e4\u00dfig integriert.\u00a0Bis Ende der 80&#8217;er\u00a0mussten die Messergebnisse (Vertikal- und Horizontalwinkel sowie Schr\u00e4gstrecke) von Hand notiert werden.\u00a0Heutzutage k\u00f6nnen \u00a0diese Rohdaten gespeichert und zu 3D-Koordinaten (x, [&hellip;]<\/p>\n","protected":false},"author":1,"featured_media":0,"parent":819,"menu_order":90,"comment_status":"closed","ping_status":"closed","template":"page_submenu.php","meta":{"footnotes":""},"class_list":["post-1258","page","type-page","status-publish","hentry"],"_links":{"self":[{"href":"https:\/\/www.glm-laser.com\/glm\/wp-json\/wp\/v2\/pages\/1258"}],"collection":[{"href":"https:\/\/www.glm-laser.com\/glm\/wp-json\/wp\/v2\/pages"}],"about":[{"href":"https:\/\/www.glm-laser.com\/glm\/wp-json\/wp\/v2\/types\/page"}],"author":[{"embeddable":true,"href":"https:\/\/www.glm-laser.com\/glm\/wp-json\/wp\/v2\/users\/1"}],"replies":[{"embeddable":true,"href":"https:\/\/www.glm-laser.com\/glm\/wp-json\/wp\/v2\/comments?post=1258"}],"version-history":[{"count":4,"href":"https:\/\/www.glm-laser.com\/glm\/wp-json\/wp\/v2\/pages\/1258\/revisions"}],"predecessor-version":[{"id":8708,"href":"https:\/\/www.glm-laser.com\/glm\/wp-json\/wp\/v2\/pages\/1258\/revisions\/8708"}],"up":[{"embeddable":true,"href":"https:\/\/www.glm-laser.com\/glm\/wp-json\/wp\/v2\/pages\/819"}],"wp:attachment":[{"href":"https:\/\/www.glm-laser.com\/glm\/wp-json\/wp\/v2\/media?parent=1258"}],"curies":[{"name":"wp","href":"https:\/\/api.w.org\/{rel}","templated":true}]}}