{"id":127,"date":"2015-06-12T11:22:35","date_gmt":"2015-06-12T09:22:35","guid":{"rendered":"http:\/\/www.glm-laser.com\/?page_id=127"},"modified":"2020-10-19T12:50:48","modified_gmt":"2020-10-19T10:50:48","slug":"maschinenausrichtung","status":"publish","type":"page","link":"https:\/\/www.glm-laser.com\/glm\/3d-messsysteme-branchen\/maschinenausrichtung\/","title":{"rendered":"Maschinenausrichtung"},"content":{"rendered":"<h1 class=\"wp-block-heading\">Maschinenausrichtung<\/h1>\n<div class=\"wp-block-image\">\n<figure class=\"alignright is-resized\"><img loading=\"lazy\" decoding=\"async\" src=\"https:\/\/www.glm-laser.com\/glm\/wp-content\/uploads\/maschinenausrichtung-lasermesstechnik.png\" alt=\"maschinenausrichtung-lasermesstechnik\" class=\"wp-image-69\" width=\"102\" height=\"101\" srcset=\"https:\/\/www.glm-laser.com\/glm\/wp-content\/uploads\/maschinenausrichtung-lasermesstechnik.png 200w, https:\/\/www.glm-laser.com\/glm\/wp-content\/uploads\/maschinenausrichtung-lasermesstechnik-150x150.png 150w\" sizes=\"(max-width: 102px) 100vw, 102px\" \/><\/figure>\n<\/div>\n<p>Eine perfekte Ausrichtung der einzelnen Maschinenelemente ist in der Praxis nur sehr schwer zu erreichen. Fehlausrichtungen sowie Winkel- und Parallelverschiebungen sind daher h\u00e4ufig anzutreffen. Eine pr\u00e4zise Ausrichtung einzelner Systemkomponenten ist jedoch entscheidend, da sie einerseits die Energieeffizienz erh\u00f6ht und andererseits die MTBF (Mean Time Between Failure) deutlich beeinflusst. Mit unserem 3D-Messsystem k\u00f6nnen Sie dies problemlos und m\u00fchelos durchf\u00fchren.<\/p>\n<p>Anwendungsbereiche sind unter anderem:<\/p>\n<ul class=\"wp-block-list\">\n<li><a href=\"https:\/\/www.glm-laser.com\/glm\/3d-messsysteme-branchen\/maschinenausrichtung\/vermessung-von-papiermaschinen\/\">Vermessung von Papiermaschinen<\/a><\/li>\n<li><a href=\"https:\/\/www.glm-laser.com\/glm\/3d-messsysteme-branchen\/maschinenausrichtung\/drehrohroefen\">Drehrohrofen<\/a><\/li>\n<li><a href=\"https:\/\/www.glm-laser.com\/glm\/3d-messsysteme-branchen\/maschinenausrichtung\/walzstrasse\/\">Walzstra\u00dfe<\/a><\/li>\n<\/ul>\n<p><strong>Vorteile im Vergleich zu Theodoliten:<\/strong><\/p>\n<ul class=\"wp-block-list\">\n<li>Ein bekannter Instrumentenstandort ist nicht erforderlich. Definition des Instrumentenstandortes mit nur zwei bekannten Messpunkten kann vor Ort erfolgen<\/li>\n<li>Die Messungen werden durch den Handeheld mit <a href=\"https:\/\/www.glm-laser.com\/glm\/software-2\/poket-pc\/3-dim-observer\/\">3-DIM Observer<\/a> aufgezeichnet. Die Datennachbearbeitung in <a href=\"https:\/\/www.glm-laser.com\/glm\/software-2\/pc-software-2\/3d-vermessung-software\/\">3-DIM PC-Basic <\/a>erm\u00f6glicht die Dokumentation der Montagegenauigkeit<\/li>\n<li>Die Ziele k\u00f6nnen mittels Auto-pointing erfasst werden.<\/li>\n<\/ul>\n","protected":false},"excerpt":{"rendered":"<p>Maschinenausrichtung Eine perfekte Ausrichtung der einzelnen Maschinenelemente ist in der Praxis nur sehr schwer zu erreichen. Fehlausrichtungen sowie Winkel- und Parallelverschiebungen sind daher h\u00e4ufig anzutreffen. Eine pr\u00e4zise Ausrichtung einzelner Systemkomponenten ist jedoch entscheidend, da sie einerseits die Energieeffizienz erh\u00f6ht und andererseits die MTBF (Mean Time Between Failure) deutlich beeinflusst. Mit unserem 3D-Messsystem k\u00f6nnen Sie dies [&hellip;]<\/p>\n","protected":false},"author":1,"featured_media":0,"parent":15,"menu_order":10,"comment_status":"open","ping_status":"closed","template":"page_submenu.php","meta":{"footnotes":""},"class_list":["post-127","page","type-page","status-publish","hentry"],"_links":{"self":[{"href":"https:\/\/www.glm-laser.com\/glm\/wp-json\/wp\/v2\/pages\/127"}],"collection":[{"href":"https:\/\/www.glm-laser.com\/glm\/wp-json\/wp\/v2\/pages"}],"about":[{"href":"https:\/\/www.glm-laser.com\/glm\/wp-json\/wp\/v2\/types\/page"}],"author":[{"embeddable":true,"href":"https:\/\/www.glm-laser.com\/glm\/wp-json\/wp\/v2\/users\/1"}],"replies":[{"embeddable":true,"href":"https:\/\/www.glm-laser.com\/glm\/wp-json\/wp\/v2\/comments?post=127"}],"version-history":[{"count":9,"href":"https:\/\/www.glm-laser.com\/glm\/wp-json\/wp\/v2\/pages\/127\/revisions"}],"predecessor-version":[{"id":6735,"href":"https:\/\/www.glm-laser.com\/glm\/wp-json\/wp\/v2\/pages\/127\/revisions\/6735"}],"up":[{"embeddable":true,"href":"https:\/\/www.glm-laser.com\/glm\/wp-json\/wp\/v2\/pages\/15"}],"wp:attachment":[{"href":"https:\/\/www.glm-laser.com\/glm\/wp-json\/wp\/v2\/media?parent=127"}],"curies":[{"name":"wp","href":"https:\/\/api.w.org\/{rel}","templated":true}]}}