{"id":1354,"date":"2016-04-23T14:29:08","date_gmt":"2016-04-23T12:29:08","guid":{"rendered":"http:\/\/www.glm-laser.com\/?page_id=1354"},"modified":"2022-05-31T17:49:11","modified_gmt":"2022-05-31T15:49:11","slug":"3d-messsysteme","status":"publish","type":"page","link":"https:\/\/www.glm-laser.com\/glm\/ueber-glm\/3d-messsysteme\/","title":{"rendered":"3D Messsysteme"},"content":{"rendered":"<h1>3D Messsysteme aus dem Hause GLM<a href=\"https:\/\/www.glm-laser.com\/glm\/wp-content\/uploads\/3D-Messsystem.png\" class=\"gallery_colorbox\"><img loading=\"lazy\" decoding=\"async\" class=\"3D Messsysteme alignright wp-image-4208 size-medium\" title=\"3D Messsysteme\" src=\"https:\/\/www.glm-laser.com\/glm\/wp-content\/uploads\/3D-Messsystem-300x164.png\"  alt=\"3D Messsysteme\" width=\"300\" height=\"164\" srcset=\"https:\/\/www.glm-laser.com\/glm\/wp-content\/uploads\/3D-Messsystem-300x164.png 300w, https:\/\/www.glm-laser.com\/glm\/wp-content\/uploads\/3D-Messsystem-768x419.png 768w, https:\/\/www.glm-laser.com\/glm\/wp-content\/uploads\/3D-Messsystem-1024x559.png 1024w, https:\/\/www.glm-laser.com\/glm\/wp-content\/uploads\/3D-Messsystem.png 1936w\" sizes=\"(max-width: 300px) 100vw, 300px\" \/><\/a><\/h1>\n<div class=\"section\">\n<p>GLM entwickelt, vertreibt und betreut <a href=\"https:\/\/de.wikipedia.org\/wiki\/Messsystem\" target=\"_blank\" rel=\"noopener noreferrer\">3D Messsysteme<\/a>\u00a0 zur Erfassung gro\u00dfma\u00dfst\u00e4biger Objekte (ab 1 m\u00b3). Ihren Einsatz finden die System unter anderem bei der Rahmenvermessung von <a href=\"https:\/\/www.glm-laser.com\/glm\/3d-messsysteme-branchen\/messsystem-schienenfahrzeuge\/\">Schienenfahrzeugen<\/a>, bei der <a href=\"https:\/\/www.glm-laser.com\/glm\/3d-messsysteme-branchen\/vermessung-von-kranbahnen\/\" target=\"_blank\" rel=\"noopener noreferrer\">Kranbahnvermessung<\/a> oder im <a href=\"https:\/\/www.glm-laser.com\/glm\/3d-messsysteme-branchen\/schiffbau\/\">Schiffbau<\/a>. Erfasst werden Koordinaten (X-Y-Z). Nach Festlegung eines Koordinatensystems werden aus der erfassten Punktwolke verschiedenste Ma\u00dfe abgleitet (Soll &#8211; Ist Vergleich) bzw. es wird ein 3D Objekt modelliert. Weiter erm\u00f6glicht unser 3D Messsystem auch die \u00dcbertragung von Punkten (X-Y-Z) in die \u00d6rtlichkeit. Diese Funktion finden Ihre Anwendung im <a href=\"https:\/\/www.glm-laser.com\/glm\/3d-messsysteme-branchen\/messsystem-fuer-den-anlagenbau\/\">Stahl- und Anlagenbau<\/a>.<\/p>\n<p>Von der Softwareentwicklung bis hin zur Inbetriebnahme des 3D Messsystems, GLM liefert alles aus einer Hand.<\/p>\n<\/div>\n<div class=\"section\">\n<p align=\"justify\">Unsere 3D Messsysteme bestehe im wesentlichen aus drei Komponenten:<\/p>\n<div align=\"justify\">\n<ul>\n<li><a href=\"https:\/\/www.glm-laser.com\/glm\/optische-vermessungsinstrumente-3\/\" target=\"_blank\" rel=\"noopener noreferrer\"><strong>Instrument<\/strong><\/a>\n<ul>\n<li><a title=\"NET05AXII Totalstation Pr\u00e4zision Lasertracker\" href=\"https:\/\/www.glm-laser.com\/glm\/optische-vermessungsinstrumente-2\/net05ax-ii\/\" target=\"_blank\" rel=\"noopener noreferrer\">Messkopf (Laserstation bzw. Tachymeter)<\/a><\/li>\n<\/ul>\n<\/li>\n<li><strong><a title=\"Software Industrievermessung\" href=\"https:\/\/www.glm-laser.com\/glm\/software\/\" target=\"_blank\" rel=\"noopener noreferrer\">Software<\/a><\/strong>\n<ul>\n<li><a title=\"Feldbuch Industrievermessung\" href=\"https:\/\/www.glm-laser.com\/glm\/software-2\/poket-pc\/3-dim-observer\/\" target=\"_blank\" rel=\"noopener noreferrer\">3-DIM Observer<\/a><\/li>\n<li><a title=\"3D-Vermessung Software\" href=\"https:\/\/www.glm-laser.com\/glm\/software-2\/pc-software-2\/3d-vermessung-software\/\" target=\"_blank\" rel=\"noopener noreferrer\">3-DIM PC Basic<\/a><\/li>\n<li><a href=\"https:\/\/www.glm-laser.com\/glm\/software-2\/pc-software-2\/3-dim-pt\/\" target=\"_blank\" rel=\"noopener noreferrer\">3-DIM PT<\/a><\/li>\n<\/ul>\n<\/li>\n<li><strong>Weiteres Zubeh\u00f6r<\/strong>\n<ul>\n<li><a href=\"https:\/\/www.glm-laser.com\/glm\/optische-vermessungsinstrumente-3\/handrechner\/tablet\/\" target=\"_blank\" rel=\"noopener noreferrer\">Tablet<\/a> bzw. <a href=\"https:\/\/www.glm-laser.com\/glm\/optische-vermessungsinstrumente-3\/handrechner\/archer2-feldrechner\/\" target=\"_blank\" rel=\"noopener noreferrer\">Pocket PC<\/a><\/li>\n<li><a title=\"SMR Kugelreflektor\" href=\"https:\/\/www.glm-laser.com\/glm\/optische-vermessungsinstrumente-3\/zubehoer-2\/zielmittel\/\" target=\"_blank\" rel=\"noopener noreferrer\">Zielmittel<\/a><\/li>\n<li><a href=\"https:\/\/www.glm-laser.com\/glm\/optische-vermessungsinstrumente-3\/zubehoer-2\/stative\/\" target=\"_blank\" rel=\"noopener noreferrer\">Stative<\/a><\/li>\n<\/ul>\n<\/li>\n<\/ul>\n<p>Die jeweilige Systemkonfiguration h\u00e4ngt wesentlich vom Einsatzgebiet ab. Jedes 3D Messsystem wird auf die erforderlichen Aufgabenstellungen hin konzipiert. Dies erfolgt in enger Zusammenarbeit mit dem Kunden. Das 3D Messsystem kann auf neue Messaufgaben hin schnell und unkompliziert erweitert werden.<\/p>\n<p>Haben Sie Fragen zu den Anwendungsm\u00f6glichkeiten der beschriebenen 3D Messsysteme. Kontaktieren Sie uns, wir beraten Sie gerne.<\/p>\n<\/div>\n<\/div>\n","protected":false},"excerpt":{"rendered":"<p>3D Messsysteme aus dem Hause GLM GLM entwickelt, vertreibt und betreut 3D Messsysteme\u00a0 zur Erfassung gro\u00dfma\u00dfst\u00e4biger Objekte (ab 1 m\u00b3). Ihren Einsatz finden die System unter anderem bei der Rahmenvermessung von Schienenfahrzeugen, bei der Kranbahnvermessung oder im Schiffbau. Erfasst werden Koordinaten (X-Y-Z). Nach Festlegung eines Koordinatensystems werden aus der erfassten Punktwolke verschiedenste Ma\u00dfe abgleitet (Soll [&hellip;]<\/p>\n","protected":false},"author":2,"featured_media":0,"parent":30,"menu_order":2,"comment_status":"closed","ping_status":"closed","template":"page_submenu.php","meta":{"footnotes":""},"class_list":["post-1354","page","type-page","status-publish","hentry"],"_links":{"self":[{"href":"https:\/\/www.glm-laser.com\/glm\/wp-json\/wp\/v2\/pages\/1354"}],"collection":[{"href":"https:\/\/www.glm-laser.com\/glm\/wp-json\/wp\/v2\/pages"}],"about":[{"href":"https:\/\/www.glm-laser.com\/glm\/wp-json\/wp\/v2\/types\/page"}],"author":[{"embeddable":true,"href":"https:\/\/www.glm-laser.com\/glm\/wp-json\/wp\/v2\/users\/2"}],"replies":[{"embeddable":true,"href":"https:\/\/www.glm-laser.com\/glm\/wp-json\/wp\/v2\/comments?post=1354"}],"version-history":[{"count":38,"href":"https:\/\/www.glm-laser.com\/glm\/wp-json\/wp\/v2\/pages\/1354\/revisions"}],"predecessor-version":[{"id":10183,"href":"https:\/\/www.glm-laser.com\/glm\/wp-json\/wp\/v2\/pages\/1354\/revisions\/10183"}],"up":[{"embeddable":true,"href":"https:\/\/www.glm-laser.com\/glm\/wp-json\/wp\/v2\/pages\/30"}],"wp:attachment":[{"href":"https:\/\/www.glm-laser.com\/glm\/wp-json\/wp\/v2\/media?parent=1354"}],"curies":[{"name":"wp","href":"https:\/\/api.w.org\/{rel}","templated":true}]}}