{"id":146,"date":"2015-06-12T11:32:08","date_gmt":"2015-06-12T09:32:08","guid":{"rendered":"http:\/\/www.glm-laser.com\/?page_id=146"},"modified":"2022-05-31T17:50:42","modified_gmt":"2022-05-31T15:50:42","slug":"pc-software-2","status":"publish","type":"page","link":"https:\/\/www.glm-laser.com\/glm\/software-2\/pc-software-2\/","title":{"rendered":"PC-Software"},"content":{"rendered":"<h1><a href=\"https:\/\/www.glm-laser.com\/glm\/wp-content\/uploads\/Software-Industrievermessung.png\" class=\"gallery_colorbox\"><img loading=\"lazy\" decoding=\"async\" class=\"3D Messsystem Messen nach VPI 02 alignright wp-image-4131 size-medium\" title=\"Software Industrievermessung 3-DIM\" src=\"https:\/\/www.glm-laser.com\/glm\/wp-content\/uploads\/Software-Industrievermessung-300x160.png\"  alt=\"Software-Industrievermessung\" width=\"300\" height=\"160\" srcset=\"https:\/\/www.glm-laser.com\/glm\/wp-content\/uploads\/Software-Industrievermessung-300x160.png 300w, https:\/\/www.glm-laser.com\/glm\/wp-content\/uploads\/Software-Industrievermessung-768x409.png 768w, https:\/\/www.glm-laser.com\/glm\/wp-content\/uploads\/Software-Industrievermessung-1024x545.png 1024w, https:\/\/www.glm-laser.com\/glm\/wp-content\/uploads\/Software-Industrievermessung.png 1181w\" sizes=\"(max-width: 300px) 100vw, 300px\" \/><\/a> 3-DIM PC-Basic \u2013 flexibel messen &amp; perfekt visualisieren<\/h1>\n<p><a href=\"https:\/\/www.glm-laser.com\/glm\/software-2\/pc-software-2\/3d-vermessung-software\/\"><strong>3-DIM PC-Basic<\/strong> <\/a>arbeitet Punktbasiert.&nbsp;Die Oberfl\u00e4che bietet verschiedenste Layouts an, unter anderem:<\/p>\n<ul>\n<li>Grafik, \u00e4hnlich der eines&nbsp;g\u00e4ngigen CAD Systems<\/li>\n<li>Punktliste inkl. aller Metadaten (z.B. Soll und Ist Daten und Toleranzen)<\/li>\n<li>Dimensionstabelle, beinhalten alle berechneten Werte inkl. ihrer Metadaten (z.B. Soll und Ist Daten und Toleranzen)<\/li>\n<\/ul>\n<p>Diese Software findet&nbsp;Ihren Einsatz in der Industrievermessung. Hauptanwendung bei Werften im <a href=\"https:\/\/www.glm-laser.com\/glm\/3d-messsysteme-branchen\/schiffbau\/\">Schiffbau<\/a>, in Werkst\u00e4tten f\u00fcr <a href=\"https:\/\/www.glm-laser.com\/glm\/3d-messsysteme-branchen\/messsystem-schienenfahrzeuge\/\">Schienenfahrzeuge<\/a> und in Stahlwerken (z.B. beim <a href=\"https:\/\/www.glm-laser.com\/glm\/3d-messsysteme-branchen\/vermessung-stahlbau\/\">Bau von Br\u00fcckenelementen<\/a>). Sie hat sich mittlerweile als Standard-Werkzeug etabliert. Ihr Einsatz geht \u00fcber die reine Vermessung hinaus. Es f\u00e4llt ihr eine Schl\u00fcsselrolle bei der Qualit\u00e4tssichung zu, da sie den Ablauf der Messung inkl. Ihrer Resultate exakt Dokumentiert.<\/p>\n<p>Weitere bemerkenswerte Merkmale sind:<\/p>\n<ul>\n<li>Schnittstelle zu Excel<\/li>\n<li>Dynamische Auswertung&nbsp;f\u00fcr die Serienvermessung<\/li>\n<li>Marcos zur automatischen Serienvermessung<\/li>\n<\/ul>\n<p>Seit der ersten Version Anfang der 90ziger optimieren wir die Software kontinuierlich und bringen dabei sowohl unsere Erfahrungen als auch Anregungen <a href=\"https:\/\/www.glm-laser.com\/glm\/ueber-glm\/referenzkunden\/\">unserer Kunden<\/a> ein &#8211;&nbsp;fu\u0308r eine bestm\u00f6gliche Praxistauglichkeit.<\/p>\n<h1><a href=\"https:\/\/www.glm-laser.com\/glm\/wp-content\/uploads\/Software-3-DIM-PT.png\" class=\"gallery_colorbox\"><img loading=\"lazy\" decoding=\"async\" class=\"Software-3-DIM-PT alignright wp-image-4143 size-medium\" title=\"Software Industrievermessung 3-DIM\" src=\"https:\/\/www.glm-laser.com\/glm\/wp-content\/uploads\/Software-3-DIM-PT-300x160.png\"  alt=\"Software-Industrievermessung\" width=\"300\" height=\"160\" srcset=\"https:\/\/www.glm-laser.com\/glm\/wp-content\/uploads\/Software-3-DIM-PT-300x160.png 300w, https:\/\/www.glm-laser.com\/glm\/wp-content\/uploads\/Software-3-DIM-PT-768x409.png 768w, https:\/\/www.glm-laser.com\/glm\/wp-content\/uploads\/Software-3-DIM-PT-1024x546.png 1024w, https:\/\/www.glm-laser.com\/glm\/wp-content\/uploads\/Software-3-DIM-PT.png 1364w\" sizes=\"(max-width: 300px) 100vw, 300px\" \/><\/a>3-DIM PT \u2013 3D MessDaten einfach und schnell auswerten<\/h1>\n<p>Die Software <a href=\"https:\/\/www.glm-laser.com\/glm\/software-2\/pc-software-2\/3-dim-pt\/\">3-DIM PT<\/a> beinhaltet eine gro\u00dfe Zahl von Plug-Ins fu\u0308r <a href=\"https:\/\/www.rhino3d.com\/de\/\">Rhinoceros<\/a> (kurz Rhino).&nbsp;Diese Plug-Ins&nbsp;bieten&nbsp;ihnen umfassende M\u00f6glichkeiten zur Erfassung und Auswertung von Messdaten. Messdaten k\u00f6nnen auf verschiedene Wege in das Programm eingepflegt werden:<\/p>\n<ul>\n<li>Sie steuern den Messkopf (z.B. <a href=\"https:\/\/www.glm-laser.com\/glm\/optische-vermessungsinstrumente-2\/net05ax-ii\/\">NET05 AX II<\/a>) direkt \u00fcber ein Plug-In an<\/li>\n<li>Sie lesen Datens\u00e4tze ein (z.B. erfasst mit <a href=\"https:\/\/www.glm-laser.com\/glm\/software-2\/poket-pc\/3-dim-observer\/\">3-DIM Observer<\/a>)<\/li>\n<\/ul>\n<p>Weitere bemerkenswerte Eigenschaften von 3-DIM PT:<\/p>\n<ul>\n<li>Gescannte oder getrackte Daten lassen sich einfach und schnell modellieren<\/li>\n<li>Offsetkorrekturen k\u00f6nnen per Mausklick angebracht werden<\/li>\n<li>Visueller&nbsp;Vergleich&nbsp;komplexe CAD-Modelle mit tats\u00e4chlichen Messdaten<\/li>\n<li>Soll&nbsp;&#8211; Ist Analysen von Messpunkten auf eine Freiformfl\u00e4che lassen sich innerhalb weniger Sekunden durchfu\u0308hren<\/li>\n<li>Schnittstelle zu Excel<\/li>\n<\/ul>\n<p>Dieses Programm findet&nbsp;seinen Einsatz in den verschiedensten Feldern der Industrievermessung. Vom <a href=\"https:\/\/www.glm-laser.com\/glm\/3d-messsysteme-branchen\/monitoring\/\">Deformationsmonitoring<\/a> hin zum Stahl- und <a href=\"https:\/\/www.glm-laser.com\/glm\/3d-messsysteme-branchen\/vermessung-von-kranbahnen\/\">Anlagenbau<\/a>.<\/p>\n<p>Haben Sie Fragen? W\u00fcnschen Sie einen Ortstermin? Rufen Sie einfach an oder senden uns ein E-Mail. Wir beraten Sie gerne.<\/p>\n","protected":false},"excerpt":{"rendered":"<p>3-DIM PC-Basic \u2013 flexibel messen &amp; perfekt visualisieren 3-DIM PC-Basic arbeitet Punktbasiert.&nbsp;Die Oberfl\u00e4che bietet verschiedenste Layouts an, unter anderem: Grafik, \u00e4hnlich der eines&nbsp;g\u00e4ngigen CAD Systems Punktliste inkl. aller Metadaten (z.B. Soll und Ist Daten und Toleranzen) Dimensionstabelle, beinhalten alle berechneten Werte inkl. ihrer Metadaten (z.B. Soll und Ist Daten und Toleranzen) Diese Software findet&nbsp;Ihren Einsatz [&hellip;]<\/p>\n","protected":false},"author":1,"featured_media":0,"parent":28,"menu_order":1,"comment_status":"open","ping_status":"closed","template":"page_submenu.php","meta":{"footnotes":""},"class_list":["post-146","page","type-page","status-publish","hentry"],"_links":{"self":[{"href":"https:\/\/www.glm-laser.com\/glm\/wp-json\/wp\/v2\/pages\/146"}],"collection":[{"href":"https:\/\/www.glm-laser.com\/glm\/wp-json\/wp\/v2\/pages"}],"about":[{"href":"https:\/\/www.glm-laser.com\/glm\/wp-json\/wp\/v2\/types\/page"}],"author":[{"embeddable":true,"href":"https:\/\/www.glm-laser.com\/glm\/wp-json\/wp\/v2\/users\/1"}],"replies":[{"embeddable":true,"href":"https:\/\/www.glm-laser.com\/glm\/wp-json\/wp\/v2\/comments?post=146"}],"version-history":[{"count":29,"href":"https:\/\/www.glm-laser.com\/glm\/wp-json\/wp\/v2\/pages\/146\/revisions"}],"predecessor-version":[{"id":10184,"href":"https:\/\/www.glm-laser.com\/glm\/wp-json\/wp\/v2\/pages\/146\/revisions\/10184"}],"up":[{"embeddable":true,"href":"https:\/\/www.glm-laser.com\/glm\/wp-json\/wp\/v2\/pages\/28"}],"wp:attachment":[{"href":"https:\/\/www.glm-laser.com\/glm\/wp-json\/wp\/v2\/media?parent=146"}],"curies":[{"name":"wp","href":"https:\/\/api.w.org\/{rel}","templated":true}]}}