{"id":1470,"date":"2016-04-27T14:30:37","date_gmt":"2016-04-27T12:30:37","guid":{"rendered":"http:\/\/www.glm-laser.com\/?page_id=1470"},"modified":"2022-05-31T17:45:28","modified_gmt":"2022-05-31T15:45:28","slug":"referenenzliste-gemessener-gleisbaufahrzeuge-referenenzliste-gemessener-gleisbaufahrzeuge","status":"publish","type":"page","link":"https:\/\/www.glm-laser.com\/glm\/3d-messsysteme-branchen\/messsystem-schienenfahrzeuge\/referenenzliste-gemessener-gleisbaufahrzeuge-referenenzliste-gemessener-gleisbaufahrzeuge\/","title":{"rendered":"Referenzliste gemessener Gleisbaufahrzeuge"},"content":{"rendered":"<h2 class=\"wp-block-heading\"><strong>Referenzliste Rahmenvermessung von Gleisbaufahrzeugen <\/strong><\/h2>\n<div class=\"wp-block-image\">\n<figure class=\"alignright\"><img loading=\"lazy\" decoding=\"async\" width=\"300\" height=\"225\" src=\"https:\/\/www.glm-laser.com\/glm\/wp-content\/uploads\/NET05AX-GAF-Hanau-Sep-2015_4-300x225.jpg\" alt=\"Rahmenvermessung von Gleisbaufahrzeugen\" class=\"wp-image-4705\" srcset=\"https:\/\/www.glm-laser.com\/glm\/wp-content\/uploads\/NET05AX-GAF-Hanau-Sep-2015_4-300x225.jpg 300w, https:\/\/www.glm-laser.com\/glm\/wp-content\/uploads\/NET05AX-GAF-Hanau-Sep-2015_4-768x576.jpg 768w, https:\/\/www.glm-laser.com\/glm\/wp-content\/uploads\/NET05AX-GAF-Hanau-Sep-2015_4-1024x768.jpg 1024w\" sizes=\"(max-width: 300px) 100vw, 300px\" \/><\/figure>\n<\/div>\n<p>Die GLM Laserme\u00dftechnik GmbH ist seit 1992 erfolgreich als Systemlieferant und Dienstleister bei der Rahmenvermessung von <a rel=\"noreferrer noopener\" aria-label=\"Gleisbaufahrzeugen (\u00f6ffnet in neuem Tab)\" href=\"https:\/\/de.wikipedia.org\/wiki\/Gleisbaumaschine\" target=\"_blank\">Gleisbaufahrzeugen<\/a> aktiv. Ob bei der schweren Revision, der Instandhaltung, der Einschr\u00e4nkungsvermessung oder der Eingangs- und Ausgangsvermessung nach Unf\u00e4lle; das <a href=\"https:\/\/www.glm-laser.com\/glm\/optical-survey-instruments\/3d-messsysteme\/\" target=\"_blank\" rel=\"noreferrer noopener\" aria-label=\"3D Messsystem (\u00f6ffnet in neuem Tab)\">3D Messsystem<\/a> erf\u00fcllst stets und pr\u00e4zise seine Aufgabe. Einen Auszug von Fahrzeugtypen, f\u00fcr die bereits regelm\u00e4\u00dfig Rahmenvermessungen durchgef\u00fchrt werden folgt.<\/p>\n<ul class=\"wp-block-list\">\n<li>Schwere Nebenfahrzeuge (z.B.: GAF 100)<\/li>\n<li>Gleiskraftanh\u00e4nger (z.B.: H 26)<\/li>\n<li>Gleiswagenanh\u00e4nger (z.B. H27)<\/li>\n<li>Lokomotiven (z.B.: K\u00d6F)<\/li>\n<li>Stopfmaschinen (z.B.: Unimat 45)<\/li>\n<li>Schotterpflug (z.B.: DGS 62 N)<\/li>\n<li>Materialwagen (z.B.: Schreiberme\u00dfwagen zu DGS 62 N)<\/li>\n<li>Motorturmwagen (z.B.: MTW 100)<\/li>\n<li><a href=\"https:\/\/www.glm-laser.com\/glm\/3d-messsysteme-branchen\/messsystem-schienenfahrzeuge\/referenenzliste-gemessener-gleisbaufahrzeuge-referenenzliste-gemessener-gleisbaufahrzeuge\/rahmenvermessung-zweiwegebagger\/\" target=\"_blank\" rel=\"noreferrer noopener\" aria-label=\"Zweiwegebagger (\u00f6ffnet in neuem Tab)\">Zweiwegebagger<\/a> (z.B.: A900 ZW-WB)<\/li>\n<li>Fahrleitungsmaschinen (z.B.: FUM 100)<\/li>\n<li>&#8230; <\/li>\n<\/ul>\n","protected":false},"excerpt":{"rendered":"<p>Referenzliste Rahmenvermessung von Gleisbaufahrzeugen Die GLM Laserme\u00dftechnik GmbH ist seit 1992 erfolgreich als Systemlieferant und Dienstleister bei der Rahmenvermessung von Gleisbaufahrzeugen aktiv. Ob bei der schweren Revision, der Instandhaltung, der Einschr\u00e4nkungsvermessung oder der Eingangs- und Ausgangsvermessung nach Unf\u00e4lle; das 3D Messsystem erf\u00fcllst stets und pr\u00e4zise seine Aufgabe. Einen Auszug von Fahrzeugtypen, f\u00fcr die bereits regelm\u00e4\u00dfig [&hellip;]<\/p>\n","protected":false},"author":2,"featured_media":0,"parent":107,"menu_order":9,"comment_status":"closed","ping_status":"closed","template":"page_submenu.php","meta":{"footnotes":""},"class_list":["post-1470","page","type-page","status-publish","hentry"],"_links":{"self":[{"href":"https:\/\/www.glm-laser.com\/glm\/wp-json\/wp\/v2\/pages\/1470"}],"collection":[{"href":"https:\/\/www.glm-laser.com\/glm\/wp-json\/wp\/v2\/pages"}],"about":[{"href":"https:\/\/www.glm-laser.com\/glm\/wp-json\/wp\/v2\/types\/page"}],"author":[{"embeddable":true,"href":"https:\/\/www.glm-laser.com\/glm\/wp-json\/wp\/v2\/users\/2"}],"replies":[{"embeddable":true,"href":"https:\/\/www.glm-laser.com\/glm\/wp-json\/wp\/v2\/comments?post=1470"}],"version-history":[{"count":9,"href":"https:\/\/www.glm-laser.com\/glm\/wp-json\/wp\/v2\/pages\/1470\/revisions"}],"predecessor-version":[{"id":10180,"href":"https:\/\/www.glm-laser.com\/glm\/wp-json\/wp\/v2\/pages\/1470\/revisions\/10180"}],"up":[{"embeddable":true,"href":"https:\/\/www.glm-laser.com\/glm\/wp-json\/wp\/v2\/pages\/107"}],"wp:attachment":[{"href":"https:\/\/www.glm-laser.com\/glm\/wp-json\/wp\/v2\/media?parent=1470"}],"curies":[{"name":"wp","href":"https:\/\/api.w.org\/{rel}","templated":true}]}}