{"id":1480,"date":"2016-04-27T15:13:31","date_gmt":"2016-04-27T13:13:31","guid":{"rendered":"http:\/\/www.glm-laser.com\/?page_id=1480"},"modified":"2020-10-22T13:03:26","modified_gmt":"2020-10-22T11:03:26","slug":"vermessung-profilschienen","status":"publish","type":"page","link":"https:\/\/www.glm-laser.com\/glm\/3d-messsysteme-branchen\/messsystem-fuer-den-anlagenbau\/vermessung-profilschienen\/","title":{"rendered":"Vermessung Profilschienen"},"content":{"rendered":"<h1>Vermessung und Justierung von Profilschienen<\/h1>\n<p class=\"section\"><img loading=\"lazy\" decoding=\"async\" class=\"alignright size-full wp-image-1736\" src=\"https:\/\/www.glm-laser.com\/glm\/wp-content\/uploads\/vermessung-justierung-profilschienen.jpg\" alt=\"vermessung-justierung-profilschienen\" width=\"199\" height=\"150\" \/>GLM hat die <a title=\"Sokkia NET05AX 2\" href=\"https:\/\/www.glm-laser.com\/glm\/ueber-glm\/3d-messsysteme\/\">3D-Messsysteme<\/a> zur Vermessung und Justierung von Profilschienen gro\u00dfer CNC-Maschinen.Die Profilschienen (auch als F\u00fchrungsschienen bezeichnet) m\u00fcssen in ihrer geometrischen Lage (Parallelit\u00e4t, H\u00f6he usw.) exakt zueinander ausgerichtet sein, denn dies bildet die Grundlage f\u00fcr ein pr\u00e4zises Maschinen-Koordinatensystem. Die 3D-Messtechnik von GLM bietet<\/p>\n<ul>\n<li>Hohe Pr\u00e4zision<\/li>\n<li>Widerstandsf\u00e4higkeit gegen Staub und Feuchte<\/li>\n<li>Hohe Mobilit\u00e4t (batteriebetrieben, kabellos)<\/li>\n<\/ul>\n","protected":false},"excerpt":{"rendered":"<p>Vermessung und Justierung von Profilschienen GLM hat die 3D-Messsysteme zur Vermessung und Justierung von Profilschienen gro\u00dfer CNC-Maschinen.Die Profilschienen (auch als F\u00fchrungsschienen bezeichnet) m\u00fcssen in ihrer geometrischen Lage (Parallelit\u00e4t, H\u00f6he usw.) exakt zueinander ausgerichtet sein, denn dies bildet die Grundlage f\u00fcr ein pr\u00e4zises Maschinen-Koordinatensystem. Die 3D-Messtechnik von GLM bietet Hohe Pr\u00e4zision Widerstandsf\u00e4higkeit gegen Staub und Feuchte [&hellip;]<\/p>\n","protected":false},"author":1,"featured_media":0,"parent":111,"menu_order":1,"comment_status":"closed","ping_status":"closed","template":"page_submenu.php","meta":{"footnotes":""},"class_list":["post-1480","page","type-page","status-publish","hentry"],"_links":{"self":[{"href":"https:\/\/www.glm-laser.com\/glm\/wp-json\/wp\/v2\/pages\/1480"}],"collection":[{"href":"https:\/\/www.glm-laser.com\/glm\/wp-json\/wp\/v2\/pages"}],"about":[{"href":"https:\/\/www.glm-laser.com\/glm\/wp-json\/wp\/v2\/types\/page"}],"author":[{"embeddable":true,"href":"https:\/\/www.glm-laser.com\/glm\/wp-json\/wp\/v2\/users\/1"}],"replies":[{"embeddable":true,"href":"https:\/\/www.glm-laser.com\/glm\/wp-json\/wp\/v2\/comments?post=1480"}],"version-history":[{"count":4,"href":"https:\/\/www.glm-laser.com\/glm\/wp-json\/wp\/v2\/pages\/1480\/revisions"}],"predecessor-version":[{"id":7165,"href":"https:\/\/www.glm-laser.com\/glm\/wp-json\/wp\/v2\/pages\/1480\/revisions\/7165"}],"up":[{"embeddable":true,"href":"https:\/\/www.glm-laser.com\/glm\/wp-json\/wp\/v2\/pages\/111"}],"wp:attachment":[{"href":"https:\/\/www.glm-laser.com\/glm\/wp-json\/wp\/v2\/media?parent=1480"}],"curies":[{"name":"wp","href":"https:\/\/api.w.org\/{rel}","templated":true}]}}