{"id":1482,"date":"2016-04-27T15:14:25","date_gmt":"2016-04-27T13:14:25","guid":{"rendered":"http:\/\/www.glm-laser.com\/?page_id=1482"},"modified":"2025-11-04T10:35:42","modified_gmt":"2025-11-04T09:35:42","slug":"vermessung-stahlbau","status":"publish","type":"page","link":"https:\/\/www.glm-laser.com\/glm\/3d-messsysteme-branchen\/vermessung-stahlbau\/","title":{"rendered":"Stahlbau"},"content":{"rendered":"<h1 class=\"wp-block-heading\">Messsystem f\u00fcr den Stahlbau<\/h1>\n<p>Ob bei der Produktion im Werk oder der Montage auf der Baustelle &#8211; die Ma\u00dfhaltigkeit der gefertigten und zu montierenden Stahlelemente gewinnt mehr und mehr an Bedeutung.<\/p>\n<p>GLM liefert <a href=\"https:\/\/www.glm-laser.com\/glm\/ueber-glm\/3d-messsysteme\/\">3D-Messsysteme<\/a> zur geometrischen 3D-Vermessung und Kontrolle einzelner Stahlelemente.<\/p>\n<p>Typische Einsatzbereiche der 3D-Vermessung im Stahlbau:<\/p>\n<p><strong>Stahlanlagenbau<\/strong><\/p>\n<ul class=\"wp-block-list\">\n<li> Anlegen und Pflege des Festpunktfeldes<\/li>\n<li> Absteckarbeiten\u00a0 <\/li>\n<li> Kontrollvermessungen an Einbauteilen <\/li>\n<li> As-built-Aufnahmen <\/li>\n<li> Setzungsmessungen <\/li>\n<\/ul>\n<p><strong>Br\u00fcckenbau<\/strong><\/p>\n<ul class=\"wp-block-list\">\n<li>Dimensionskontrolle<\/li>\n<li>Vergleich von externen Punkten zu lokalen Punkten einer Sektion, bevor die Sektion zur Baustelle geliefert wird<\/li>\n<\/ul>\n<p><strong>Stahlwasserbau<\/strong><\/p>\n<ul class=\"wp-block-list\">\n<li>Schleusen, Wehranlagen, Schiffshebewerke, Staud\u00e4mme, Wasserkraftanlagen, F\u00e4hranleger und bewegliche Br\u00fccken<\/li>\n<\/ul>\n<p><strong>mechanische Bearbeitung<\/strong><\/p>\n<ul class=\"wp-block-list\">\n<li>\u00a0me\u00dftechnische Begleitung beim Aufspannen und Umspannen auf CNC Bearbeitungsmaschinen<\/li>\n<li>Vermessung vor der CNC Bearbeitung um ausreichend Materialst\u00e4rke auf allen zu bearbeitenden Fl\u00e4chen sicher zu stellen.<\/li>\n<\/ul>\n<p><strong>Stahlbau im allgemeinen<\/strong><\/p>\n<ul class=\"wp-block-list\">\n<li>Montage<\/li>\n<li>Stahltr\u00e4ger<\/li>\n<li>Positionierung<\/li>\n<li><a href=\"https:\/\/www.glm-laser.com\/glm\/3d-messsysteme-branchen\/vermessung-stahlbau\/vermessung-stahlbogen\/\">Stahlbogen<\/a><\/li>\n<li>Montage von Fassadenelementen<\/li>\n<\/ul>\n<p><strong>Rotationsgetriebe (z.B. Antennenmast)<\/strong><\/p>\n<ul class=\"wp-block-list\">\n<li><a href=\"https:\/\/www.glm-laser.com\/glm\/3d-messsysteme-branchen\/wind\/3d-rundheitsmessung\/\">Rundheit <\/a><\/li>\n<li>Thermische Stabilit\u00e4t<\/li>\n<\/ul>\n","protected":false},"excerpt":{"rendered":"<p>Messsystem f\u00fcr den Stahlbau Ob bei der Produktion im Werk oder der Montage auf der Baustelle &#8211; die Ma\u00dfhaltigkeit der gefertigten und zu montierenden Stahlelemente gewinnt mehr und mehr an Bedeutung. GLM liefert 3D-Messsysteme zur geometrischen 3D-Vermessung und Kontrolle einzelner Stahlelemente. Typische Einsatzbereiche der 3D-Vermessung im Stahlbau: Stahlanlagenbau Br\u00fcckenbau Stahlwasserbau mechanische Bearbeitung Stahlbau im allgemeinen [&hellip;]<\/p>\n","protected":false},"author":1,"featured_media":0,"parent":15,"menu_order":4,"comment_status":"closed","ping_status":"closed","template":"page_submenu.php","meta":{"footnotes":""},"class_list":["post-1482","page","type-page","status-publish","hentry"],"_links":{"self":[{"href":"https:\/\/www.glm-laser.com\/glm\/wp-json\/wp\/v2\/pages\/1482"}],"collection":[{"href":"https:\/\/www.glm-laser.com\/glm\/wp-json\/wp\/v2\/pages"}],"about":[{"href":"https:\/\/www.glm-laser.com\/glm\/wp-json\/wp\/v2\/types\/page"}],"author":[{"embeddable":true,"href":"https:\/\/www.glm-laser.com\/glm\/wp-json\/wp\/v2\/users\/1"}],"replies":[{"embeddable":true,"href":"https:\/\/www.glm-laser.com\/glm\/wp-json\/wp\/v2\/comments?post=1482"}],"version-history":[{"count":16,"href":"https:\/\/www.glm-laser.com\/glm\/wp-json\/wp\/v2\/pages\/1482\/revisions"}],"predecessor-version":[{"id":10446,"href":"https:\/\/www.glm-laser.com\/glm\/wp-json\/wp\/v2\/pages\/1482\/revisions\/10446"}],"up":[{"embeddable":true,"href":"https:\/\/www.glm-laser.com\/glm\/wp-json\/wp\/v2\/pages\/15"}],"wp:attachment":[{"href":"https:\/\/www.glm-laser.com\/glm\/wp-json\/wp\/v2\/media?parent=1482"}],"curies":[{"name":"wp","href":"https:\/\/api.w.org\/{rel}","templated":true}]}}