{"id":1484,"date":"2016-04-27T15:16:08","date_gmt":"2016-04-27T13:16:08","guid":{"rendered":"http:\/\/www.glm-laser.com\/?page_id=1484"},"modified":"2025-10-23T17:44:14","modified_gmt":"2025-10-23T15:44:14","slug":"vermessung-stahlbogen","status":"publish","type":"page","link":"https:\/\/www.glm-laser.com\/glm\/3d-messsysteme-branchen\/vermessung-stahlbau\/vermessung-stahlbogen\/","title":{"rendered":"Stahlbogen"},"content":{"rendered":"<h1 class=\"wp-block-heading\">3D-Vermessung: Sektionen eines Stahlbogens <\/h1>\n<p>Bei der Fu\u00dfballweltmeisterschaft 2010 fand das deutsche Er\u00f6ffungsspiel der DFB-Elf gegen Australien in Durban (S\u00fcdafrika) statt.Dieses Stadion wird von einem 350m langen, 65m breiten und 93m hohen Stahlbogen \u00fcberspannt. An diesem ist mit Stahlseilen die Dachkonstruktion aufgeh\u00e4ngt. Dadurch ergab sich f\u00fcr die sp\u00e4tere Montage, eine Genauigkeitsanforderung von 10mm (f\u00fcr jeden Punkt in allen drei Dimensionen) in der Herstellung. <\/p>\n<div class=\"wp-block-image\">\n<figure class=\"alignleft is-resized\"><img loading=\"lazy\" decoding=\"async\" width=\"290\" height=\"355\" src=\"https:\/\/www.glm-laser.com\/glm\/wp-content\/uploads\/Durban-Bild-2.png\" alt=\"Durban Bild 2\" class=\"wp-image-5910\" style=\"width:187px;height:229px\" srcset=\"https:\/\/www.glm-laser.com\/glm\/wp-content\/uploads\/Durban-Bild-2.png 290w, https:\/\/www.glm-laser.com\/glm\/wp-content\/uploads\/Durban-Bild-2-245x300.png 245w\" sizes=\"(max-width: 290px) 100vw, 290px\" \/><\/figure>\n<\/div>\n<p>Die 58 (3mx4mx4m) Einzelsektionen wurden in einem&nbsp; deutschen Stahlbauunternehmen produziert und mit einem 3D-Messsystem (aus dem Hause GLM) vermessen. Zum Einsatz kamen die Industrietachymeter NET1200 und NET1. Bei diesen Genauigkeitsanforderungen kommt es nicht nur auf die 3D-Vermessung an sich an, sondern auch auf die Datenweiterverarbeitung. <\/p>\n<p>Mit der <a href=\"https:\/\/www.glm-laser.com\/glm\/software-2\/\">Software 3-DIM<\/a> wurde eine 3D-Ausgleichung gerechnet. Dies war Grundlage f\u00fcr die &#8222;virtuelle Kopplung&#8220; der&nbsp; einzelnen Segmente. So konnte vor dem Verschiffen der Elemente sicher gestellt werden, dass es auf der Baustelle keine unangenehmen \u00dcberraschungen gibt.<\/p>\n<p>Auf den unteren Bildern sehen Sie, wie das Kopfst\u00fcck eingesetzt wurde, es passte auf Anhieb. Da keine aufwendigen Korrekturarbeiten an den Stahlsektionen vor Ort durchgef\u00fchrt werden mussten, passte der Zeitplan und der Bautr\u00e4ger war \u00e4u\u00dferst zufrieden.<\/p>\n<figure class=\"wp-block-image is-resized\"><img loading=\"lazy\" decoding=\"async\" width=\"1024\" height=\"277\" src=\"https:\/\/www.glm-laser.com\/glm\/wp-content\/uploads\/Bogen-1024x277.png\" alt=\"\" class=\"wp-image-5922\" style=\"width:689px;height:185px\" srcset=\"https:\/\/www.glm-laser.com\/glm\/wp-content\/uploads\/Bogen-1024x277.png 1024w, https:\/\/www.glm-laser.com\/glm\/wp-content\/uploads\/Bogen-300x81.png 300w, https:\/\/www.glm-laser.com\/glm\/wp-content\/uploads\/Bogen-768x208.png 768w, https:\/\/www.glm-laser.com\/glm\/wp-content\/uploads\/Bogen.png 1880w\" sizes=\"(max-width: 1024px) 100vw, 1024px\" \/><\/figure><\/p>\n","protected":false},"excerpt":{"rendered":"<p>3D-Vermessung: Sektionen eines Stahlbogens Bei der Fu\u00dfballweltmeisterschaft 2010 fand das deutsche Er\u00f6ffungsspiel der DFB-Elf gegen Australien in Durban (S\u00fcdafrika) statt.Dieses Stadion wird von einem 350m langen, 65m breiten und 93m hohen Stahlbogen \u00fcberspannt. An diesem ist mit Stahlseilen die Dachkonstruktion aufgeh\u00e4ngt. Dadurch ergab sich f\u00fcr die sp\u00e4tere Montage, eine Genauigkeitsanforderung von 10mm (f\u00fcr jeden Punkt [&hellip;]<\/p>\n","protected":false},"author":1,"featured_media":0,"parent":1482,"menu_order":1,"comment_status":"closed","ping_status":"closed","template":"page_submenu.php","meta":{"footnotes":""},"class_list":["post-1484","page","type-page","status-publish","hentry"],"_links":{"self":[{"href":"https:\/\/www.glm-laser.com\/glm\/wp-json\/wp\/v2\/pages\/1484"}],"collection":[{"href":"https:\/\/www.glm-laser.com\/glm\/wp-json\/wp\/v2\/pages"}],"about":[{"href":"https:\/\/www.glm-laser.com\/glm\/wp-json\/wp\/v2\/types\/page"}],"author":[{"embeddable":true,"href":"https:\/\/www.glm-laser.com\/glm\/wp-json\/wp\/v2\/users\/1"}],"replies":[{"embeddable":true,"href":"https:\/\/www.glm-laser.com\/glm\/wp-json\/wp\/v2\/comments?post=1484"}],"version-history":[{"count":23,"href":"https:\/\/www.glm-laser.com\/glm\/wp-json\/wp\/v2\/pages\/1484\/revisions"}],"predecessor-version":[{"id":10390,"href":"https:\/\/www.glm-laser.com\/glm\/wp-json\/wp\/v2\/pages\/1484\/revisions\/10390"}],"up":[{"embeddable":true,"href":"https:\/\/www.glm-laser.com\/glm\/wp-json\/wp\/v2\/pages\/1482"}],"wp:attachment":[{"href":"https:\/\/www.glm-laser.com\/glm\/wp-json\/wp\/v2\/media?parent=1484"}],"curies":[{"name":"wp","href":"https:\/\/api.w.org\/{rel}","templated":true}]}}