{"id":1486,"date":"2016-04-27T15:17:31","date_gmt":"2016-04-27T13:17:31","guid":{"rendered":"http:\/\/www.glm-laser.com\/?page_id=1486"},"modified":"2025-10-23T17:45:46","modified_gmt":"2025-10-23T15:45:46","slug":"vermessung-von-papiermaschinen","status":"publish","type":"page","link":"https:\/\/www.glm-laser.com\/glm\/3d-messsysteme-branchen\/maschinenausrichtung\/vermessung-von-papiermaschinen\/","title":{"rendered":"Vermessung von Papiermaschinen"},"content":{"rendered":"<h1>Vermessung von Papiermaschinen<\/h1>\n<p class=\"section\">Die Vermessung von Papiermaschinen erm\u00f6glicht das Ausrichten und die regelm\u00e4\u00dfige \u00dcberpr\u00fcfung der Maschinenkomponenten. Stoffauflauf, Siebpartie, Pressenpartie, Trockenpartie, K\u00fchlzylinder, Gl\u00e4ttwerk und Poperoller, Trockenzylinder, Leitwalzen usw.: Alle Komponenten m\u00fcssen winkelig zur Hauptachse\u00a0 ausgerichtet werden. Hier muss jede Minute Ausfallzeit verhindert werden. GLM liefert die Instrumente und die Software f\u00fcr diese Aufgabe. <a href=\"https:\/\/www.glm-laser.com\/glm\/ueber-glm\/3d-messsysteme\/\">3D Messsysteme<\/a>, bestehend aus Sokkia NET05AX, 3-Dim Observer und 3-Dim PT f\u00fcr eine effiziente Messung und Dokumentation. Widerstandsf\u00e4hig gegen Staub und Schmutz, mobil, batteriebetrieben, kabellos geht das Pr\u00e4zisionsinstrument NET05AX mit Ihnen in jeden noch so entlegenen Winkel. Net05AX bietet dabei eine un\u00fcbertroffene Pr\u00e4zision von 0,05mm \/ 10m. Nutzen Sie die Tachymeter- oder Lasertracker-Funktion &#8211; ganz wie Sie es w\u00fcnschen.<\/p>\n<div align=\"justify\">\n<ul>\n<li>Schnellste Messungen im Koordinatensystem der Maschine, bei unerreichter Pr\u00e4zision<\/li>\n<li>Ausrichtung aller Komponenten der Maschine<\/li>\n<li>Kontrolle w\u00e4hrend der Maschinenmontage<\/li>\n<li>Ausrichten von Fundamentschienen<\/li>\n<\/ul>\n<\/div>\n<div align=\"justify\"><img loading=\"lazy\" decoding=\"async\" class=\"alignleft wp-image-1749 size-full\" title=\"Ausrichten Walzen\" src=\"https:\/\/www.glm-laser.com\/glm\/wp-content\/uploads\/papierindustrie2.jpg\" alt=\"Ausrichten Walzen\" width=\"315\" height=\"253\" srcset=\"https:\/\/www.glm-laser.com\/glm\/wp-content\/uploads\/papierindustrie2.jpg 315w, https:\/\/www.glm-laser.com\/glm\/wp-content\/uploads\/papierindustrie2-300x241.jpg 300w\" sizes=\"(max-width: 315px) 100vw, 315px\" \/><\/div>\n<div align=\"justify\"><\/div>\n<div align=\"justify\"><\/div>\n<div align=\"justify\"><\/div>\n<div align=\"justify\"><\/div>\n<div align=\"justify\"><\/div>\n<div align=\"justify\"><\/div>\n<div align=\"justify\"><\/div>\n<div align=\"justify\"><\/div>\n<div align=\"justify\"><\/div>\n<div align=\"justify\"><\/div>\n<div align=\"justify\"><\/div>\n<div align=\"justify\"><\/div>\n<div align=\"justify\">\n<div align=\"justify\"><\/div>\n<div align=\"justify\"><img loading=\"lazy\" decoding=\"async\" class=\"alignnone wp-image-1750 size-full\" title=\"Dokumentation Ausrichten Walzen\" src=\"https:\/\/www.glm-laser.com\/glm\/wp-content\/uploads\/papierindustrie3.jpg\" alt=\"Dokumentation Ausrichten Walzen\" width=\"594\" height=\"102\" srcset=\"https:\/\/www.glm-laser.com\/glm\/wp-content\/uploads\/papierindustrie3.jpg 594w, https:\/\/www.glm-laser.com\/glm\/wp-content\/uploads\/papierindustrie3-300x52.jpg 300w\" sizes=\"(max-width: 594px) 100vw, 594px\" \/><\/div>\n<\/div>\n","protected":false},"excerpt":{"rendered":"<p>Vermessung von Papiermaschinen Die Vermessung von Papiermaschinen erm\u00f6glicht das Ausrichten und die regelm\u00e4\u00dfige \u00dcberpr\u00fcfung der Maschinenkomponenten. Stoffauflauf, Siebpartie, Pressenpartie, Trockenpartie, K\u00fchlzylinder, Gl\u00e4ttwerk und Poperoller, Trockenzylinder, Leitwalzen usw.: Alle Komponenten m\u00fcssen winkelig zur Hauptachse\u00a0 ausgerichtet werden. Hier muss jede Minute Ausfallzeit verhindert werden. GLM liefert die Instrumente und die Software f\u00fcr diese Aufgabe. 3D Messsysteme, bestehend [&hellip;]<\/p>\n","protected":false},"author":1,"featured_media":0,"parent":127,"menu_order":2,"comment_status":"closed","ping_status":"closed","template":"page_submenu.php","meta":{"footnotes":""},"class_list":["post-1486","page","type-page","status-publish","hentry"],"_links":{"self":[{"href":"https:\/\/www.glm-laser.com\/glm\/wp-json\/wp\/v2\/pages\/1486"}],"collection":[{"href":"https:\/\/www.glm-laser.com\/glm\/wp-json\/wp\/v2\/pages"}],"about":[{"href":"https:\/\/www.glm-laser.com\/glm\/wp-json\/wp\/v2\/types\/page"}],"author":[{"embeddable":true,"href":"https:\/\/www.glm-laser.com\/glm\/wp-json\/wp\/v2\/users\/1"}],"replies":[{"embeddable":true,"href":"https:\/\/www.glm-laser.com\/glm\/wp-json\/wp\/v2\/comments?post=1486"}],"version-history":[{"count":7,"href":"https:\/\/www.glm-laser.com\/glm\/wp-json\/wp\/v2\/pages\/1486\/revisions"}],"predecessor-version":[{"id":10400,"href":"https:\/\/www.glm-laser.com\/glm\/wp-json\/wp\/v2\/pages\/1486\/revisions\/10400"}],"up":[{"embeddable":true,"href":"https:\/\/www.glm-laser.com\/glm\/wp-json\/wp\/v2\/pages\/127"}],"wp:attachment":[{"href":"https:\/\/www.glm-laser.com\/glm\/wp-json\/wp\/v2\/media?parent=1486"}],"curies":[{"name":"wp","href":"https:\/\/api.w.org\/{rel}","templated":true}]}}