{"id":149,"date":"2015-06-12T11:35:31","date_gmt":"2015-06-12T09:35:31","guid":{"rendered":"http:\/\/www.glm-laser.com\/?page_id=149"},"modified":"2021-10-07T10:48:46","modified_gmt":"2021-10-07T08:48:46","slug":"poket-pc","status":"publish","type":"page","link":"https:\/\/www.glm-laser.com\/glm\/software-2\/poket-pc\/","title":{"rendered":"Pocket-PC"},"content":{"rendered":"<h1>Pocket-PC<\/h1>\n<p><img loading=\"lazy\" decoding=\"async\" class=\" wp-image-147 size-medium alignright\" src=\"https:\/\/www.glm-laser.com\/glm\/wp-content\/uploads\/3-DIM-software-lasermesstechnik-300x104.jpg\" alt=\"3-DIM-software-lasermesstechnik\" width=\"300\" height=\"104\" srcset=\"https:\/\/www.glm-laser.com\/glm\/wp-content\/uploads\/3-DIM-software-lasermesstechnik-300x104.jpg 300w, https:\/\/www.glm-laser.com\/glm\/wp-content\/uploads\/3-DIM-software-lasermesstechnik.jpg 684w\" sizes=\"(max-width: 300px) 100vw, 300px\" \/><\/p>\n<h6>3-DIM Observer \u2013 mobiles Vermessen leicht gemacht<\/h6>\n<p>Die Vermessungssoftware 3-DIM Observer kommt bei den unterschiedlichsten Projekten der industriellen 3D-Vermessung zum Einsatz. Die speziell f\u00fcr Pocket-PCs geeignete L\u00f6sung bietet sich besonders dann an, wenn Mobilit\u00e4t und Robustheit gefragt sind. Seit 2004 entwickeln wir die Software nach dem Prinzip \u201eAus der Praxis f\u00fcr die Praxis\u201c stetig weiter. Dank unserer jahrelangen Erfahrung in der optischen Koordinatenmesstechnik sowie der stetigen Optimierung ist 3-DIM Observer als mobile Vermessungssoftware heute absoluter Standard in zahlreichen Branchen \u2013 zum Beispiel im Schiffs- und Stahlbau oder in der Papierindustrie.<\/p>\n","protected":false},"excerpt":{"rendered":"<p>Die Vermessungssoftware 3-DIM Observer kommt bei den unterschiedlichsten Projekten der industriellen 3D-Vermessung zum Einsatz. Die speziell f\u00fcr Pocket-PCs geeignete L\u00f6sung bietet sich besonders dann an, wenn Mobilit\u00e4t und Robustheit gefragt sind. Seit 2004 entwickeln wir die Software nach dem Prinzip \u201eAus der Praxis f\u00fcr die Praxis\u201c stetig weiter. Dank unserer jahrelangen Erfahrung in der optischen [&hellip;]<\/p>\n","protected":false},"author":1,"featured_media":0,"parent":28,"menu_order":2,"comment_status":"open","ping_status":"closed","template":"page_submenu.php","meta":{"footnotes":""},"class_list":["post-149","page","type-page","status-publish","hentry"],"_links":{"self":[{"href":"https:\/\/www.glm-laser.com\/glm\/wp-json\/wp\/v2\/pages\/149"}],"collection":[{"href":"https:\/\/www.glm-laser.com\/glm\/wp-json\/wp\/v2\/pages"}],"about":[{"href":"https:\/\/www.glm-laser.com\/glm\/wp-json\/wp\/v2\/types\/page"}],"author":[{"embeddable":true,"href":"https:\/\/www.glm-laser.com\/glm\/wp-json\/wp\/v2\/users\/1"}],"replies":[{"embeddable":true,"href":"https:\/\/www.glm-laser.com\/glm\/wp-json\/wp\/v2\/comments?post=149"}],"version-history":[{"count":7,"href":"https:\/\/www.glm-laser.com\/glm\/wp-json\/wp\/v2\/pages\/149\/revisions"}],"predecessor-version":[{"id":5854,"href":"https:\/\/www.glm-laser.com\/glm\/wp-json\/wp\/v2\/pages\/149\/revisions\/5854"}],"up":[{"embeddable":true,"href":"https:\/\/www.glm-laser.com\/glm\/wp-json\/wp\/v2\/pages\/28"}],"wp:attachment":[{"href":"https:\/\/www.glm-laser.com\/glm\/wp-json\/wp\/v2\/media?parent=149"}],"curies":[{"name":"wp","href":"https:\/\/api.w.org\/{rel}","templated":true}]}}