{"id":1494,"date":"2016-04-27T15:26:26","date_gmt":"2016-04-27T13:26:26","guid":{"rendered":"http:\/\/www.glm-laser.com\/?page_id=1494"},"modified":"2020-10-22T13:06:16","modified_gmt":"2020-10-22T11:06:16","slug":"3d-rundheitsmessung","status":"publish","type":"page","link":"https:\/\/www.glm-laser.com\/glm\/3d-messsysteme-branchen\/wind\/3d-rundheitsmessung\/","title":{"rendered":"Rundheitsmessung"},"content":{"rendered":"<div id=\"content\">\n<h1>Rundheitsmessung von Windkraftanlagen<\/h1>\n<div class=\"section\">\n<p align=\"justify\">Auf dem Foto ist eine von 13 Windkraftanlagen s\u00fcdlich von Madrid zu erkennen.<img loading=\"lazy\" decoding=\"async\" class=\"alignright size-full wp-image-1779\" src=\"https:\/\/www.glm-laser.com\/glm\/wp-content\/uploads\/rundheitsmessung-Wind.jpg\" alt=\"rundheitsmessung-Wind\" width=\"199\" height=\"142\" \/> Die Aufgabenstellung war die Bestimmung ihrer Rundheit an exakten H\u00f6henvorgaben.<\/p>\n<p align=\"justify\">Die vorgegebene Toleranz der Rundheitsmessung von 3mm wurde mit dem <a title=\"Industrietachymeter\" href=\"https:\/\/www.glm-laser.com\/glm\/optische-vermessungsinstrumente-2\/industrietachymeter-net1ax-ii\/\">NET1<\/a> durch die ber\u00fchrungslose Messung erm\u00f6glicht. Die Messungen wurden vor Ort mit dem <a title=\"3-DIM Observer Motorized\" href=\"https:\/\/www.glm-laser.com\/glm\/software-2\/poket-pc\/3-dim-observer\/\">3-DIM Observer<\/a> durchgef\u00fchrt. Pro Turm wurden zwischen 4 und 5 Stunden f\u00fcr die 3D-Vermessung ben\u00f6tigt. Dies ist durch den hohen Automatisierungsgrad der Rundheitsmessungen ohne weiteres m\u00f6glich.<\/p>\n<p align=\"justify\">Die Auswertung wurde in Deutschland durchgef\u00fchrt. Mit der Software <a title=\"3D-Vermessung Software\" href=\"https:\/\/www.glm-laser.com\/glm\/software-2\/pc-software-2\/3d-vermessung-software\/\">3-DIM-PC Basic<\/a> und 3-DIM CAD-Port, wurde die Analyse von 700 Einzelkreisauswertungen bew\u00e4ltigt.<\/p>\n<\/div>\n<\/div>\n","protected":false},"excerpt":{"rendered":"<p>Rundheitsmessung von Windkraftanlagen Auf dem Foto ist eine von 13 Windkraftanlagen s\u00fcdlich von Madrid zu erkennen. Die Aufgabenstellung war die Bestimmung ihrer Rundheit an exakten H\u00f6henvorgaben. Die vorgegebene Toleranz der Rundheitsmessung von 3mm wurde mit dem NET1 durch die ber\u00fchrungslose Messung erm\u00f6glicht. Die Messungen wurden vor Ort mit dem 3-DIM Observer durchgef\u00fchrt. Pro Turm wurden [&hellip;]<\/p>\n","protected":false},"author":4,"featured_media":0,"parent":123,"menu_order":1,"comment_status":"closed","ping_status":"closed","template":"page_submenu.php","meta":{"footnotes":""},"class_list":["post-1494","page","type-page","status-publish","hentry"],"_links":{"self":[{"href":"https:\/\/www.glm-laser.com\/glm\/wp-json\/wp\/v2\/pages\/1494"}],"collection":[{"href":"https:\/\/www.glm-laser.com\/glm\/wp-json\/wp\/v2\/pages"}],"about":[{"href":"https:\/\/www.glm-laser.com\/glm\/wp-json\/wp\/v2\/types\/page"}],"author":[{"embeddable":true,"href":"https:\/\/www.glm-laser.com\/glm\/wp-json\/wp\/v2\/users\/4"}],"replies":[{"embeddable":true,"href":"https:\/\/www.glm-laser.com\/glm\/wp-json\/wp\/v2\/comments?post=1494"}],"version-history":[{"count":5,"href":"https:\/\/www.glm-laser.com\/glm\/wp-json\/wp\/v2\/pages\/1494\/revisions"}],"predecessor-version":[{"id":7168,"href":"https:\/\/www.glm-laser.com\/glm\/wp-json\/wp\/v2\/pages\/1494\/revisions\/7168"}],"up":[{"embeddable":true,"href":"https:\/\/www.glm-laser.com\/glm\/wp-json\/wp\/v2\/pages\/123"}],"wp:attachment":[{"href":"https:\/\/www.glm-laser.com\/glm\/wp-json\/wp\/v2\/media?parent=1494"}],"curies":[{"name":"wp","href":"https:\/\/api.w.org\/{rel}","templated":true}]}}