{"id":1498,"date":"2016-04-27T15:28:36","date_gmt":"2016-04-27T13:28:36","guid":{"rendered":"http:\/\/www.glm-laser.com\/?page_id=1498"},"modified":"2020-10-22T13:07:39","modified_gmt":"2020-10-22T11:07:39","slug":"3d-vermessung-rotorblatt-qs","status":"publish","type":"page","link":"https:\/\/www.glm-laser.com\/glm\/3d-messsysteme-branchen\/wind\/3d-vermessung-rotorblatt-qs\/","title":{"rendered":"Rotorblatt 3D-Vermessung"},"content":{"rendered":"<h1>Qualit\u00e4tssicherung der Rotorbl\u00e4tter von Windkraftanlagen<\/h1>\n<div class=\"section\">\n<p align=\"justify\"><img loading=\"lazy\" decoding=\"async\" class=\"alignright wp-image-1778 \" src=\"https:\/\/www.glm-laser.com\/glm\/wp-content\/uploads\/rotorblaetter-windkraft.jpg\" alt=\"rotorblaetter-windkraft\" width=\"224\" height=\"145\" \/><\/p>\n<p align=\"justify\">Moderne Rotorbl\u00e4tter bestehen aus glasfaserverst\u00e4rktem Kunststoff und werden in einer Halbschalen-Sandwichbauweise mit Versteifungsholmen oder -stegen im Inneren hergestellt. Auch Kohlenstofffasern haben bereits bei einigen Herstellern Eingang in die Fertigung gefunden. Die Hersteller, welche Kunden der GLM Laserme\u00dftechnik GmbH sind, legen gro\u00dfen Wert auf die genaue Form der Rotorbl\u00e4tter.<\/p>\n<div align=\"justify\"><\/div>\n<p align=\"justify\">Vor Einf\u00fchrung der 3D-Vermessung haben bis zu 3 Mitarbeiter mit Schablonen einen Tag damit verbracht, ein Rotorblatt an 5 Profilen zu kontrollieren. Bei einem 3D-Messsystem wird nur ein Mitarbeiter ben\u00f6tigt. Nach Aufbau und Start des Systems arbeitet diese durch Linienscans entlang des Rotorblattes automatisch weiter. Der Mitarbeiter kann derweil anderen Aufgaben nachgehen. Daraufhin ist das Rotorblatt komplett dreidimensional erfasst und wird, durch Nutzen der GLM eigenen Software <a title=\"3D Analyse\" href=\"https:\/\/www.glm-laser.com\/glm\/software-2\/pc-software-2\/3-dim-pt\/\">3-DIM PT<\/a>, mit den Solldaten abgeglichen. Die zu erwartende Genauigkeit liegt im mm Bereich (je nach Aufwand auch steigerbar). Die Vorteile im Bereich der Qualit\u00e4tssicherung liegen klar auf der Hand.<\/p>\n<p align=\"justify\">Wenn Sie mehr Informationen \u00fcber dieses Thema w\u00fcnschen, <a href=\"mailto:ingenieurvermessung@glm-laser.de\">dann schreiben Sie uns bitte eine E-Mail<\/a>.<\/p>\n<\/div>\n","protected":false},"excerpt":{"rendered":"<p>Qualit\u00e4tssicherung der Rotorbl\u00e4tter von Windkraftanlagen Moderne Rotorbl\u00e4tter bestehen aus glasfaserverst\u00e4rktem Kunststoff und werden in einer Halbschalen-Sandwichbauweise mit Versteifungsholmen oder -stegen im Inneren hergestellt. Auch Kohlenstofffasern haben bereits bei einigen Herstellern Eingang in die Fertigung gefunden. Die Hersteller, welche Kunden der GLM Laserme\u00dftechnik GmbH sind, legen gro\u00dfen Wert auf die genaue Form der Rotorbl\u00e4tter. Vor Einf\u00fchrung [&hellip;]<\/p>\n","protected":false},"author":4,"featured_media":0,"parent":123,"menu_order":3,"comment_status":"closed","ping_status":"closed","template":"page_submenu.php","meta":{"footnotes":""},"class_list":["post-1498","page","type-page","status-publish","hentry"],"_links":{"self":[{"href":"https:\/\/www.glm-laser.com\/glm\/wp-json\/wp\/v2\/pages\/1498"}],"collection":[{"href":"https:\/\/www.glm-laser.com\/glm\/wp-json\/wp\/v2\/pages"}],"about":[{"href":"https:\/\/www.glm-laser.com\/glm\/wp-json\/wp\/v2\/types\/page"}],"author":[{"embeddable":true,"href":"https:\/\/www.glm-laser.com\/glm\/wp-json\/wp\/v2\/users\/4"}],"replies":[{"embeddable":true,"href":"https:\/\/www.glm-laser.com\/glm\/wp-json\/wp\/v2\/comments?post=1498"}],"version-history":[{"count":5,"href":"https:\/\/www.glm-laser.com\/glm\/wp-json\/wp\/v2\/pages\/1498\/revisions"}],"predecessor-version":[{"id":7170,"href":"https:\/\/www.glm-laser.com\/glm\/wp-json\/wp\/v2\/pages\/1498\/revisions\/7170"}],"up":[{"embeddable":true,"href":"https:\/\/www.glm-laser.com\/glm\/wp-json\/wp\/v2\/pages\/123"}],"wp:attachment":[{"href":"https:\/\/www.glm-laser.com\/glm\/wp-json\/wp\/v2\/media?parent=1498"}],"curies":[{"name":"wp","href":"https:\/\/api.w.org\/{rel}","templated":true}]}}