{"id":15,"date":"2015-06-11T09:02:45","date_gmt":"2015-06-11T07:02:45","guid":{"rendered":"http:\/\/www.glm-laser.com\/?page_id=15"},"modified":"2020-10-22T11:50:34","modified_gmt":"2020-10-22T09:50:34","slug":"3d-messsysteme-branchen","status":"publish","type":"page","link":"https:\/\/www.glm-laser.com\/glm\/3d-messsysteme-branchen\/","title":{"rendered":"Branchen"},"content":{"rendered":"<h1 class=\"wp-block-heading\">Ganzheitliche L\u00f6sungen \u2013<br \/> ma\u00dfgeschneiderte mobile 3D Messsysteme f\u00fcr Ihren Anwendungsbereich<\/h1>\n<h3 class=\"wp-block-heading\">Exakte Ma\u00dfhaltigkeit \u2013 dieser Anforderung unterliegen s\u00e4mtliche industrielle Fertigungserzeugnisse, Maschinen, Anlagen, Bauelemente und Qualit\u00e4tssicherungsprozesse.<\/h3>\n<div class=\"wp-block-image\">\n<figure class=\"alignright\"><a href=\"https:\/\/www.glm-laser.com\/glm\/wp-content\/uploads\/3D-Messsystem-Branchen.png\" class=\"gallery_colorbox\"><img loading=\"lazy\" decoding=\"async\" width=\"300\" height=\"206\" src=\"https:\/\/www.glm-laser.com\/glm\/wp-content\/uploads\/3D-Messsystem-Branchen-300x206.png\"  alt=\"3D Messsysteme Branchen\" class=\"wp-image-3769\" srcset=\"https:\/\/www.glm-laser.com\/glm\/wp-content\/uploads\/3D-Messsystem-Branchen-300x206.png 300w, https:\/\/www.glm-laser.com\/glm\/wp-content\/uploads\/3D-Messsystem-Branchen-768x526.png 768w, https:\/\/www.glm-laser.com\/glm\/wp-content\/uploads\/3D-Messsystem-Branchen-1024x702.png 1024w, https:\/\/www.glm-laser.com\/glm\/wp-content\/uploads\/3D-Messsystem-Branchen.png 1132w\" sizes=\"(max-width: 300px) 100vw, 300px\" \/><\/a><\/figure>\n<\/div>\n<p>GLM Entwickelt, Vertreibt und Betreut mobile 3D Messsyteme zur Erfassung pr\u00e4ziser Messdaten. Durch die von uns entwickelte Software und die hochgenaue mobile Messtechnik des Premiumhersteller Sokkia k\u00f6nnen sehr komplexe Aufgabenstellungen in verschiedensten Feldern der Industrievermessung schnell und zuverl\u00e4ssig gel\u00f6st werden.<\/p>\n<p>Alle Anwendungsbereiche haben eine Gemeinsamkeit. Es handelt sich um die geometrische Erfassung gro\u00dfma\u00dfst\u00e4biger Objekte oder die pr\u00e4zise Montage bzw. Justage einzelner Elemente an diesen Objekten. Hierbei k\u00f6nnte es sich um ein Drehgestell (Branche Schienenfahrzeugbau), um eine Kranbahn oder um eine Schiffssektion handeln. Die Messsysteme liefern eine Messgenauigkeit im Sub-Millimeter Bereich. Diese erm\u00f6glicht die pr\u00e4zise Erfassung der Messdaten hinsichtlich ihrer Toleranzen. Die Mobilit\u00e4t des Messsystems erm\u00f6glicht Ihnen volle Flexibilit\u00e4t bei der Wahl der \u00d6rtlichkeit. Die Weiterverarbeitung der Messwerte verl\u00e4uft optional voll automatisiert und gibt Ihnen das Messprotokoll nach Ihren Vorgaben aus. Beispielsweise nach einer DIN, Richtlinie oder internen QS Vorschrift.<\/p>\n<p>Unsere Messtechnik und Software-L\u00f6sungen haben sich bereits in mehr als 15 verschiedenen Branchen bew\u00e4hrt und erf\u00fcllen nicht nur die aktuellen, sondern auch die zuk\u00fcnftigen Anforderungen an Pr\u00e4zision und Sicherheit.<\/p>\n<p>Entdecken Sie auf den folgenden Seiten die zahlreichen Branchen und Anwendungsm\u00f6glichkeiten unserer L\u00f6sungen. Bei Fragen <a href=\"https:\/\/www.glm-laser.com\/kontakt\/\">kontaktieren<\/a> Sie uns gerne \u2013 wir freuen uns auf Ihre Anfrage!<\/p>\n<p>\u00a0<\/p>\n<p><a href=\"https:\/\/www.glm-laser.com\/glm\/3d-messsysteme-branchen\/messsystem-schienenfahrzeuge\/\"><img loading=\"lazy\" decoding=\"async\" class=\"alignnone wp-image-78\" src=\"\/wp-content\/uploads\/schienenfahrzeugbau-lasermesstechnik-150x150.png\" alt=\"schienenfahrzeugbau-lasermesstechnik\" width=\"60\" height=\"59\" srcset=\"https:\/\/www.glm-laser.com\/glm\/wp-content\/uploads\/schienenfahrzeugbau-lasermesstechnik-150x150.png 150w, https:\/\/www.glm-laser.com\/glm\/wp-content\/uploads\/schienenfahrzeugbau-lasermesstechnik.png 200w\" sizes=\"(max-width: 60px) 100vw, 60px\" \/><\/a> <a href=\"https:\/\/www.glm-laser.com\/glm\/branchen\/schiffbau\/\" target=\"_blank\" rel=\"noopener noreferrer\"><img loading=\"lazy\" decoding=\"async\" class=\"alignnone wp-image-77\" src=\"\/wp-content\/uploads\/schiffbau-lasermesstechnik-150x150.png\" alt=\"schiffbau-lasermesstechnik\" width=\"60\" height=\"59\" srcset=\"https:\/\/www.glm-laser.com\/glm\/wp-content\/uploads\/schiffbau-lasermesstechnik-150x150.png 150w, https:\/\/www.glm-laser.com\/glm\/wp-content\/uploads\/schiffbau-lasermesstechnik.png 200w\" sizes=\"(max-width: 60px) 100vw, 60px\" \/><\/a> <a href=\"https:\/\/www.glm-laser.com\/glm\/3d-messsysteme-branchen\/messsystem-fuer-den-anlagenbau\/\" target=\"_blank\" rel=\"noopener noreferrer\"><img loading=\"lazy\" decoding=\"async\" class=\"alignnone wp-image-76\" src=\"\/wp-content\/uploads\/stahl-anlagenbau-lasermesstechnik-150x150.png\" alt=\"stahl-anlagenbau-lasermesstechnik\" width=\"60\" height=\"59\" srcset=\"https:\/\/www.glm-laser.com\/glm\/wp-content\/uploads\/stahl-anlagenbau-lasermesstechnik-150x150.png 150w, https:\/\/www.glm-laser.com\/glm\/wp-content\/uploads\/stahl-anlagenbau-lasermesstechnik.png 200w\" sizes=\"(max-width: 60px) 100vw, 60px\" \/><\/a> <a href=\"https:\/\/www.glm-laser.com\/glm\/3d-messsysteme-branchen\/offshore-2\/\" target=\"_blank\" rel=\"noopener noreferrer\"><img loading=\"lazy\" decoding=\"async\" class=\"alignnone wp-image-75\" src=\"\/wp-content\/uploads\/offshore-lasermesstechnik-150x150.png\" alt=\"offshore-lasermesstechnik\" width=\"60\" height=\"59\" srcset=\"https:\/\/www.glm-laser.com\/glm\/wp-content\/uploads\/offshore-lasermesstechnik-150x150.png 150w, https:\/\/www.glm-laser.com\/glm\/wp-content\/uploads\/offshore-lasermesstechnik.png 200w\" sizes=\"(max-width: 60px) 100vw, 60px\" \/><\/a> <a href=\"https:\/\/www.glm-laser.com\/glm\/branchen\/vermessung-stahlbau\/\" target=\"_blank\" rel=\"noopener noreferrer\"><img loading=\"lazy\" decoding=\"async\" class=\"alignnone wp-image-74\" src=\"\/wp-content\/uploads\/brueckenbau-lasermesstechnik-150x150.png\" alt=\"brueckenbau-lasermesstechnik\" width=\"60\" height=\"59\" srcset=\"https:\/\/www.glm-laser.com\/glm\/wp-content\/uploads\/brueckenbau-lasermesstechnik-150x150.png 150w, https:\/\/www.glm-laser.com\/glm\/wp-content\/uploads\/brueckenbau-lasermesstechnik.png 200w\" sizes=\"(max-width: 60px) 100vw, 60px\" \/><\/a> <a href=\"https:\/\/www.glm-laser.com\/glm\/3d-messsysteme-branchen\/vermessung-von-kranbahnen\/\" target=\"_blank\" rel=\"noopener noreferrer\"><img loading=\"lazy\" decoding=\"async\" class=\"alignnone wp-image-73\" src=\"\/wp-content\/uploads\/kranbau-lasermesstechnik-150x150.png\" alt=\"kranbau-lasermesstechnik\" width=\"60\" height=\"59\" srcset=\"https:\/\/www.glm-laser.com\/glm\/wp-content\/uploads\/kranbau-lasermesstechnik-150x150.png 150w, https:\/\/www.glm-laser.com\/glm\/wp-content\/uploads\/kranbau-lasermesstechnik.png 200w\" sizes=\"(max-width: 60px) 100vw, 60px\" \/><\/a> <a href=\"https:\/\/www.glm-laser.com\/glm\/branchen\/stahlwasserbau\/\" target=\"_blank\" rel=\"noopener noreferrer\"><img loading=\"lazy\" decoding=\"async\" class=\"alignnone wp-image-72\" src=\"\/wp-content\/uploads\/stahlwasserbau-lasermesstechnik-150x150.png\" alt=\"stahlwasserbau-lasermesstechnik\" width=\"60\" height=\"59\" srcset=\"https:\/\/www.glm-laser.com\/glm\/wp-content\/uploads\/stahlwasserbau-lasermesstechnik-150x150.png 150w, https:\/\/www.glm-laser.com\/glm\/wp-content\/uploads\/stahlwasserbau-lasermesstechnik.png 200w\" sizes=\"(max-width: 60px) 100vw, 60px\" \/><\/a> <a href=\"https:\/\/www.glm-laser.com\/glm\/branchen\/wind\/\" target=\"_blank\" rel=\"noopener noreferrer\"><img loading=\"lazy\" decoding=\"async\" class=\"alignnone wp-image-71\" src=\"\/wp-content\/uploads\/wind-lasermesstechnik-150x150.png\" alt=\"wind-lasermesstechnik\" width=\"60\" height=\"59\" srcset=\"https:\/\/www.glm-laser.com\/glm\/wp-content\/uploads\/wind-lasermesstechnik-150x150.png 150w, https:\/\/www.glm-laser.com\/glm\/wp-content\/uploads\/wind-lasermesstechnik.png 200w\" sizes=\"(max-width: 60px) 100vw, 60px\" \/><\/a> <a href=\"https:\/\/www.glm-laser.com\/glm\/branchen\/3d-vermessung-industriemontage\/\" target=\"_blank\" rel=\"noopener noreferrer\"><img loading=\"lazy\" decoding=\"async\" class=\"alignnone wp-image-70\" src=\"\/wp-content\/uploads\/maschinenmontage-lasermesstechnik-150x150.png\" alt=\"maschinenmontage-lasermesstechnik\" width=\"60\" height=\"59\" srcset=\"https:\/\/www.glm-laser.com\/glm\/wp-content\/uploads\/maschinenmontage-lasermesstechnik-150x150.png 150w, https:\/\/www.glm-laser.com\/glm\/wp-content\/uploads\/maschinenmontage-lasermesstechnik.png 200w\" sizes=\"(max-width: 60px) 100vw, 60px\" \/><\/a> <a href=\"https:\/\/www.glm-laser.com\/glm\/branchen\/maschinenausrichtung\/\" target=\"_blank\" rel=\"noopener noreferrer\"><img loading=\"lazy\" decoding=\"async\" class=\"alignnone wp-image-69\" src=\"\/wp-content\/uploads\/maschinenausrichtung-lasermesstechnik-150x150.png\" alt=\"maschinenausrichtung-lasermesstechnik\" width=\"60\" height=\"59\" srcset=\"https:\/\/www.glm-laser.com\/glm\/wp-content\/uploads\/maschinenausrichtung-lasermesstechnik-150x150.png 150w, https:\/\/www.glm-laser.com\/glm\/wp-content\/uploads\/maschinenausrichtung-lasermesstechnik.png 200w\" sizes=\"(max-width: 60px) 100vw, 60px\" \/><\/a> <a href=\"https:\/\/www.glm-laser.com\/glm\/branchen\/3d-vermessung-archaeologie\/\" target=\"_blank\" rel=\"noopener noreferrer\"><img loading=\"lazy\" decoding=\"async\" class=\"alignnone wp-image-68\" src=\"\/wp-content\/uploads\/fundamentabsteckung-lasermesstechnik-150x150.png\" alt=\"fundamentabsteckung-lasermesstechnik\" width=\"60\" height=\"59\" srcset=\"https:\/\/www.glm-laser.com\/glm\/wp-content\/uploads\/fundamentabsteckung-lasermesstechnik-150x150.png 150w, https:\/\/www.glm-laser.com\/glm\/wp-content\/uploads\/fundamentabsteckung-lasermesstechnik.png 200w\" sizes=\"(max-width: 60px) 100vw, 60px\" \/><\/a><\/p>\n","protected":false},"excerpt":{"rendered":"<p>Ganzheitliche L\u00f6sungen \u2013 ma\u00dfgeschneiderte mobile 3D Messsysteme f\u00fcr Ihren Anwendungsbereich Exakte Ma\u00dfhaltigkeit \u2013 dieser Anforderung unterliegen s\u00e4mtliche industrielle Fertigungserzeugnisse, Maschinen, Anlagen, Bauelemente und Qualit\u00e4tssicherungsprozesse. GLM Entwickelt, Vertreibt und Betreut mobile 3D Messsyteme zur Erfassung pr\u00e4ziser Messdaten. Durch die von uns entwickelte Software und die hochgenaue mobile Messtechnik des Premiumhersteller Sokkia k\u00f6nnen sehr komplexe Aufgabenstellungen in [&hellip;]<\/p>\n","protected":false},"author":1,"featured_media":0,"parent":0,"menu_order":5,"comment_status":"open","ping_status":"closed","template":"page_submenu.php","meta":{"footnotes":""},"class_list":["post-15","page","type-page","status-publish","hentry"],"_links":{"self":[{"href":"https:\/\/www.glm-laser.com\/glm\/wp-json\/wp\/v2\/pages\/15"}],"collection":[{"href":"https:\/\/www.glm-laser.com\/glm\/wp-json\/wp\/v2\/pages"}],"about":[{"href":"https:\/\/www.glm-laser.com\/glm\/wp-json\/wp\/v2\/types\/page"}],"author":[{"embeddable":true,"href":"https:\/\/www.glm-laser.com\/glm\/wp-json\/wp\/v2\/users\/1"}],"replies":[{"embeddable":true,"href":"https:\/\/www.glm-laser.com\/glm\/wp-json\/wp\/v2\/comments?post=15"}],"version-history":[{"count":21,"href":"https:\/\/www.glm-laser.com\/glm\/wp-json\/wp\/v2\/pages\/15\/revisions"}],"predecessor-version":[{"id":7079,"href":"https:\/\/www.glm-laser.com\/glm\/wp-json\/wp\/v2\/pages\/15\/revisions\/7079"}],"wp:attachment":[{"href":"https:\/\/www.glm-laser.com\/glm\/wp-json\/wp\/v2\/media?parent=15"}],"curies":[{"name":"wp","href":"https:\/\/api.w.org\/{rel}","templated":true}]}}