{"id":1500,"date":"2016-04-27T15:29:21","date_gmt":"2016-04-27T13:29:21","guid":{"rendered":"http:\/\/www.glm-laser.com\/?page_id=1500"},"modified":"2016-05-13T11:19:03","modified_gmt":"2016-05-13T09:19:03","slug":"rundheitsanalyse","status":"publish","type":"page","link":"https:\/\/www.glm-laser.com\/glm\/3d-messsysteme-branchen\/wind\/rundheitsanalyse\/","title":{"rendered":"Rundheitsanalyse"},"content":{"rendered":"<div id=\"content\">\n<h1>Rundheitsanalyse von Ringsegmenten<\/h1>\n<div class=\"section\">\n<p align=\"justify\"><img loading=\"lazy\" decoding=\"async\" class=\"alignright size-medium wp-image-1790\" src=\"https:\/\/www.glm-laser.com\/glm\/wp-content\/uploads\/Rundheitsanalyse-300x246.jpg\" alt=\"Rundheitsanalyse\" width=\"300\" height=\"246\" \/>F\u00fcr einen Windpark sollen mehrere R\u00f6hren (sp\u00e4tere T\u00fcrme mit einer H\u00f6he von 54 m) gefertigt werden. Die einzelnen R\u00f6hren bestehen aus jeweils 18 Ringsegmenten. Diese Segmente werden im Werk aus einzelnen Platten (Aluminium) zugebogen und verschwei\u00dft. Nach dem Transport zu Baustelle sollen sp\u00e4ter die Ringsegmente vor Ort montiert werden. Die Ringsegmente sind teilweise zylindrisch teils konisch. Um b\u00f6sen \u00dcberraschungen bei der Montage vorzubeugen, wird eine geometrische Qualit\u00e4tskontrolle (Rundheitsanalyse) verlangt. Hier kommt das 3D-Messsystem von GLM zum Einsatz.<\/p>\n<p align=\"justify\">Es werden jeweils 8 Punkte an den beiden Seiten der Ringsegmente ber\u00fchrungslos gemessen, weiter werden Punkte direkt am Flansch erfasst. Die gemessenen Punkte am Flansch definieren die Ebene und die acht Kreispunkte beschreiben jeweils einen Kreis. Mit diesen Messdaten lassen sich die Mittelpunkte und somit die Mittelachse berechnen. Mit Hilfe dieser Parameter kann nun die Objektgeometrie der einzelnen Ringsegmente (Rundheitsanalyse) gepr\u00fcft werden. Anschlie\u00dfend wird der Trum (18 teilige R\u00f6hre) digital im Werk zusammengesetzt. Das erm\u00f6glicht eine Korrektur der einzelnen Ringsegmente noch im Werk.<\/p>\n<p align=\"justify\">Durch diese Rundheitsanalyse lassen sich alle geforderten Kriterien der Qualit\u00e4tskontrolle einhalten.<\/p>\n<p align=\"justify\">Bei weiteren Fragen rufen Sie bitte an oder <a href=\"https:\/\/www.glm-laser.com\/kontakt\/\">senden uns eine E-Mail<\/a>.<\/p>\n<\/div>\n<\/div>\n","protected":false},"excerpt":{"rendered":"<p>Rundheitsanalyse von Ringsegmenten F\u00fcr einen Windpark sollen mehrere R\u00f6hren (sp\u00e4tere T\u00fcrme mit einer H\u00f6he von 54 m) gefertigt werden. Die einzelnen R\u00f6hren bestehen aus jeweils 18 Ringsegmenten. Diese Segmente werden im Werk aus einzelnen Platten (Aluminium) zugebogen und verschwei\u00dft. Nach dem Transport zu Baustelle sollen sp\u00e4ter die Ringsegmente vor Ort montiert werden. Die Ringsegmente sind [&hellip;]<\/p>\n","protected":false},"author":1,"featured_media":0,"parent":123,"menu_order":4,"comment_status":"closed","ping_status":"closed","template":"page_submenu.php","meta":{"footnotes":""},"class_list":["post-1500","page","type-page","status-publish","hentry"],"_links":{"self":[{"href":"https:\/\/www.glm-laser.com\/glm\/wp-json\/wp\/v2\/pages\/1500"}],"collection":[{"href":"https:\/\/www.glm-laser.com\/glm\/wp-json\/wp\/v2\/pages"}],"about":[{"href":"https:\/\/www.glm-laser.com\/glm\/wp-json\/wp\/v2\/types\/page"}],"author":[{"embeddable":true,"href":"https:\/\/www.glm-laser.com\/glm\/wp-json\/wp\/v2\/users\/1"}],"replies":[{"embeddable":true,"href":"https:\/\/www.glm-laser.com\/glm\/wp-json\/wp\/v2\/comments?post=1500"}],"version-history":[{"count":3,"href":"https:\/\/www.glm-laser.com\/glm\/wp-json\/wp\/v2\/pages\/1500\/revisions"}],"predecessor-version":[{"id":1791,"href":"https:\/\/www.glm-laser.com\/glm\/wp-json\/wp\/v2\/pages\/1500\/revisions\/1791"}],"up":[{"embeddable":true,"href":"https:\/\/www.glm-laser.com\/glm\/wp-json\/wp\/v2\/pages\/123"}],"wp:attachment":[{"href":"https:\/\/www.glm-laser.com\/glm\/wp-json\/wp\/v2\/media?parent=1500"}],"curies":[{"name":"wp","href":"https:\/\/api.w.org\/{rel}","templated":true}]}}