{"id":1509,"date":"2016-04-27T15:34:49","date_gmt":"2016-04-27T13:34:49","guid":{"rendered":"http:\/\/www.glm-laser.com\/?page_id=1509"},"modified":"2016-05-13T11:40:07","modified_gmt":"2016-05-13T09:40:07","slug":"3d-vermessung-tunnelbau-bergbau","status":"publish","type":"page","link":"https:\/\/www.glm-laser.com\/glm\/3d-messsysteme-branchen\/3d-vermessung-tunnelbau-bergbau\/","title":{"rendered":"Tunnel- und Bergbau"},"content":{"rendered":"<div id=\"content\">\n<h1>3D Vermessung im Tunnel- und Bergbau<\/h1>\n<div class=\"section\">\n<p><img loading=\"lazy\" decoding=\"async\" class=\"alignright size-medium wp-image-1802\" src=\"https:\/\/www.glm-laser.com\/glm\/wp-content\/uploads\/tunnel2-300x200.jpg\" alt=\"tunnel2\" width=\"300\" height=\"200\" srcset=\"https:\/\/www.glm-laser.com\/glm\/wp-content\/uploads\/tunnel2-300x200.jpg 300w, https:\/\/www.glm-laser.com\/glm\/wp-content\/uploads\/tunnel2-768x512.jpg 768w, https:\/\/www.glm-laser.com\/glm\/wp-content\/uploads\/tunnel2-1024x683.jpg 1024w, https:\/\/www.glm-laser.com\/glm\/wp-content\/uploads\/tunnel2.jpg 1536w\" sizes=\"(max-width: 300px) 100vw, 300px\" \/><\/p>\n<p align=\"justify\">F\u00fcr einen stetigen Baufortschritt m\u00fcssen die Ingenieure im Tunnel- und Bergbau immer genau \u00fcber den Ist-Zustand informiert sein. Zu diesem Zweck m\u00fcssen entlang der Bauabschnitte Querprofile berechnet werden. Mit motorisierten Totalstationen und intelligenter Software ausgestattet, kann der Bauingenieur die Profile automatisch reflektorlos scannen. Die Sicherheit ist im Tunnel- und Bergbau von essentieller Bedeutung &#8211; und eine vollautomatische \u00dcberwachung auf Prismen oder Reflexionsmarken ist mit SOKKIAs Messsystemen absolut zuverl\u00e4ssig.<\/p>\n<div align=\"justify\">\n<ul>\n<li>Automatische, pr\u00e4zise \u00dcberwachung auf Prismen und Reflexionsfolien<\/li>\n<li>Reflektorloses Auto-Scanning von Tunnelabschnitten<\/li>\n<li>Graphische 3-D Dokumentation ganzer Tunnelabschnitte<\/li>\n<\/ul>\n<\/div>\n<\/div>\n<\/div>\n","protected":false},"excerpt":{"rendered":"<p>3D Vermessung im Tunnel- und Bergbau F\u00fcr einen stetigen Baufortschritt m\u00fcssen die Ingenieure im Tunnel- und Bergbau immer genau \u00fcber den Ist-Zustand informiert sein. Zu diesem Zweck m\u00fcssen entlang der Bauabschnitte Querprofile berechnet werden. Mit motorisierten Totalstationen und intelligenter Software ausgestattet, kann der Bauingenieur die Profile automatisch reflektorlos scannen. Die Sicherheit ist im Tunnel- und [&hellip;]<\/p>\n","protected":false},"author":1,"featured_media":0,"parent":15,"menu_order":12,"comment_status":"closed","ping_status":"closed","template":"page_submenu.php","meta":{"footnotes":""},"class_list":["post-1509","page","type-page","status-publish","hentry"],"_links":{"self":[{"href":"https:\/\/www.glm-laser.com\/glm\/wp-json\/wp\/v2\/pages\/1509"}],"collection":[{"href":"https:\/\/www.glm-laser.com\/glm\/wp-json\/wp\/v2\/pages"}],"about":[{"href":"https:\/\/www.glm-laser.com\/glm\/wp-json\/wp\/v2\/types\/page"}],"author":[{"embeddable":true,"href":"https:\/\/www.glm-laser.com\/glm\/wp-json\/wp\/v2\/users\/1"}],"replies":[{"embeddable":true,"href":"https:\/\/www.glm-laser.com\/glm\/wp-json\/wp\/v2\/comments?post=1509"}],"version-history":[{"count":3,"href":"https:\/\/www.glm-laser.com\/glm\/wp-json\/wp\/v2\/pages\/1509\/revisions"}],"predecessor-version":[{"id":1804,"href":"https:\/\/www.glm-laser.com\/glm\/wp-json\/wp\/v2\/pages\/1509\/revisions\/1804"}],"up":[{"embeddable":true,"href":"https:\/\/www.glm-laser.com\/glm\/wp-json\/wp\/v2\/pages\/15"}],"wp:attachment":[{"href":"https:\/\/www.glm-laser.com\/glm\/wp-json\/wp\/v2\/media?parent=1509"}],"curies":[{"name":"wp","href":"https:\/\/api.w.org\/{rel}","templated":true}]}}