{"id":1513,"date":"2016-04-27T15:37:25","date_gmt":"2016-04-27T13:37:25","guid":{"rendered":"http:\/\/www.glm-laser.com\/?page_id=1513"},"modified":"2020-10-26T14:48:10","modified_gmt":"2020-10-26T13:48:10","slug":"messestand-anriss-system","status":"publish","type":"page","link":"https:\/\/www.glm-laser.com\/glm\/3d-messsysteme-branchen\/messestand-anriss-system\/","title":{"rendered":"Messe-System"},"content":{"rendered":"<h1>Abstecksystem f\u00fcr Messest\u00e4nde (MAS)<\/h1>\n<div class=\"section\">\n<p align=\"justify\"><img loading=\"lazy\" decoding=\"async\" class=\"alignright size-medium wp-image-1813\" src=\"https:\/\/www.glm-laser.com\/glm\/wp-content\/uploads\/Messestaende-300x188.jpg\" alt=\"Messestaende\" width=\"300\" height=\"188\" \/>Zeit spielt im Messebau eine immer gr\u00f6\u00dfere Rolle. Dies liegt daran,\u00a0dass die Puffer zwischen einzelnen Elementen des Messezyklus (Messebetrieb, Abbau, Reinigung der Halle, Absteckung der neuen St\u00e4nde, Aufbau der St\u00e4nde, Messebetrieb) immer k\u00fcrzer werden. Eine logische Schlussfolgerung war, dass einzelne Aufgaben schneller bew\u00e4ltigt werden m\u00fcssen. In M\u00fcnchen wurde dies erkannt und seit 2009 wird hier ein Vermessungssystem zur Absteckung von Standgrenzen eingesetzt. Das System l\u00e4uft seither erfolgreich:<\/p>\n<div align=\"justify\">\n<ul>\n<li>Das System wird von <strong>einer Person <\/strong>bedient.<\/li>\n<\/ul>\n<ul>\n<li>Die Pl\u00e4ne m\u00fcssen <strong>nicht mehr bema\u00dft<\/strong> werden, da sie digital als *.dxf oder *.dwg vorliegen. (dies spart bei einer unvorhergesehenen Plan\u00e4nderung Zeit).<\/li>\n<\/ul>\n<ul>\n<li>Der Hallenboden muss <strong>nicht mehr mit N\u00e4geln durchsiebt<\/strong> oder mit anderen Mitteln markiert werden. Es reichen 4 bekannte Punkte, welche frei in der Halle verteilt werden k\u00f6nnen.<\/li>\n<\/ul>\n<ul>\n<li>Es kann schon <strong>Teppichboden ausgelegt<\/strong> sein, da Sie nicht mehr auf die Bodenmarkierungen angewiesen sind.<\/li>\n<\/ul>\n<ul>\n<li>Die <strong>Genauigkeit steigt enorm<\/strong>, da unter anderem der rechte Winkel nicht mehr gesch\u00e4tzt werden muss.<\/li>\n<\/ul>\n<ul>\n<li>Alle abgesteckten (in die \u00d6rtlichkeit \u00fcbertragenen) Punkte werden <strong>automatisch protokolliert<\/strong>, somit hat der Dienstleister einen <strong>Nachweis \u00fcber die erbrachte Leistung<\/strong>.<\/li>\n<\/ul>\n<ul>\n<li>Es wird von <strong>einer Person<\/strong> pro Punkt eine Zeit zwischen 45sec und 90sec ben\u00f6tigt. Das bedeutet, dass eine Messehalle mit 300 Punkten innerhalb eines Zeitraums von 4 bis 7 Stunden abgesteckt werden kann.<\/li>\n<\/ul>\n<\/div>\n<p align=\"justify\">In M\u00fcnchen wurde auf vorhandenes Personal zur\u00fcckgegriffen. Nach 2 Tagen Schulung ist jeder qualifiziert, das System erfolgreich zu bedienen.<\/p>\n<p align=\"justify\">Das Absteckssystem (MAS) wurde dem Gel\u00e4nde der Messe K\u00f6ln getestet. Alles zu diesem Test finden Sie im beiligenden Bericht.<\/p>\n<\/div>\n<p align=\"justify\"><a href=\"https:\/\/www.glm-laser.com\/glm\/wp-content\/uploads\/bericht_messestand_anreissen.pdf\" target=\"_blank\" rel=\"noopener noreferrer\"><img loading=\"lazy\" decoding=\"async\" class=\"size-full wp-image-958 alignleft\" src=\"https:\/\/www.glm-laser.com\/glm\/wp-content\/uploads\/pdf-icon.png\" alt=\"Download PDF\" width=\"38\" height=\"42\" \/><\/a><\/p>\n<p align=\"justify\"><a href=\"https:\/\/www.glm-laser.com\/glm\/wp-content\/uploads\/bericht_messestand_anreissen.pdf\">Bericht MAS K\u00f6ln (452 kB)<\/a><\/p>\n","protected":false},"excerpt":{"rendered":"<p>Abstecksystem f\u00fcr Messest\u00e4nde (MAS) Zeit spielt im Messebau eine immer gr\u00f6\u00dfere Rolle. Dies liegt daran,\u00a0dass die Puffer zwischen einzelnen Elementen des Messezyklus (Messebetrieb, Abbau, Reinigung der Halle, Absteckung der neuen St\u00e4nde, Aufbau der St\u00e4nde, Messebetrieb) immer k\u00fcrzer werden. Eine logische Schlussfolgerung war, dass einzelne Aufgaben schneller bew\u00e4ltigt werden m\u00fcssen. In M\u00fcnchen wurde dies erkannt und [&hellip;]<\/p>\n","protected":false},"author":1,"featured_media":0,"parent":15,"menu_order":14,"comment_status":"closed","ping_status":"closed","template":"page_submenu.php","meta":{"footnotes":""},"class_list":["post-1513","page","type-page","status-publish","hentry"],"_links":{"self":[{"href":"https:\/\/www.glm-laser.com\/glm\/wp-json\/wp\/v2\/pages\/1513"}],"collection":[{"href":"https:\/\/www.glm-laser.com\/glm\/wp-json\/wp\/v2\/pages"}],"about":[{"href":"https:\/\/www.glm-laser.com\/glm\/wp-json\/wp\/v2\/types\/page"}],"author":[{"embeddable":true,"href":"https:\/\/www.glm-laser.com\/glm\/wp-json\/wp\/v2\/users\/1"}],"replies":[{"embeddable":true,"href":"https:\/\/www.glm-laser.com\/glm\/wp-json\/wp\/v2\/comments?post=1513"}],"version-history":[{"count":7,"href":"https:\/\/www.glm-laser.com\/glm\/wp-json\/wp\/v2\/pages\/1513\/revisions"}],"predecessor-version":[{"id":8730,"href":"https:\/\/www.glm-laser.com\/glm\/wp-json\/wp\/v2\/pages\/1513\/revisions\/8730"}],"up":[{"embeddable":true,"href":"https:\/\/www.glm-laser.com\/glm\/wp-json\/wp\/v2\/pages\/15"}],"wp:attachment":[{"href":"https:\/\/www.glm-laser.com\/glm\/wp-json\/wp\/v2\/media?parent=1513"}],"curies":[{"name":"wp","href":"https:\/\/api.w.org\/{rel}","templated":true}]}}