{"id":1515,"date":"2016-04-27T15:38:08","date_gmt":"2016-04-27T13:38:08","guid":{"rendered":"http:\/\/www.glm-laser.com\/?page_id=1515"},"modified":"2025-10-23T17:46:52","modified_gmt":"2025-10-23T15:46:52","slug":"3d-vermessung-archaeologie","status":"publish","type":"page","link":"https:\/\/www.glm-laser.com\/glm\/3d-messsysteme-branchen\/3d-vermessung-archaeologie\/","title":{"rendered":"Arch\u00e4ologie"},"content":{"rendered":"<div id=\"content\">\n<h1>Arch\u00e4ologie<\/h1>\n<h1>3D-Vermessungssysteme f\u00fcr die Arch\u00e4ologie<\/h1>\n<div class=\"section\">\n<p align=\"justify\">\n<p align=\"justify\">Schon bei Heinrich Schliemann und Wilhelm D\u00f6rpfeld kamen verschiedene Messmittel wie Messlatte und Skalentheodolit zum Einsatz. Im 19. Jahrhundert war die Bedeutung der grafischen Dokumentation (Karten) vor und w\u00e4hrend einer Grabung bereits bekannt. Seit Schliemann hat sich einiges in der Arch\u00e4ologie ge\u00e4ndert, wie auch in der Vermessung. Was damals mit Messschnur, <a title=\"Optische H\u00f6henmessung\" href=\"https:\/\/www.glm-laser.com\/nicht-im-menue\/optische-hoehenmessung\/\">Nivellier<\/a> und Theodolit in m\u00fchseliger Detailarbeit geschah, erledigt heute unter anderem der Tachymeter (Totalstation) mit digitalem Feldbuch. So entsteht die Datengrundlage f\u00fcr ein Grabungs-GIS (Geo-Informations-System).<\/p>\n<div align=\"justify\"><\/div>\n<p align=\"justify\">Ob in Sigeion (Troja, T\u00fcrkei), Pantelleria (Italien) oder bei der Aufnahme einer Burgruine in Deutschland: \u00dcberall werden Systeme ben\u00f6tigt um die Schnitte abzustecken, bzw. die Funde (Knochen, Keramiken und M\u00fcnzen) in einem Koordinatensystem zu erfassen.<\/p>\n<div align=\"justify\"><\/div>\n<p align=\"justify\">Mit den Sokkia Totalstationen und der Software wird dies an vielen Ausgrabungsorten seit Jahrzenten erfolgreich umgesetzt. Durch die Software SurvCE erschlie\u00dfen sich immer neue M\u00f6glichkeiten, z.B. ist es m\u00f6glich, direkt in einem DXF (Digitaler Plan) zu arbeiten und somit alle wichtigen Punkte und Umrisse von Strukturen zu erfassen. Ein weiterer Pluspunkt dieses Systems ist seine Anwenderfreundlichkeit, die Programmstruktur ist klar aufgebaut und der Anwender findet sich sehr schnell zurecht.<\/p>\n<div align=\"justify\"><\/div>\n<p align=\"justify\">Eingesetzt wird dieses System unter anderem in:<\/p>\n<div align=\"justify\"><\/div>\n<ul>\n<li>\u00a0Sigeion, Troja T\u00fcrkei<\/li>\n<li>\u00a0Pantelleria, Italien<\/li>\n<\/ul>\n<\/div>\n<\/div>\n","protected":false},"excerpt":{"rendered":"<p>Arch\u00e4ologie 3D-Vermessungssysteme f\u00fcr die Arch\u00e4ologie Schon bei Heinrich Schliemann und Wilhelm D\u00f6rpfeld kamen verschiedene Messmittel wie Messlatte und Skalentheodolit zum Einsatz. Im 19. Jahrhundert war die Bedeutung der grafischen Dokumentation (Karten) vor und w\u00e4hrend einer Grabung bereits bekannt. Seit Schliemann hat sich einiges in der Arch\u00e4ologie ge\u00e4ndert, wie auch in der Vermessung. Was damals mit [&hellip;]<\/p>\n","protected":false},"author":1,"featured_media":0,"parent":15,"menu_order":15,"comment_status":"closed","ping_status":"closed","template":"page_submenu.php","meta":{"footnotes":""},"class_list":["post-1515","page","type-page","status-publish","hentry"],"_links":{"self":[{"href":"https:\/\/www.glm-laser.com\/glm\/wp-json\/wp\/v2\/pages\/1515"}],"collection":[{"href":"https:\/\/www.glm-laser.com\/glm\/wp-json\/wp\/v2\/pages"}],"about":[{"href":"https:\/\/www.glm-laser.com\/glm\/wp-json\/wp\/v2\/types\/page"}],"author":[{"embeddable":true,"href":"https:\/\/www.glm-laser.com\/glm\/wp-json\/wp\/v2\/users\/1"}],"replies":[{"embeddable":true,"href":"https:\/\/www.glm-laser.com\/glm\/wp-json\/wp\/v2\/comments?post=1515"}],"version-history":[{"count":10,"href":"https:\/\/www.glm-laser.com\/glm\/wp-json\/wp\/v2\/pages\/1515\/revisions"}],"predecessor-version":[{"id":10410,"href":"https:\/\/www.glm-laser.com\/glm\/wp-json\/wp\/v2\/pages\/1515\/revisions\/10410"}],"up":[{"embeddable":true,"href":"https:\/\/www.glm-laser.com\/glm\/wp-json\/wp\/v2\/pages\/15"}],"wp:attachment":[{"href":"https:\/\/www.glm-laser.com\/glm\/wp-json\/wp\/v2\/media?parent=1515"}],"curies":[{"name":"wp","href":"https:\/\/api.w.org\/{rel}","templated":true}]}}