{"id":1520,"date":"2016-04-27T15:49:47","date_gmt":"2016-04-27T13:49:47","guid":{"rendered":"http:\/\/www.glm-laser.com\/?page_id=1520"},"modified":"2016-04-27T16:29:58","modified_gmt":"2016-04-27T14:29:58","slug":"toleranzen-pruefen","status":"publish","type":"page","link":"https:\/\/www.glm-laser.com\/glm\/ueber-glm\/referenzkunden\/toleranzen-pruefen\/","title":{"rendered":"The American Surveyor"},"content":{"rendered":"<h1>Das Pr\u00fcfen von Toleranzen bei Industrieanlagen<\/h1>\n<div class=\"section\">\n<p align=\"justify\"><img loading=\"lazy\" decoding=\"async\" class=\"alignright size-full wp-image-1543\" src=\"https:\/\/www.glm-laser.com\/glm\/wp-content\/uploads\/Kontrolle-Rundheit.jpg\" alt=\"Kontrolle-Rundheit\" width=\"249\" height=\"278\" \/>In einigen europ\u00e4ischen L\u00e4ndern geh\u00f6rt eine stadtweite \u00dcberwachung der Infrastruktur zum Alltag. Diese \u00dcberwachung konzentriert sich normalerweise auf vorhandene Bauwerke, die sich neben neuen noch in der Bauphase befindlichen Konstruktionen\u00a0 wie beispielsweise Tunneln\u00a0 befinden.\u00a0 Durch die in Abst\u00e4nden von einer halben Sekunde erfolgende Lokalisierung der Positionen von diversen Abschnitten bestehender Bauwerke &#8211; oftmals durch die Anwendung von hochpr\u00e4zisen automatisierten Totalstationen &#8211; k\u00f6nnen Vermessungsingenieure bestimmen, ob die vorhandenen Bausubstanzen w\u00e4hrend des Bauprozesses\u00a0 verlagert werden. Die Folge sind nicht nur potentielle Geldeinsparungen, sondern auch die Rettung von Leben.<\/p>\n<p align=\"justify\">Dieser extreme Genauigkeitsgrad eignet sich auch f\u00fcr ultrapr\u00e4zise industrielle Messanwendungen. Potentielle Sicherheitsgewinne sowie eine verbesserte Betriebsleistung, eine l\u00e4ngere Lebensdauer der Ausr\u00fcstung und ein schnellerer \u201eReturn on Investment&#8220; sind in diesem Bereich m\u00f6glich. Insbesondere drei Anwendungen haben k\u00fcrzlich gro\u00dfen Nutzen aus dieser \u00dcberwachung gezogen.<\/p>\n<\/div>\n<p>&nbsp;<\/p>\n<div class=\"section\">\n<div style=\"text-align: left;\" align=\"center\"><a title=\"3D-Messtchnik Windkraftanlagen\" href=\"https:\/\/www.glm-laser.com\/glm\/branchen\/wind\/\">Windkraftindustrie<\/a><\/div>\n<div style=\"text-align: left;\" align=\"center\"><a title=\"3D-Messsystem Flugzeugbau\" href=\"https:\/\/www.glm-laser.com\/glm\/branchen\/flugzeugbau\/\">Flugzeugbau<\/a><\/div>\n<div style=\"text-align: left;\" align=\"center\"><a title=\"3D-Messtechnik Werften\" href=\"https:\/\/www.glm-laser.com\/glm\/branchen\/schiffbau\/\">Schiffbau<\/a><\/div>\n<\/div>\n<p>&nbsp;<\/p>\n<p><img loading=\"lazy\" decoding=\"async\" class=\"size-full wp-image-958 alignleft\" src=\"https:\/\/www.glm-laser.com\/glm\/wp-content\/uploads\/pdf-icon.png\" alt=\"Download PDF\" width=\"38\" height=\"42\" \/><\/p>\n<p><a href=\"https:\/\/www.glm-laser.com\/glm\/wp-content\/uploads\/theamericansurveyor_talend-industrialtolerances_vol9no3.pdf\"><br \/>\nThe American Surveyor (1 MB)<\/a><\/p>\n","protected":false},"excerpt":{"rendered":"<p>Das Pr\u00fcfen von Toleranzen bei Industrieanlagen In einigen europ\u00e4ischen L\u00e4ndern geh\u00f6rt eine stadtweite \u00dcberwachung der Infrastruktur zum Alltag. Diese \u00dcberwachung konzentriert sich normalerweise auf vorhandene Bauwerke, die sich neben neuen noch in der Bauphase befindlichen Konstruktionen\u00a0 wie beispielsweise Tunneln\u00a0 befinden.\u00a0 Durch die in Abst\u00e4nden von einer halben Sekunde erfolgende Lokalisierung der Positionen von diversen Abschnitten [&hellip;]<\/p>\n","protected":false},"author":1,"featured_media":0,"parent":82,"menu_order":2,"comment_status":"closed","ping_status":"closed","template":"page_submenu.php","meta":{"footnotes":""},"class_list":["post-1520","page","type-page","status-publish","hentry"],"_links":{"self":[{"href":"https:\/\/www.glm-laser.com\/glm\/wp-json\/wp\/v2\/pages\/1520"}],"collection":[{"href":"https:\/\/www.glm-laser.com\/glm\/wp-json\/wp\/v2\/pages"}],"about":[{"href":"https:\/\/www.glm-laser.com\/glm\/wp-json\/wp\/v2\/types\/page"}],"author":[{"embeddable":true,"href":"https:\/\/www.glm-laser.com\/glm\/wp-json\/wp\/v2\/users\/1"}],"replies":[{"embeddable":true,"href":"https:\/\/www.glm-laser.com\/glm\/wp-json\/wp\/v2\/comments?post=1520"}],"version-history":[{"count":9,"href":"https:\/\/www.glm-laser.com\/glm\/wp-json\/wp\/v2\/pages\/1520\/revisions"}],"predecessor-version":[{"id":1551,"href":"https:\/\/www.glm-laser.com\/glm\/wp-json\/wp\/v2\/pages\/1520\/revisions\/1551"}],"up":[{"embeddable":true,"href":"https:\/\/www.glm-laser.com\/glm\/wp-json\/wp\/v2\/pages\/82"}],"wp:attachment":[{"href":"https:\/\/www.glm-laser.com\/glm\/wp-json\/wp\/v2\/media?parent=1520"}],"curies":[{"name":"wp","href":"https:\/\/api.w.org\/{rel}","templated":true}]}}