{"id":154,"date":"2015-06-12T11:39:14","date_gmt":"2015-06-12T09:39:14","guid":{"rendered":"http:\/\/www.glm-laser.com\/?page_id=154"},"modified":"2021-04-14T14:03:20","modified_gmt":"2021-04-14T12:03:20","slug":"ganzheitliche-loesungen","status":"publish","type":"page","link":"https:\/\/www.glm-laser.com\/glm\/leistungen\/ganzheitliche-loesungen\/","title":{"rendered":"Ganzheitliche L\u00f6sungen"},"content":{"rendered":"<h1>Ganzheitliche L\u00f6sungen<\/h1>\n<p>Einen echten Mehrwert zu bieten \u2013 das ist unser Anspruch. Bei GLM bekommen Sie nicht nur hochwertige Messtechnik, sondern auch gleich die passende Software dazu \u2013 aus einer Hand! Das ist im Markt einzigartig.<\/p>\n<h3>&#8230;f\u00fcr jeden Einsatzbereich!<\/h3>\n<ul>\n<li><a href=\"https:\/\/www.glm-laser.com\/glm\/ueber-glm\/beratungskonzept\/\">Beratung &amp; Vorf\u00fchrung<\/a><\/li>\n<li><a href=\"https:\/\/www.glm-laser.com\/glm\/leistungen\/schulungen\/\">Schulung<\/a><\/li>\n<\/ul>\n<ul>\n<li><a href=\"https:\/\/www.glm-laser.com\/glm\/optische-vermessungsinstrumente-3\/optische-vermessungsinstrumente-3\/\">Instrumente<\/a><\/li>\n<li><a href=\"https:\/\/www.glm-laser.com\/glm\/software\/\">Software<\/a><\/li>\n<li><a href=\"https:\/\/www.glm-laser.com\/glm\/optische-vermessungsinstrumente-2\/zubehoer-2\/\">Zubeh\u00f6r<\/a><\/li>\n<\/ul>\n<ul>\n<li><a href=\"https:\/\/www.glm-laser.com\/glm\/leistungen\/service\/\">Service &amp; Kalibrierung <\/a><\/li>\n<li><a href=\"https:\/\/www.glm-laser.com\/glm\/leistungen\/vermessungsdienstleistungen\/\">Auftragsmessungen<\/a><\/li>\n<\/ul>\n","protected":false},"excerpt":{"rendered":"<p>Einen echten Mehrwert zu bieten \u2013 das ist unser Anspruch. Bei GLM bekommen Sie nicht nur hochwertige Messtechnik, sondern auch gleich die passende Software dazu \u2013 aus einer Hand! Das ist im Markt einzigartig. &#8230;f\u00fcr jeden Einsatzbereich! Beratung &amp; Vorf\u00fchrung Schulung Instrumente Software Zubeh\u00f6r Service &amp; Kalibrierung Auftragsmessungen<\/p>\n","protected":false},"author":4,"featured_media":0,"parent":1009,"menu_order":0,"comment_status":"open","ping_status":"closed","template":"page_submenu.php","meta":{"footnotes":""},"class_list":["post-154","page","type-page","status-publish","hentry"],"_links":{"self":[{"href":"https:\/\/www.glm-laser.com\/glm\/wp-json\/wp\/v2\/pages\/154"}],"collection":[{"href":"https:\/\/www.glm-laser.com\/glm\/wp-json\/wp\/v2\/pages"}],"about":[{"href":"https:\/\/www.glm-laser.com\/glm\/wp-json\/wp\/v2\/types\/page"}],"author":[{"embeddable":true,"href":"https:\/\/www.glm-laser.com\/glm\/wp-json\/wp\/v2\/users\/4"}],"replies":[{"embeddable":true,"href":"https:\/\/www.glm-laser.com\/glm\/wp-json\/wp\/v2\/comments?post=154"}],"version-history":[{"count":14,"href":"https:\/\/www.glm-laser.com\/glm\/wp-json\/wp\/v2\/pages\/154\/revisions"}],"predecessor-version":[{"id":9744,"href":"https:\/\/www.glm-laser.com\/glm\/wp-json\/wp\/v2\/pages\/154\/revisions\/9744"}],"up":[{"embeddable":true,"href":"https:\/\/www.glm-laser.com\/glm\/wp-json\/wp\/v2\/pages\/1009"}],"wp:attachment":[{"href":"https:\/\/www.glm-laser.com\/glm\/wp-json\/wp\/v2\/media?parent=154"}],"curies":[{"name":"wp","href":"https:\/\/api.w.org\/{rel}","templated":true}]}}