{"id":156,"date":"2015-06-12T11:45:33","date_gmt":"2015-06-12T09:45:33","guid":{"rendered":"http:\/\/www.glm-laser.com\/?page_id=156"},"modified":"2022-02-25T15:42:40","modified_gmt":"2022-02-25T14:42:40","slug":"service","status":"publish","type":"page","link":"https:\/\/www.glm-laser.com\/glm\/leistungen\/service\/","title":{"rendered":"Wartung und Kalibrierung"},"content":{"rendered":"<h1>Wartung, Kalibrierung\u00a0und Reparatur<br \/>\noptischer Vermessungsinstrumente<\/h1>\n<div class=\"section\">\n<p align=\"justify\"><img loading=\"lazy\" decoding=\"async\" class=\"alignright wp-image-1929 size-full\" src=\"https:\/\/www.glm-laser.com\/glm\/wp-content\/uploads\/certificate.jpg\" alt=\"certificate\" width=\"200\" height=\"126\" \/><\/p>\n<p align=\"justify\">GLM Laserme\u00dftechnik betreibt ein zertifiziertes Labor zur Wartung, Kalibrierung\u00a0und Reparatur von <a title=\"Instrument Winkel Streckenmessung\" href=\"https:\/\/www.glm-laser.com\/glm\/optische-vermessungsinstrumente-2\/net05ax-ii\/\">Tachymetern (Totalstationen)<\/a>, <a title=\"Instrument Winkelmessung\" href=\"https:\/\/www.glm-laser.com\/glm\/optische-vermessungsinstrumente-2\/sokkia-ingenieurtheodolit\/\">Theodolite<\/a> und <a title=\"Optische H\u00f6henmessung\" href=\"https:\/\/www.glm-laser.com\/nicht-im-menue\/optische-hoehenmessung\/\">Pr\u00e4zisionsnivellieren<\/a> (aus dem Hause Sokkia). Ausgestattet ist dieses Labor mit einer Kollimatorstation, einem Laserinterferometer, sowie Pr\u00fcfstrecken bis zu einer L\u00e4nge von 1300m im Freigel\u00e4nde. Ausgebildetes Fachpersonal f\u00fchrt hier die Wartung und Kalibrierung von <a title=\"Instrumente 3D-Vermessung\" href=\"https:\/\/www.glm-laser.com\/glm\/optische-vermessungsinstrumente-3\/\">optischen Vermessungsinstrumenten<\/a> durch. Bei einer Inspektion wird das Instrument unter anderem folgenden \u00dcberpr\u00fcfungen unterzogen:<\/p>\n<\/div>\n<ul>\n<li>\u00dcberpr\u00fcfung der Funktionalit\u00e4t aller Bedienteile (Dreifu\u00df, Klemmen, Fokussierringe, etc., evtl. Nachfetten)<\/li>\n<li>\u00dcberpr\u00fcfen und Reinigen aller optischen Elemente<\/li>\n<li>Pr\u00fcfen und Justieren aller Libellen<\/li>\n<li>Pr\u00fcfen und Justieren des Neigungssensors (insbesondere hinsichtlich Messbereich und Spielpunkt)<\/li>\n<li>Pr\u00fcfen und Justieren des H\u00f6henindexfehlers<\/li>\n<li>Pr\u00fcfen und Justieren des Kollimationsfehlers<\/li>\n<li>Pr\u00fcfen und Justieren des Kippachsfehlers<\/li>\n<li>Pr\u00fcfen und Justieren des optischen Lotes<\/li>\n<li>Pr\u00fcfen und Justieren von optischer und Mess-Ziellinie<\/li>\n<li>\u00dcberpr\u00fcfung der Streckenmessung (EDM-check)<\/li>\n<li>Pr\u00fcfen der Akkus und des Ladeger\u00e4tes<\/li>\n<\/ul>\n<h3>Flotten Management<\/h3>\n<p>H\u00e4ufig sind die Tachymeter im st\u00e4ndigen Einsatz. Durch einen gro\u00dfen Mietpark ist GLM in der Lage, w\u00e4hrend der Wartungs- oder Reparaturphase dem Kunden ein gleichwertiges Instrument zur Verf\u00fcgung zu stellen.<\/p>\n<h3>Unabh\u00e4ngiger Kalibrierdienst<\/h3>\n<p>Falls Ihre Auftraggeber ein Kalibrierzeugnis f\u00fcr die sich im Einsatz befindlichen Vermessungsinstrumente voraussetzen, bieten wir Ihnen an, die Durchf\u00fchrung einer schnellstm\u00f6glichen Kalibrierung in Zusammenarbeit mit der DMT GmbH &amp; Co. KG. zu organisieren.<\/p>\n<p><a href=\"https:\/\/www.glm-laser.com\/glm\/wp-content\/uploads\/GLM-service-certificat.jpg\" class=\"gallery_colorbox\" target=\"_blank\" rel=\"noopener noreferrer\"><img loading=\"lazy\" decoding=\"async\" class=\"alignleft size-full wp-image-958\" src=\"https:\/\/www.glm-laser.com\/glm\/wp-content\/uploads\/pdf-icon.png\"  alt=\"Download PDF\" width=\"38\" height=\"42\" \/><br \/>\n<\/a><\/p>\n<p><a href=\"https:\/\/www.glm-laser.com\/glm\/wp-content\/uploads\/GLM-service-certificat.jpg\" target=\"_blank\" rel=\"noopener noreferrer\">Zertifikat GLM<\/a><\/p>\n","protected":false},"excerpt":{"rendered":"<p>Wartung, Kalibrierung\u00a0und Reparatur optischer Vermessungsinstrumente GLM Laserme\u00dftechnik betreibt ein zertifiziertes Labor zur Wartung, Kalibrierung\u00a0und Reparatur von Tachymetern (Totalstationen), Theodolite und Pr\u00e4zisionsnivellieren (aus dem Hause Sokkia). Ausgestattet ist dieses Labor mit einer Kollimatorstation, einem Laserinterferometer, sowie Pr\u00fcfstrecken bis zu einer L\u00e4nge von 1300m im Freigel\u00e4nde. Ausgebildetes Fachpersonal f\u00fchrt hier die Wartung und Kalibrierung von optischen Vermessungsinstrumenten [&hellip;]<\/p>\n","protected":false},"author":1,"featured_media":0,"parent":1009,"menu_order":0,"comment_status":"open","ping_status":"closed","template":"page_submenu.php","meta":{"footnotes":""},"class_list":["post-156","page","type-page","status-publish","hentry"],"_links":{"self":[{"href":"https:\/\/www.glm-laser.com\/glm\/wp-json\/wp\/v2\/pages\/156"}],"collection":[{"href":"https:\/\/www.glm-laser.com\/glm\/wp-json\/wp\/v2\/pages"}],"about":[{"href":"https:\/\/www.glm-laser.com\/glm\/wp-json\/wp\/v2\/types\/page"}],"author":[{"embeddable":true,"href":"https:\/\/www.glm-laser.com\/glm\/wp-json\/wp\/v2\/users\/1"}],"replies":[{"embeddable":true,"href":"https:\/\/www.glm-laser.com\/glm\/wp-json\/wp\/v2\/comments?post=156"}],"version-history":[{"count":22,"href":"https:\/\/www.glm-laser.com\/glm\/wp-json\/wp\/v2\/pages\/156\/revisions"}],"predecessor-version":[{"id":10052,"href":"https:\/\/www.glm-laser.com\/glm\/wp-json\/wp\/v2\/pages\/156\/revisions\/10052"}],"up":[{"embeddable":true,"href":"https:\/\/www.glm-laser.com\/glm\/wp-json\/wp\/v2\/pages\/1009"}],"wp:attachment":[{"href":"https:\/\/www.glm-laser.com\/glm\/wp-json\/wp\/v2\/media?parent=156"}],"curies":[{"name":"wp","href":"https:\/\/api.w.org\/{rel}","templated":true}]}}