{"id":160,"date":"2015-06-12T11:46:49","date_gmt":"2015-06-12T09:46:49","guid":{"rendered":"http:\/\/www.glm-laser.com\/?page_id=160"},"modified":"2026-02-17T11:30:54","modified_gmt":"2026-02-17T10:30:54","slug":"reparatur","status":"publish","type":"page","link":"https:\/\/www.glm-laser.com\/glm\/leistungen\/reparatur\/","title":{"rendered":"Reparatur"},"content":{"rendered":"<div id=\"content\">\n<h1>Reparatur von Sokkia Lasern und Nivellieren<\/h1>\n<div class=\"section\">\n<p>GLM Lasermesstechnik justiert und repariert selbst keine Laser (LP &#8211; Serie) und mechanischen Baunivelliere von Sokkia mehr.<\/p>\n<p>Wir k\u00f6nnen Ihnen jedoch Werkst\u00e4tten empfehlen, die diese Dienstleistung f\u00fcr unsere Stammkunden \u00fcbernehmen:<\/p>\n<p><a title=\"Partner und Foren\" href=\"https:\/\/www.glm-laser.com\/glm\/ueber-glm\/partner-und-foren\/\">Partnerliste<\/a><\/p>\n<\/div>\n<\/div>\n","protected":false},"excerpt":{"rendered":"<p>Reparatur von Sokkia Lasern und Nivellieren GLM Lasermesstechnik justiert und repariert selbst keine Laser (LP &#8211; Serie) und mechanischen Baunivelliere von Sokkia mehr. Wir k\u00f6nnen Ihnen jedoch Werkst\u00e4tten empfehlen, die diese Dienstleistung f\u00fcr unsere Stammkunden \u00fcbernehmen: Partnerliste<\/p>\n","protected":false},"author":1,"featured_media":0,"parent":1009,"menu_order":2,"comment_status":"open","ping_status":"closed","template":"page_submenu.php","meta":{"footnotes":""},"class_list":["post-160","page","type-page","status-publish","hentry"],"_links":{"self":[{"href":"https:\/\/www.glm-laser.com\/glm\/wp-json\/wp\/v2\/pages\/160"}],"collection":[{"href":"https:\/\/www.glm-laser.com\/glm\/wp-json\/wp\/v2\/pages"}],"about":[{"href":"https:\/\/www.glm-laser.com\/glm\/wp-json\/wp\/v2\/types\/page"}],"author":[{"embeddable":true,"href":"https:\/\/www.glm-laser.com\/glm\/wp-json\/wp\/v2\/users\/1"}],"replies":[{"embeddable":true,"href":"https:\/\/www.glm-laser.com\/glm\/wp-json\/wp\/v2\/comments?post=160"}],"version-history":[{"count":10,"href":"https:\/\/www.glm-laser.com\/glm\/wp-json\/wp\/v2\/pages\/160\/revisions"}],"predecessor-version":[{"id":10472,"href":"https:\/\/www.glm-laser.com\/glm\/wp-json\/wp\/v2\/pages\/160\/revisions\/10472"}],"up":[{"embeddable":true,"href":"https:\/\/www.glm-laser.com\/glm\/wp-json\/wp\/v2\/pages\/1009"}],"wp:attachment":[{"href":"https:\/\/www.glm-laser.com\/glm\/wp-json\/wp\/v2\/media?parent=160"}],"curies":[{"name":"wp","href":"https:\/\/api.w.org\/{rel}","templated":true}]}}