{"id":1646,"date":"2016-04-28T11:07:04","date_gmt":"2016-04-28T09:07:04","guid":{"rendered":"http:\/\/www.glm-laser.com\/?page_id=1646"},"modified":"2020-11-10T12:06:23","modified_gmt":"2020-11-10T11:06:23","slug":"kurbelstativ-117sk","status":"publish","type":"page","link":"https:\/\/www.glm-laser.com\/glm\/optische-vermessungsinstrumente-3\/zubehoer-2\/stative\/kurbelstativ\/kurbelstativ-117sk\/","title":{"rendered":"Kurbelstativ 117SK"},"content":{"rendered":"<h1>Kurbelstativ 117SK von Sokkia<\/h1>\n<div class=\"section\">\n<p align=\"justify\"><img loading=\"lazy\" decoding=\"async\" class=\"alignright size-full wp-image-1657\" src=\"https:\/\/www.glm-laser.com\/glm\/wp-content\/uploads\/Kurbelstativ-117SK.jpg\" alt=\"Kurbelstativ-117SK\" width=\"199\" height=\"430\" srcset=\"https:\/\/www.glm-laser.com\/glm\/wp-content\/uploads\/Kurbelstativ-117SK.jpg 199w, https:\/\/www.glm-laser.com\/glm\/wp-content\/uploads\/Kurbelstativ-117SK-139x300.jpg 139w\" sizes=\"(max-width: 199px) 100vw, 199px\" \/>Das Stativ 117SK von Sokkia ist ausgestattet mit Mittenverstrebungen. Die Aufbauh\u00f6he liegt zwischen 0,7m und 3,4m. Der m\u00f6gliche Beinauszug ist dreifach. Der Stativkopf ist abnehmbar (Klemmschrauben) und ist ausgestattet mit einer 5\/8&#8243; Aufnahme. Der Kurbelhub liegt bei 55cm. Die Mittels\u00e4ule ist arretierbar. Beinauszug und Streben werden mit Klemmschrauben arretiert. Das 117SK ist mit Gummi-F\u00fc\u00dfen ausgestattet. Dieses Kurbelstativ eignet sich hervorragend f\u00fcr Laser und Nivelliere.<\/p>\n<div align=\"justify\"><\/div>\n<div align=\"justify\"><\/div>\n<p align=\"justify\"><strong>Charakteristische Merkmale:<\/strong><\/p>\n<div align=\"justify\">\n<ul type=\"disc\">\n<li>Kurbelstativ mit Mittenverstrebung<\/li>\n<li>Aufbauh\u00f6he von 0,7m bis 3,4<\/li>\n<li>Beinauszug dreifach<\/li>\n<\/ul>\n<p><strong>Weitere Merkmale:<\/strong><\/p>\n<ul type=\"disc\">\n<li>Stativkopf abnehmbar (Klemmschraube)<\/li>\n<li>5\/8&#8243;-Aufnahme<\/li>\n<li>Kurbelhub 55cm<\/li>\n<li>Mittels\u00e4ule arretierbar<\/li>\n<li>Beinauszug und Streben mit Klemmschraube<\/li>\n<li>Gummi-F\u00fc\u00dfe<\/li>\n<\/ul>\n<p><strong>Geeignet f\u00fcr:<\/strong><\/p>\n<ul type=\"disc\">\n<li>Laser<\/li>\n<li>Nivelliere<\/li>\n<\/ul>\n<p><a href=\"https:\/\/www.glm-laser.com\/glm\/optische-vermessungsinstrumente-3\/zubehoer-2\/stative\/\">Zur\u00fcck zur \u00dcbersicht<\/a><\/p>\n<\/div>\n<\/div>\n","protected":false},"excerpt":{"rendered":"<p>Kurbelstativ 117SK von Sokkia Das Stativ 117SK von Sokkia ist ausgestattet mit Mittenverstrebungen. Die Aufbauh\u00f6he liegt zwischen 0,7m und 3,4m. Der m\u00f6gliche Beinauszug ist dreifach. Der Stativkopf ist abnehmbar (Klemmschrauben) und ist ausgestattet mit einer 5\/8&#8243; Aufnahme. Der Kurbelhub liegt bei 55cm. Die Mittels\u00e4ule ist arretierbar. Beinauszug und Streben werden mit Klemmschrauben arretiert. Das 117SK [&hellip;]<\/p>\n","protected":false},"author":1,"featured_media":0,"parent":807,"menu_order":2,"comment_status":"closed","ping_status":"closed","template":"page_submenu.php","meta":{"footnotes":""},"class_list":["post-1646","page","type-page","status-publish","hentry"],"_links":{"self":[{"href":"https:\/\/www.glm-laser.com\/glm\/wp-json\/wp\/v2\/pages\/1646"}],"collection":[{"href":"https:\/\/www.glm-laser.com\/glm\/wp-json\/wp\/v2\/pages"}],"about":[{"href":"https:\/\/www.glm-laser.com\/glm\/wp-json\/wp\/v2\/types\/page"}],"author":[{"embeddable":true,"href":"https:\/\/www.glm-laser.com\/glm\/wp-json\/wp\/v2\/users\/1"}],"replies":[{"embeddable":true,"href":"https:\/\/www.glm-laser.com\/glm\/wp-json\/wp\/v2\/comments?post=1646"}],"version-history":[{"count":8,"href":"https:\/\/www.glm-laser.com\/glm\/wp-json\/wp\/v2\/pages\/1646\/revisions"}],"predecessor-version":[{"id":9642,"href":"https:\/\/www.glm-laser.com\/glm\/wp-json\/wp\/v2\/pages\/1646\/revisions\/9642"}],"up":[{"embeddable":true,"href":"https:\/\/www.glm-laser.com\/glm\/wp-json\/wp\/v2\/pages\/807"}],"wp:attachment":[{"href":"https:\/\/www.glm-laser.com\/glm\/wp-json\/wp\/v2\/media?parent=1646"}],"curies":[{"name":"wp","href":"https:\/\/api.w.org\/{rel}","templated":true}]}}