{"id":165,"date":"2015-06-12T11:53:29","date_gmt":"2015-06-12T09:53:29","guid":{"rendered":"http:\/\/www.glm-laser.com\/?page_id=165"},"modified":"2016-05-18T11:08:09","modified_gmt":"2016-05-18T09:08:09","slug":"schulungen","status":"publish","type":"page","link":"https:\/\/www.glm-laser.com\/glm\/leistungen\/schulungen\/","title":{"rendered":"Schulung"},"content":{"rendered":"<div id=\"content\">\n<h1>3D-Vermessung leicht gemacht<\/h1>\n<h1>Schulungen von GLM<\/h1>\n<div class=\"section\">\n<p><img loading=\"lazy\" decoding=\"async\" class=\"alignright wp-image-1927 size-full\" src=\"https:\/\/www.glm-laser.com\/glm\/wp-content\/uploads\/3d-vermessung_schulung.jpg\" alt=\"3d-vermessung_schulung\" width=\"203\" height=\"156\" \/>Selbst die besten Systeml\u00f6sungen sind nutzlos, wenn keiner Sie versteht. Deswegen ist in jedem 3D-Messsystem eine, f\u00fcr den jeweiligen Anwendungsfall ma\u00dfgeschneiderte, Schulung enthalten. In den h\u00e4ufigsten F\u00e4llen wird die Software nicht von Vermessungstechnikern oder Vermessungsingenieuren bedient.<\/p>\n<p>Die Software ist so konzipiert, dass sie auch von Anwendern ohne Vermessungstechnische Vorkenntnisse schnell verstanden wird.<\/p>\n<p>Je nach Aufgabenstellung ist nach 1-3 Tagen jedes GLM Softwarepaket erkl\u00e4rt. Nach erfolgter Schulung, kann jeder interessierte Anwender (Vorarbeiter, Schwei\u00dfer, Metallbauer, usw.) eine 3D-Vermessung selbst\u00e4ndig durchf\u00fchren. Der Anwender wird weiter in die Lage gebracht, die Ergebnisse zu interpretieren und zu dokumentieren.<\/p>\n<p>GLM bietet Schulungen vor Ort (in Ihrer Fertigung) oder in der Zentrale (in Witten) an.<\/p>\n<\/div>\n<\/div>\n","protected":false},"excerpt":{"rendered":"<p>3D-Vermessung leicht gemacht Schulungen von GLM Selbst die besten Systeml\u00f6sungen sind nutzlos, wenn keiner Sie versteht. Deswegen ist in jedem 3D-Messsystem eine, f\u00fcr den jeweiligen Anwendungsfall ma\u00dfgeschneiderte, Schulung enthalten. In den h\u00e4ufigsten F\u00e4llen wird die Software nicht von Vermessungstechnikern oder Vermessungsingenieuren bedient. Die Software ist so konzipiert, dass sie auch von Anwendern ohne Vermessungstechnische Vorkenntnisse [&hellip;]<\/p>\n","protected":false},"author":1,"featured_media":0,"parent":1009,"menu_order":3,"comment_status":"open","ping_status":"closed","template":"page_submenu.php","meta":{"footnotes":""},"class_list":["post-165","page","type-page","status-publish","hentry"],"_links":{"self":[{"href":"https:\/\/www.glm-laser.com\/glm\/wp-json\/wp\/v2\/pages\/165"}],"collection":[{"href":"https:\/\/www.glm-laser.com\/glm\/wp-json\/wp\/v2\/pages"}],"about":[{"href":"https:\/\/www.glm-laser.com\/glm\/wp-json\/wp\/v2\/types\/page"}],"author":[{"embeddable":true,"href":"https:\/\/www.glm-laser.com\/glm\/wp-json\/wp\/v2\/users\/1"}],"replies":[{"embeddable":true,"href":"https:\/\/www.glm-laser.com\/glm\/wp-json\/wp\/v2\/comments?post=165"}],"version-history":[{"count":4,"href":"https:\/\/www.glm-laser.com\/glm\/wp-json\/wp\/v2\/pages\/165\/revisions"}],"predecessor-version":[{"id":1951,"href":"https:\/\/www.glm-laser.com\/glm\/wp-json\/wp\/v2\/pages\/165\/revisions\/1951"}],"up":[{"embeddable":true,"href":"https:\/\/www.glm-laser.com\/glm\/wp-json\/wp\/v2\/pages\/1009"}],"wp:attachment":[{"href":"https:\/\/www.glm-laser.com\/glm\/wp-json\/wp\/v2\/media?parent=165"}],"curies":[{"name":"wp","href":"https:\/\/api.w.org\/{rel}","templated":true}]}}