{"id":1679,"date":"2016-04-28T11:45:14","date_gmt":"2016-04-28T09:45:14","guid":{"rendered":"http:\/\/www.glm-laser.com\/?page_id=1679"},"modified":"2020-10-26T14:42:22","modified_gmt":"2020-10-26T13:42:22","slug":"mq-industriestativ","status":"publish","type":"page","link":"https:\/\/www.glm-laser.com\/glm\/optische-vermessungsinstrumente-3\/zubehoer-2\/stative\/mq-industriestativ\/","title":{"rendered":"Industriestativ MQ"},"content":{"rendered":"<div id=\"attachment_3996\" style=\"width: 310px\" class=\"wp-caption alignright\"><img loading=\"lazy\" decoding=\"async\" aria-describedby=\"caption-attachment-3996\" class=\"Industriestativ MQ wp-image-3996 size-medium\" title=\"Industriestativ MQ\" src=\"https:\/\/www.glm-laser.com\/glm\/wp-content\/uploads\/Industriestativ-300x300.png\" alt=\"\" width=\"300\" height=\"300\" srcset=\"https:\/\/www.glm-laser.com\/glm\/wp-content\/uploads\/Industriestativ-300x300.png 300w, https:\/\/www.glm-laser.com\/glm\/wp-content\/uploads\/Industriestativ-150x150.png 150w, https:\/\/www.glm-laser.com\/glm\/wp-content\/uploads\/Industriestativ-768x768.png 768w, https:\/\/www.glm-laser.com\/glm\/wp-content\/uploads\/Industriestativ-1024x1024.png 1024w, https:\/\/www.glm-laser.com\/glm\/wp-content\/uploads\/Industriestativ.png 1181w\" sizes=\"(max-width: 300px) 100vw, 300px\" \/><\/p>\n<p id=\"caption-attachment-3996\" class=\"wp-caption-text\">Gro\u00dfes Industriestativ MQ<\/p>\n<\/div>\n<h1>Gro\u00dfes Industriestativ MQ<\/h1>\n<div class=\"section\">\n<p>Ein Industriestativ bildet die Grundlage jedes Messaufbaus im Feld der mobilen Industrievermessung. Nur ein Industriestativ gew\u00e4hrleistet einen stabilen Standpunkt f\u00fcr den Messkopft bzw. Industrietachymeter. Somit f\u00e4llt und steigt die Qualit\u00e4t Ihrer Messergebnise schon mit der Wahl des passenden Statives.<\/p>\n<p style=\"text-align: left;\" align=\"justify\">Das gro\u00dfe Industriestativ MQ ist ausgestattet mit Mittenverstrebungen. Die Aufbauh\u00f6he liegt zwischen 1,16m und 2,52m. Der Stativkopf ist abnehmbar (Schraube) und ist ausgestattet mit einer 5\/8&#8243; Aufnahme. Der Kurbelhub liegt bei 60cm. Beinauszug und Streben werden mit Klemmhebeln arretiert. Das Industriestativ MQ ist mit Gummi-F\u00fc\u00dfen oder optional mit Stativspitzen ausgestattet. Das Industriestativ kann Aufbauten bis zu 12 kg tragen. Dieses Industriestativ geh\u00f6rt zur Gruppe der Kurbelstative. Es eignet sich hervorragend f\u00fcr motorisierte Industrietachymeter in anspruchsvollen Messaufgaben.<\/p>\n<p align=\"justify\"><strong>Charakteristische Merkmale:<\/strong><\/p>\n<div align=\"justify\">\n<ul type=\"disc\">\n<li>Kurbelstativ mit Mittenverstrebung<\/li>\n<li>Aufbauh\u00f6he von 1,16m bis 2,52m<\/li>\n<li>Beinauszug einfach<\/li>\n<\/ul>\n<p><strong>Weitere Merkmale:<\/strong><\/p>\n<ul type=\"disc\">\n<li>Stativkopf abnehmbar (Klemmschraube)<\/li>\n<li>5\/8&#8243;-Aufnahme<\/li>\n<li>Kurbelhub 60cm<\/li>\n<li>Beinauszug und Streben mit Klemmhebel<\/li>\n<li>Gummi-F\u00fc\u00dfe optional Stativspitzen<\/li>\n<li>Gewicht 14 kg<\/li>\n<li>Transportl\u00e4nge 1,40 m<\/li>\n<\/ul>\n<p><strong>Geeignet f\u00fcr:<\/strong><\/p>\n<ul>\n<li>Totalstationen<\/li>\n<li>motorisierte Totalstationen <\/li>\n<\/ul>\n<\/div>\n<\/div>\n","protected":false},"excerpt":{"rendered":"<p>Gro\u00dfes Industriestativ MQ Ein Industriestativ bildet die Grundlage jedes Messaufbaus im Feld der mobilen Industrievermessung. Nur ein Industriestativ gew\u00e4hrleistet einen stabilen Standpunkt f\u00fcr den Messkopft bzw. Industrietachymeter. Somit f\u00e4llt und steigt die Qualit\u00e4t Ihrer Messergebnise schon mit der Wahl des passenden Statives. Das gro\u00dfe Industriestativ MQ ist ausgestattet mit Mittenverstrebungen. Die Aufbauh\u00f6he liegt zwischen 1,16m [&hellip;]<\/p>\n","protected":false},"author":1,"featured_media":0,"parent":755,"menu_order":0,"comment_status":"closed","ping_status":"closed","template":"page_submenu.php","meta":{"footnotes":""},"class_list":["post-1679","page","type-page","status-publish","hentry"],"_links":{"self":[{"href":"https:\/\/www.glm-laser.com\/glm\/wp-json\/wp\/v2\/pages\/1679"}],"collection":[{"href":"https:\/\/www.glm-laser.com\/glm\/wp-json\/wp\/v2\/pages"}],"about":[{"href":"https:\/\/www.glm-laser.com\/glm\/wp-json\/wp\/v2\/types\/page"}],"author":[{"embeddable":true,"href":"https:\/\/www.glm-laser.com\/glm\/wp-json\/wp\/v2\/users\/1"}],"replies":[{"embeddable":true,"href":"https:\/\/www.glm-laser.com\/glm\/wp-json\/wp\/v2\/comments?post=1679"}],"version-history":[{"count":20,"href":"https:\/\/www.glm-laser.com\/glm\/wp-json\/wp\/v2\/pages\/1679\/revisions"}],"predecessor-version":[{"id":8707,"href":"https:\/\/www.glm-laser.com\/glm\/wp-json\/wp\/v2\/pages\/1679\/revisions\/8707"}],"up":[{"embeddable":true,"href":"https:\/\/www.glm-laser.com\/glm\/wp-json\/wp\/v2\/pages\/755"}],"wp:attachment":[{"href":"https:\/\/www.glm-laser.com\/glm\/wp-json\/wp\/v2\/media?parent=1679"}],"curies":[{"name":"wp","href":"https:\/\/api.w.org\/{rel}","templated":true}]}}