{"id":1818,"date":"2016-05-13T12:09:36","date_gmt":"2016-05-13T10:09:36","guid":{"rendered":"http:\/\/www.glm-laser.com\/?page_id=1818"},"modified":"2016-05-13T12:14:06","modified_gmt":"2016-05-13T10:14:06","slug":"testmessung-mas-mess-anriss-system","status":"publish","type":"page","link":"https:\/\/www.glm-laser.com\/glm\/3d-messsysteme-branchen\/messestand-anriss-system\/testmessung-mas-mess-anriss-system\/","title":{"rendered":"Testmessung MAS (Mess-Anriss-System)"},"content":{"rendered":"<h1 align=\"justify\">Testmessung MAS (Mess-Anriss-System)<\/h1>\n<p align=\"justify\">Das MAS (Messestand Anriss System) wurde vom 18. bis 19. April in den Messehallen der Messe K\u00f6ln getestet. In dem Test wurden zwei F\u00e4lle behandelt:<img loading=\"lazy\" decoding=\"async\" class=\"alignright size-full wp-image-1812\" src=\"https:\/\/www.glm-laser.com\/glm\/wp-content\/uploads\/anriss-system.jpg\" alt=\"anriss-system\" width=\"199\" height=\"216\" \/><\/p>\n<div align=\"justify\">\n<ul>\n<li>Messehallen ohne S\u00e4ulen (Halle 9)<\/li>\n<li>Messehallen mit S\u00e4ulen (Halle 10.2)<\/li>\n<\/ul>\n<\/div>\n<p align=\"justify\">Das System wird angewendet um Messest\u00e4nde auf dem Hallenboden anzureissen. Die Ergebnisse der Messungen (siehe Bericht) best\u00e4tigten die bisherigen\u00a0 Erfahrungen von der Messe M\u00fcnchen. Je Messestandeckpunkt wurde zwischen 45 Sekunden &#8211; 60 Sekunden Anrisszeit ben\u00f6tigt. Die Messzeit ist v\u00f6llig unabh\u00e4ngig von der Geometrie der Messest\u00e4nde. Es wurde eine Anrissgenauigkeit von +\/- 20mm eingehalten.<\/p>\n<p align=\"justify\"><u>Halle 9:<\/u><\/p>\n<p align=\"justify\">Die Anzahl der angerissenen Punkte betrug 232 (von 232). F\u00fcr den Anriss der halben Halle 9 w\u00fcrde 1 Person ca. 3,25 &#8211; 4 Stunden ben\u00f6tigen (45-60 Sek. x 232 Punkte + 10 bis 15 Min. Aufbauzeit).<\/p>\n<p align=\"justify\"><u>Halle 10.2: <\/u><\/p>\n<p align=\"justify\">Die Anzahl der angerissenen Punkte betrug 172 (von 385). F\u00fcr den Anriss der halben Halle 10.2 w\u00fcrde 1 Person ca. 6,3 &#8211; 8 Stunden ben\u00f6tigen (45-60 Sek. x 385 Punkte + 5 S\u00e4uleng\u00e4nge * 15 Min. Aufbauzeit + 15. Min. Anreissen der fehlenden Punkte).<\/p>\n<p align=\"justify\">Die Ermittlung der Punktmenge ist durch die Software schon vor der ersten Messung zu empfehlen. Somit kann vor dem Anriss der Punkte der n\u00f6tige Zeitaufwand ermittelt werden.<\/p>\n<p align=\"justify\"><a href=\"https:\/\/www.glm-laser.com\/glm\/branchen\/messestand-anriss-system\/\">Hauptartikel<\/a><\/p>\n","protected":false},"excerpt":{"rendered":"<p>Testmessung MAS (Mess-Anriss-System) Das MAS (Messestand Anriss System) wurde vom 18. bis 19. April in den Messehallen der Messe K\u00f6ln getestet. In dem Test wurden zwei F\u00e4lle behandelt: Messehallen ohne S\u00e4ulen (Halle 9) Messehallen mit S\u00e4ulen (Halle 10.2) Das System wird angewendet um Messest\u00e4nde auf dem Hallenboden anzureissen. Die Ergebnisse der Messungen (siehe Bericht) best\u00e4tigten [&hellip;]<\/p>\n","protected":false},"author":1,"featured_media":0,"parent":1513,"menu_order":0,"comment_status":"closed","ping_status":"closed","template":"page_submenu.php","meta":{"footnotes":""},"class_list":["post-1818","page","type-page","status-publish","hentry"],"_links":{"self":[{"href":"https:\/\/www.glm-laser.com\/glm\/wp-json\/wp\/v2\/pages\/1818"}],"collection":[{"href":"https:\/\/www.glm-laser.com\/glm\/wp-json\/wp\/v2\/pages"}],"about":[{"href":"https:\/\/www.glm-laser.com\/glm\/wp-json\/wp\/v2\/types\/page"}],"author":[{"embeddable":true,"href":"https:\/\/www.glm-laser.com\/glm\/wp-json\/wp\/v2\/users\/1"}],"replies":[{"embeddable":true,"href":"https:\/\/www.glm-laser.com\/glm\/wp-json\/wp\/v2\/comments?post=1818"}],"version-history":[{"count":3,"href":"https:\/\/www.glm-laser.com\/glm\/wp-json\/wp\/v2\/pages\/1818\/revisions"}],"predecessor-version":[{"id":1822,"href":"https:\/\/www.glm-laser.com\/glm\/wp-json\/wp\/v2\/pages\/1818\/revisions\/1822"}],"up":[{"embeddable":true,"href":"https:\/\/www.glm-laser.com\/glm\/wp-json\/wp\/v2\/pages\/1513"}],"wp:attachment":[{"href":"https:\/\/www.glm-laser.com\/glm\/wp-json\/wp\/v2\/media?parent=1818"}],"curies":[{"name":"wp","href":"https:\/\/api.w.org\/{rel}","templated":true}]}}