{"id":1863,"date":"2016-05-13T15:46:18","date_gmt":"2016-05-13T13:46:18","guid":{"rendered":"http:\/\/www.glm-laser.com\/?page_id=1863"},"modified":"2016-05-18T11:13:03","modified_gmt":"2016-05-18T09:13:03","slug":"sdr-datenuebertragung","status":"publish","type":"page","link":"https:\/\/www.glm-laser.com\/glm\/leistungen\/support\/sdr-datenuebertragung\/","title":{"rendered":"SDR-Daten\u00fcbertragung"},"content":{"rendered":"<h1>Software zur Daten\u00fcbertragung zwischen Feldbuch\/Instrument zum PC<\/h1>\n<div class=\"section\">\n<p align=\"justify\"><img loading=\"lazy\" decoding=\"async\" class=\"alignright wp-image-1919 size-full\" src=\"https:\/\/www.glm-laser.com\/glm\/wp-content\/uploads\/Datenuebertragung.jpg\" alt=\"Datenuebertragung\" width=\"180\" height=\"125\" \/>Die Software SET Tool wird verwendet um eine Daten\u00fcbertragung vom oder zum:<\/p>\n<div align=\"justify\"><\/div>\n<ul>\n<li>SDR31<\/li>\n<li>SDR33<\/li>\n<li>SET30 Serie<\/li>\n<li>SET50RX Serie<\/li>\n<li>SETX Serie<\/li>\n<\/ul>\n<div align=\"justify\"><\/div>\n<p align=\"justify\">zu erm\u00f6glichen.<\/p>\n<div align=\"justify\"><\/div>\n<p align=\"justify\">Diese Software kann Koordinaten im *.CSV Format laden und zur Totalstation\/Feldbuch senden bzw. Empfangen. F\u00fcr diese Software ben\u00f6tigten Sie keine Registrierung. Allerdings brauchen Sie (wenn die TS \u00fcber kein BT verf\u00fcgt) ein Daten\u00fcbertragungskabel (DOC27).<\/p>\n<div align=\"justify\"><\/div>\n<p align=\"justify\">Wenn Sie weitere Informationen w\u00fcnschen schreiben Sie einfach eine <a href=\"mailto:software@glm-laser.de\">E-Mail<\/a>.<\/p>\n<div align=\"justify\"><\/div>\n<\/div>\n<p><a href=\"https:\/\/www.glm-laser.com\/glm\/wp-content\/uploads\/settooleng.zip\" target=\"_blank\"><img loading=\"lazy\" decoding=\"async\" class=\"alignleft size-full wp-image-958\" src=\"https:\/\/www.glm-laser.com\/glm\/wp-content\/uploads\/pdf-icon.png\" alt=\"Download PDF\" width=\"38\" height=\"42\" \/><\/a><\/p>\n<p><a href=\"https:\/\/www.glm-laser.com\/glm\/wp-content\/uploads\/settooleng.zip\" target=\"_blank\">SET TOOL Download (635 kB)<br \/>\n<\/a><a href=\"https:\/\/www.glm-laser.com\/glm\/wp-content\/uploads\/bedienungsanleitung_prolink.pdf\" target=\"_blank\">Bedienungsanleitung ProLink (105 kB)<\/a><\/p>\n<p>&nbsp;<\/p>\n","protected":false},"excerpt":{"rendered":"<p>Software zur Daten\u00fcbertragung zwischen Feldbuch\/Instrument zum PC Die Software SET Tool wird verwendet um eine Daten\u00fcbertragung vom oder zum: SDR31 SDR33 SET30 Serie SET50RX Serie SETX Serie zu erm\u00f6glichen. Diese Software kann Koordinaten im *.CSV Format laden und zur Totalstation\/Feldbuch senden bzw. Empfangen. F\u00fcr diese Software ben\u00f6tigten Sie keine Registrierung. Allerdings brauchen Sie (wenn die [&hellip;]<\/p>\n","protected":false},"author":1,"featured_media":0,"parent":1855,"menu_order":4,"comment_status":"closed","ping_status":"closed","template":"page_submenu.php","meta":{"footnotes":""},"class_list":["post-1863","page","type-page","status-publish","hentry"],"_links":{"self":[{"href":"https:\/\/www.glm-laser.com\/glm\/wp-json\/wp\/v2\/pages\/1863"}],"collection":[{"href":"https:\/\/www.glm-laser.com\/glm\/wp-json\/wp\/v2\/pages"}],"about":[{"href":"https:\/\/www.glm-laser.com\/glm\/wp-json\/wp\/v2\/types\/page"}],"author":[{"embeddable":true,"href":"https:\/\/www.glm-laser.com\/glm\/wp-json\/wp\/v2\/users\/1"}],"replies":[{"embeddable":true,"href":"https:\/\/www.glm-laser.com\/glm\/wp-json\/wp\/v2\/comments?post=1863"}],"version-history":[{"count":7,"href":"https:\/\/www.glm-laser.com\/glm\/wp-json\/wp\/v2\/pages\/1863\/revisions"}],"predecessor-version":[{"id":1954,"href":"https:\/\/www.glm-laser.com\/glm\/wp-json\/wp\/v2\/pages\/1863\/revisions\/1954"}],"up":[{"embeddable":true,"href":"https:\/\/www.glm-laser.com\/glm\/wp-json\/wp\/v2\/pages\/1855"}],"wp:attachment":[{"href":"https:\/\/www.glm-laser.com\/glm\/wp-json\/wp\/v2\/media?parent=1863"}],"curies":[{"name":"wp","href":"https:\/\/api.w.org\/{rel}","templated":true}]}}