{"id":1865,"date":"2016-05-13T15:48:00","date_gmt":"2016-05-13T13:48:00","guid":{"rendered":"http:\/\/www.glm-laser.com\/?page_id=1865"},"modified":"2021-07-13T10:19:31","modified_gmt":"2021-07-13T08:19:31","slug":"vermessung-vor-ort","status":"publish","type":"page","link":"https:\/\/www.glm-laser.com\/glm\/leistungen\/vermessungsdienstleistungen\/vermessung-vor-ort\/","title":{"rendered":"Vermessung vor Ort"},"content":{"rendered":"<h1 class=\"wp-block-heading\"> Vermessung vor Ort<\/h1>\n<p><img loading=\"lazy\" decoding=\"async\" class=\"size-medium wp-image-1939 alignright\" src=\"https:\/\/www.glm-laser.com\/glm\/wp-content\/uploads\/vermessung_triebfahrzeug-2-300x225.jpg\" alt=\"vermessung_triebfahrzeug\" width=\"300\" height=\"225\" \/>GLM ist seit 1991 Vermessungsdienstleister f\u00fcr die Industrie. Wir haben uns seither den unterschiedlichsten Herausforderungen erfolgreich gestellt. GLM ist Spezialist f\u00fcr 3D Laservermessung. Zum Einsatz kommen unsere sehr pr\u00e4zisen und flexiblen Instrumente. Sie k\u00f6nnen verwendet werden als<\/p>\n<ul>\n<li>Tachymeter<\/li>\n<li>Lasertracker<\/li>\n<li>Scanner<\/li>\n<\/ul>\n<p>Wir erf\u00fcllen h\u00f6chste Anforderungen an die Genauigkeit und Mobilit\u00e4t. Die Aufgaben sind so verschieden wie unsere Kunden. Eine kleine Auswahl:<\/p>\n<ul>\n<li>Begleitung bei der Fertigung gro\u00dfer Stahlbauteile: Ein- und Umspannen in CNC Maschine. Endkontrolle.<\/li>\n<li>Vermessung unterschiedlichster Schienenfahrzeuge f\u00fcr Unfallgutachten oder Instandhaltung.<\/li>\n<li>Reverse Engineering von Chemiewerken und Raffinerien.<\/li>\n<li>Dehnungsmessung von Kokereien w\u00e4hrend der Anheizphase.<\/li>\n<li>Abstecken von Maschinenfundamenten bei Industriebau und Industrieverlagerung.<\/li>\n<li>Abstecken und Ausrichten von gro\u00dfen Portalfr\u00e4smaschinen im Flugzeugbau<\/li>\n<\/ul>\n<p>Neben der fachgerechten Vermessung erhalten Sie uns eine detaillierte Dokumentation, welche bei Bedarf genaue Graphiken und fotounterst\u00fctze Skizzen enth\u00e4lt.\u00a0 \u00a0<\/p>\n<p>Sie haben eine Aufgabe f\u00fcr uns? Rufen Sie einfach an oder schreiben Sie uns einfach ein <a href=\"mailto: ingenieurvermessung@glm-laser.de.\">E-Mail.<\/a><br \/>Gerne stellen wir unser System vor und besprechen mit Ihnen Ihr Projekt.<\/p>\n<p><a href=\"https:\/\/www.glm-laser.com\/glm\/wp-content\/uploads\/dienstleistungen2.pdf\" target=\"_blank\" rel=\"noopener noreferrer\"><img loading=\"lazy\" decoding=\"async\" class=\"alignleft size-full wp-image-958\" src=\"https:\/\/www.glm-laser.com\/glm\/wp-content\/uploads\/pdf-icon.png\" alt=\"Download PDF\" width=\"38\" height=\"42\" \/><\/a><\/p>\n<p><a href=\"https:\/\/www.glm-laser.com\/glm\/wp-content\/uploads\/dienstleistungen2.pdf\">Dienstleister<\/a><\/p>\n","protected":false},"excerpt":{"rendered":"<p>Vermessung vor Ort GLM ist seit 1991 Vermessungsdienstleister f\u00fcr die Industrie. Wir haben uns seither den unterschiedlichsten Herausforderungen erfolgreich gestellt. GLM ist Spezialist f\u00fcr 3D Laservermessung. Zum Einsatz kommen unsere sehr pr\u00e4zisen und flexiblen Instrumente. Sie k\u00f6nnen verwendet werden als Tachymeter Lasertracker Scanner Wir erf\u00fcllen h\u00f6chste Anforderungen an die Genauigkeit und Mobilit\u00e4t. Die Aufgaben sind [&hellip;]<\/p>\n","protected":false},"author":1,"featured_media":0,"parent":162,"menu_order":1,"comment_status":"closed","ping_status":"closed","template":"page_submenu.php","meta":{"footnotes":""},"class_list":["post-1865","page","type-page","status-publish","hentry"],"_links":{"self":[{"href":"https:\/\/www.glm-laser.com\/glm\/wp-json\/wp\/v2\/pages\/1865"}],"collection":[{"href":"https:\/\/www.glm-laser.com\/glm\/wp-json\/wp\/v2\/pages"}],"about":[{"href":"https:\/\/www.glm-laser.com\/glm\/wp-json\/wp\/v2\/types\/page"}],"author":[{"embeddable":true,"href":"https:\/\/www.glm-laser.com\/glm\/wp-json\/wp\/v2\/users\/1"}],"replies":[{"embeddable":true,"href":"https:\/\/www.glm-laser.com\/glm\/wp-json\/wp\/v2\/comments?post=1865"}],"version-history":[{"count":9,"href":"https:\/\/www.glm-laser.com\/glm\/wp-json\/wp\/v2\/pages\/1865\/revisions"}],"predecessor-version":[{"id":9877,"href":"https:\/\/www.glm-laser.com\/glm\/wp-json\/wp\/v2\/pages\/1865\/revisions\/9877"}],"up":[{"embeddable":true,"href":"https:\/\/www.glm-laser.com\/glm\/wp-json\/wp\/v2\/pages\/162"}],"wp:attachment":[{"href":"https:\/\/www.glm-laser.com\/glm\/wp-json\/wp\/v2\/media?parent=1865"}],"curies":[{"name":"wp","href":"https:\/\/api.w.org\/{rel}","templated":true}]}}