{"id":1867,"date":"2016-05-13T15:48:35","date_gmt":"2016-05-13T13:48:35","guid":{"rendered":"http:\/\/www.glm-laser.com\/?page_id=1867"},"modified":"2016-05-18T11:07:35","modified_gmt":"2016-05-18T09:07:35","slug":"geraetevermietung","status":"publish","type":"page","link":"https:\/\/www.glm-laser.com\/glm\/leistungen\/vermessungsdienstleistungen\/geraetevermietung\/","title":{"rendered":"Ger\u00e4tevermietung"},"content":{"rendered":"<h1>Mietinstrumente<\/h1>\n<div class=\"section\">\n<p><img loading=\"lazy\" decoding=\"async\" class=\"alignright wp-image-1948 size-full\" src=\"https:\/\/www.glm-laser.com\/glm\/wp-content\/uploads\/Gereatevermietung.jpg\" alt=\"Gereatevermietung\" width=\"200\" height=\"150\" \/>Sie ben\u00f6tigen weitere Instrumente um Ihre Auftragsspitzen zu bew\u00e4ltigen?<\/p>\n<p>Bei GLM wartet eine Mietger\u00e4teflotte auf Ihre Anfrage. High End Totalstationen, Feldrechner, Nivellierinstrumente und alle Arten von Zubeh\u00f6r stehen zu Ihren Diensten.<\/p>\n<\/div>\n","protected":false},"excerpt":{"rendered":"<p>Mietinstrumente Sie ben\u00f6tigen weitere Instrumente um Ihre Auftragsspitzen zu bew\u00e4ltigen? Bei GLM wartet eine Mietger\u00e4teflotte auf Ihre Anfrage. High End Totalstationen, Feldrechner, Nivellierinstrumente und alle Arten von Zubeh\u00f6r stehen zu Ihren Diensten.<\/p>\n","protected":false},"author":1,"featured_media":0,"parent":162,"menu_order":2,"comment_status":"closed","ping_status":"closed","template":"page_submenu.php","meta":{"footnotes":""},"class_list":["post-1867","page","type-page","status-publish","hentry"],"_links":{"self":[{"href":"https:\/\/www.glm-laser.com\/glm\/wp-json\/wp\/v2\/pages\/1867"}],"collection":[{"href":"https:\/\/www.glm-laser.com\/glm\/wp-json\/wp\/v2\/pages"}],"about":[{"href":"https:\/\/www.glm-laser.com\/glm\/wp-json\/wp\/v2\/types\/page"}],"author":[{"embeddable":true,"href":"https:\/\/www.glm-laser.com\/glm\/wp-json\/wp\/v2\/users\/1"}],"replies":[{"embeddable":true,"href":"https:\/\/www.glm-laser.com\/glm\/wp-json\/wp\/v2\/comments?post=1867"}],"version-history":[{"count":4,"href":"https:\/\/www.glm-laser.com\/glm\/wp-json\/wp\/v2\/pages\/1867\/revisions"}],"predecessor-version":[{"id":1950,"href":"https:\/\/www.glm-laser.com\/glm\/wp-json\/wp\/v2\/pages\/1867\/revisions\/1950"}],"up":[{"embeddable":true,"href":"https:\/\/www.glm-laser.com\/glm\/wp-json\/wp\/v2\/pages\/162"}],"wp:attachment":[{"href":"https:\/\/www.glm-laser.com\/glm\/wp-json\/wp\/v2\/media?parent=1867"}],"curies":[{"name":"wp","href":"https:\/\/api.w.org\/{rel}","templated":true}]}}