{"id":1967,"date":"2016-05-18T11:44:08","date_gmt":"2016-05-18T09:44:08","guid":{"rendered":"http:\/\/www.glm-laser.com\/?page_id=1967"},"modified":"2016-05-18T12:16:04","modified_gmt":"2016-05-18T10:16:04","slug":"ebene-freiformflaeche","status":"publish","type":"page","link":"https:\/\/www.glm-laser.com\/glm\/software-2\/pc-software-2\/3-dim-pt\/ebene-freiformflaeche\/","title":{"rendered":"Ebene-Freiformfl\u00e4che"},"content":{"rendered":"<h1>Punkte zu Fl\u00e4che \/ Ebene: Auswertung mit 3-Dim PT<\/h1>\n<p>Die Soll-Fl\u00e4che kann<\/p>\n<ul>\n<li>durch eine vorgegebene Fl\u00e4che, z.B. aus CAD<\/li>\n<li>oder durch eine \u00fcber die Messpunkte definierte best-Fit Geometrie<\/li>\n<\/ul>\n<p>bestimmt werden. Es werden die Einzelpunkt-Abweichungen zur Soll-Fl\u00e4che bestimmt. Das Ergebnis kann durch Fehlervektoren oder Falschfarben dargestellt werden:<\/p>\n<p><img loading=\"lazy\" decoding=\"async\" class=\"wp-image-1958 alignleft\" src=\"https:\/\/www.glm-laser.com\/glm\/wp-content\/uploads\/3-dim-PT.jpg\" alt=\"3-dim-PT\" width=\"269\" height=\"230\" \/><\/p>\n<p>&nbsp;<\/p>\n<p>&nbsp;<\/p>\n<p>&nbsp;<\/p>\n<p>&nbsp;<\/p>\n<p>&nbsp;<\/p>\n<p>&nbsp;<\/p>\n<p>&nbsp;<\/p>\n<p>&nbsp;<\/p>\n<p class=\"section\"><img loading=\"lazy\" decoding=\"async\" class=\"alignleft size-full wp-image-1968\" src=\"https:\/\/www.glm-laser.com\/glm\/wp-content\/uploads\/freiform-2.jpg\" alt=\"freiform-2\" width=\"400\" height=\"185\" srcset=\"https:\/\/www.glm-laser.com\/glm\/wp-content\/uploads\/freiform-2.jpg 400w, https:\/\/www.glm-laser.com\/glm\/wp-content\/uploads\/freiform-2-300x139.jpg 300w\" sizes=\"(max-width: 400px) 100vw, 400px\" \/><\/p>\n","protected":false},"excerpt":{"rendered":"<p>Punkte zu Fl\u00e4che \/ Ebene: Auswertung mit 3-Dim PT Die Soll-Fl\u00e4che kann durch eine vorgegebene Fl\u00e4che, z.B. aus CAD oder durch eine \u00fcber die Messpunkte definierte best-Fit Geometrie bestimmt werden. Es werden die Einzelpunkt-Abweichungen zur Soll-Fl\u00e4che bestimmt. Das Ergebnis kann durch Fehlervektoren oder Falschfarben dargestellt werden: &nbsp; &nbsp; &nbsp; &nbsp; &nbsp; &nbsp; &nbsp; &nbsp;<\/p>\n","protected":false},"author":1,"featured_media":0,"parent":689,"menu_order":2,"comment_status":"closed","ping_status":"closed","template":"page_submenu.php","meta":{"footnotes":""},"class_list":["post-1967","page","type-page","status-publish","hentry"],"_links":{"self":[{"href":"https:\/\/www.glm-laser.com\/glm\/wp-json\/wp\/v2\/pages\/1967"}],"collection":[{"href":"https:\/\/www.glm-laser.com\/glm\/wp-json\/wp\/v2\/pages"}],"about":[{"href":"https:\/\/www.glm-laser.com\/glm\/wp-json\/wp\/v2\/types\/page"}],"author":[{"embeddable":true,"href":"https:\/\/www.glm-laser.com\/glm\/wp-json\/wp\/v2\/users\/1"}],"replies":[{"embeddable":true,"href":"https:\/\/www.glm-laser.com\/glm\/wp-json\/wp\/v2\/comments?post=1967"}],"version-history":[{"count":6,"href":"https:\/\/www.glm-laser.com\/glm\/wp-json\/wp\/v2\/pages\/1967\/revisions"}],"predecessor-version":[{"id":1977,"href":"https:\/\/www.glm-laser.com\/glm\/wp-json\/wp\/v2\/pages\/1967\/revisions\/1977"}],"up":[{"embeddable":true,"href":"https:\/\/www.glm-laser.com\/glm\/wp-json\/wp\/v2\/pages\/689"}],"wp:attachment":[{"href":"https:\/\/www.glm-laser.com\/glm\/wp-json\/wp\/v2\/media?parent=1967"}],"curies":[{"name":"wp","href":"https:\/\/api.w.org\/{rel}","templated":true}]}}