{"id":1978,"date":"2016-05-18T12:03:12","date_gmt":"2016-05-18T10:03:12","guid":{"rendered":"http:\/\/www.glm-laser.com\/?page_id=1978"},"modified":"2016-05-18T12:17:09","modified_gmt":"2016-05-18T10:17:09","slug":"rundheit","status":"publish","type":"page","link":"https:\/\/www.glm-laser.com\/glm\/software-2\/pc-software-2\/3-dim-pt\/rundheit\/","title":{"rendered":"Rundheit"},"content":{"rendered":"<h1>Rundheit Auswertung mit 3-Dim PT<\/h1>\n<div class=\"section\">\n<p><img loading=\"lazy\" decoding=\"async\" title=\"3-Dim PT Kreis-Punkte\" src=\"https:\/\/www.glm-laser.com\/glm\/index.php?rex_resize=400w__436h__3dimpt_circlepoints.jpg\" ismap=\"ismap\" width=\"400\" height=\"436\" align=\"middle\" \/><\/p>\n<p>Messpunkte auf dem Kreis m\u00fcssen nicht auf einer Ebene liegen, sie k\u00f6nnen w\u00e4hrend der Auswertung auf die Kreisebene projiziert werden. Es gibt zwei M\u00f6glichkeiten die Rundheit des Kreises zu pr\u00fcfen:<\/p>\n<ul>\n<li>Rundheit zu einem bestehenden Kreis, z.B. aus drei gemessenen Punkten oder aus CAD.<\/li>\n<li>Best-Fit Kreis aus allen bzw. mehreren gemessenen Punkten.<\/li>\n<\/ul>\n<\/div>\n","protected":false},"excerpt":{"rendered":"<p>Rundheit Auswertung mit 3-Dim PT Messpunkte auf dem Kreis m\u00fcssen nicht auf einer Ebene liegen, sie k\u00f6nnen w\u00e4hrend der Auswertung auf die Kreisebene projiziert werden. Es gibt zwei M\u00f6glichkeiten die Rundheit des Kreises zu pr\u00fcfen: Rundheit zu einem bestehenden Kreis, z.B. aus drei gemessenen Punkten oder aus CAD. Best-Fit Kreis aus allen bzw. mehreren gemessenen [&hellip;]<\/p>\n","protected":false},"author":1,"featured_media":0,"parent":689,"menu_order":3,"comment_status":"closed","ping_status":"closed","template":"page_submenu.php","meta":{"footnotes":""},"class_list":["post-1978","page","type-page","status-publish","hentry"],"_links":{"self":[{"href":"https:\/\/www.glm-laser.com\/glm\/wp-json\/wp\/v2\/pages\/1978"}],"collection":[{"href":"https:\/\/www.glm-laser.com\/glm\/wp-json\/wp\/v2\/pages"}],"about":[{"href":"https:\/\/www.glm-laser.com\/glm\/wp-json\/wp\/v2\/types\/page"}],"author":[{"embeddable":true,"href":"https:\/\/www.glm-laser.com\/glm\/wp-json\/wp\/v2\/users\/1"}],"replies":[{"embeddable":true,"href":"https:\/\/www.glm-laser.com\/glm\/wp-json\/wp\/v2\/comments?post=1978"}],"version-history":[{"count":1,"href":"https:\/\/www.glm-laser.com\/glm\/wp-json\/wp\/v2\/pages\/1978\/revisions"}],"predecessor-version":[{"id":1979,"href":"https:\/\/www.glm-laser.com\/glm\/wp-json\/wp\/v2\/pages\/1978\/revisions\/1979"}],"up":[{"embeddable":true,"href":"https:\/\/www.glm-laser.com\/glm\/wp-json\/wp\/v2\/pages\/689"}],"wp:attachment":[{"href":"https:\/\/www.glm-laser.com\/glm\/wp-json\/wp\/v2\/media?parent=1978"}],"curies":[{"name":"wp","href":"https:\/\/api.w.org\/{rel}","templated":true}]}}