{"id":2,"date":"2015-06-11T08:36:47","date_gmt":"2015-06-11T06:36:47","guid":{"rendered":"http:\/\/www.glm-laser.com\/?page_id=2"},"modified":"2025-12-25T18:44:33","modified_gmt":"2025-12-25T17:44:33","slug":"home","status":"publish","type":"page","link":"https:\/\/www.glm-laser.com\/glm\/","title":{"rendered":"Home"},"content":{"rendered":"<h1>3D Messsysteme \u2013 umfassendes know-how garantiert<\/h1>\n<p>Mehr als 25 Jahre Branchenl\u00f6sungen im Bereich der 3D-Industriemesstechnik \u2013 eine Erfolgsgeschichte f\u00fcr GLM, Kunden und Projekte. Erleben Sie, was pr\u00e4zise Messtechnik in Kombination mit innovativer Software leisten kann.<\/p>\n<p>Als f\u00fchrender Anbieter f\u00fcr industrielle Lasermesstechnik ist GLM seit 1991 auf den Vertrieb und die Entwicklung von hochpr\u00e4zisen 3D Messsystemen sowie anwendungsgerechten Softwarel\u00f6sungen spezialisiert \u2013 national wie international. Ganz gleich, welche Anforderungen und welcher Anwendungsbereich: Wir unterst\u00fctzen unsere Kunden mit durchdachten L\u00f6sungen bei ihren Vermessungsprojekten. Weiter vertrauen wir auf die innovativen unseres langj\u00e4hrigen Partners SOKKIA, einem der weltweit f\u00fchrenden Premiumhersteller f\u00fcr Messtechnik.<\/p>\n<p>Neben dem Vertrieb hochwertiger 3D Messsysteme steht bei uns vor allem die pers\u00f6nliche Betreuung unserer Kunden im Mittelpunkt.<\/p>\n<p>Wir beraten Sie umfassend, entwickeln f\u00fcr Ihren jeweiligen Einsatzbereich das optimale Messsystem und bieten dazu umfangreichen Service und Support. Flexibel. Kompetent. Verl\u00e4sslich. Was immer wir bei GLM auch tun: Wir konzentrieren uns voll auf die Dinge, die f\u00fcr Ihr individuelles Projekt am wichtigsten sind: die Qualit\u00e4t der Messungen, die Optimierung von Produktivit\u00e4t und Prozessqualit\u00e4t sowie die Einhaltung der Produktions-, Wartungs- und Sicherheitsvorschriften.<\/p>\n<p>Sie wissen: F\u00fcr die erfolgreich Planung und Umsetzung von QS Prozessen sind zuverl\u00e4ssige und pr\u00e4zise Messdaten unverzichtbar &#8211; doch nicht immer lohnt sich die Anschaffung eines eigenen Messsystems. Unsere Experten unterst\u00fctzen Sie gerne und f\u00fchren Auftragsmessungen f\u00fcr Sie durch.<\/p>\n<p>Vertrauen auch Sie in puncto Messtechnik auf GLM. Sprechen Sie uns an \u2013 wir freuen uns auf Sie.<\/p>\n<p>Profitieren Sie von der jahrelangen Erfahrung der GLM Laserme\u00dftechnik GmbH,<br \/>\nunter anderem in folgenden <a href=\"https:\/\/www.glm-laser.com\/glm\/3d-messsysteme-branchen\/\">&gt; Anwendungsbereichen<\/a><\/p>\n<p><a href=\"https:\/\/www.glm-laser.com\/glm\/3d-messsysteme-branchen\/messsystem-schienenfahrzeuge\/\"><img loading=\"lazy\" decoding=\"async\" class=\"alignnone wp-image-78\" title=\"Schienenfahrzeugbau Messsystem\" src=\"\/glm\/wp-content\/uploads\/schienenfahrzeugbau-lasermesstechnik-150x150.png\" alt=\"Schienenfahrzeugbau Messsystem\" width=\"60\" height=\"59\" srcset=\"https:\/\/www.glm-laser.com\/glm\/wp-content\/uploads\/schienenfahrzeugbau-lasermesstechnik-150x150.png 150w, https:\/\/www.glm-laser.com\/glm\/wp-content\/uploads\/schienenfahrzeugbau-lasermesstechnik.png 200w\" sizes=\"(max-width: 60px) 100vw, 60px\" \/><\/a> <a href=\"https:\/\/www.glm-laser.com\/glm\/branchen\/schiffbau\/\" target=\"_blank\" rel=\"noopener noreferrer\"><img loading=\"lazy\" decoding=\"async\" class=\"alignnone wp-image-77\" src=\"\/glm\/wp-content\/uploads\/schiffbau-lasermesstechnik-150x150.png\" alt=\"schiffbau-lasermesstechnik\" width=\"60\" height=\"59\" srcset=\"https:\/\/www.glm-laser.com\/glm\/wp-content\/uploads\/schiffbau-lasermesstechnik-150x150.png 150w, https:\/\/www.glm-laser.com\/glm\/wp-content\/uploads\/schiffbau-lasermesstechnik.png 200w\" sizes=\"(max-width: 60px) 100vw, 60px\" \/><\/a> <a href=\"https:\/\/www.glm-laser.com\/glm\/3d-messsysteme-branchen\/messsystem-fuer-den-anlagenbau\/\" target=\"_blank\" rel=\"noopener noreferrer\"><img loading=\"lazy\" decoding=\"async\" class=\"alignnone wp-image-76\" title=\"Messsystem Anlagenbau\" src=\"\/glm\/wp-content\/uploads\/stahl-anlagenbau-lasermesstechnik-150x150.png\" alt=\"Messsystem Anlagenbau\" width=\"60\" height=\"59\" srcset=\"https:\/\/www.glm-laser.com\/glm\/wp-content\/uploads\/stahl-anlagenbau-lasermesstechnik-150x150.png 150w, https:\/\/www.glm-laser.com\/glm\/wp-content\/uploads\/stahl-anlagenbau-lasermesstechnik.png 200w\" sizes=\"(max-width: 60px) 100vw, 60px\" \/><\/a> <a href=\"https:\/\/www.glm-laser.com\/glm\/3d-messsysteme-branchen\/offshore-2\/\" target=\"_blank\" rel=\"noopener noreferrer\"><img loading=\"lazy\" decoding=\"async\" class=\"alignnone wp-image-75\" src=\"\/glm\/wp-content\/uploads\/offshore-lasermesstechnik-150x150.png\" alt=\"offshore-lasermesstechnik\" width=\"60\" height=\"59\" srcset=\"https:\/\/www.glm-laser.com\/glm\/wp-content\/uploads\/offshore-lasermesstechnik-150x150.png 150w, https:\/\/www.glm-laser.com\/glm\/wp-content\/uploads\/offshore-lasermesstechnik.png 200w\" sizes=\"(max-width: 60px) 100vw, 60px\" \/><\/a> <a href=\"https:\/\/www.glm-laser.com\/glm\/branchen\/vermessung-stahlbau\/\" target=\"_blank\" rel=\"noopener noreferrer\"><img loading=\"lazy\" decoding=\"async\" class=\"alignnone wp-image-74\" src=\"\/glm\/wp-content\/uploads\/brueckenbau-lasermesstechnik-150x150.png\" alt=\"brueckenbau-lasermesstechnik\" width=\"60\" height=\"59\" srcset=\"https:\/\/www.glm-laser.com\/glm\/wp-content\/uploads\/brueckenbau-lasermesstechnik-150x150.png 150w, https:\/\/www.glm-laser.com\/glm\/wp-content\/uploads\/brueckenbau-lasermesstechnik.png 200w\" sizes=\"(max-width: 60px) 100vw, 60px\" \/><\/a> <a href=\"https:\/\/www.glm-laser.com\/glm\/3d-messsysteme-branchen\/vermessung-von-kranbahnen\/\" target=\"_blank\" rel=\"noopener noreferrer\"><img loading=\"lazy\" decoding=\"async\" class=\"alignnone wp-image-73\" src=\"\/glm\/wp-content\/uploads\/kranbau-lasermesstechnik-150x150.png\" alt=\"kranbau-lasermesstechnik\" width=\"60\" height=\"59\" srcset=\"https:\/\/www.glm-laser.com\/glm\/wp-content\/uploads\/kranbau-lasermesstechnik-150x150.png 150w, https:\/\/www.glm-laser.com\/glm\/wp-content\/uploads\/kranbau-lasermesstechnik.png 200w\" sizes=\"(max-width: 60px) 100vw, 60px\" \/><\/a> <a href=\"https:\/\/www.glm-laser.com\/glm\/branchen\/stahlwasserbau\/\" target=\"_blank\" rel=\"noopener noreferrer\"><img loading=\"lazy\" decoding=\"async\" class=\"alignnone wp-image-72\" src=\"\/glm\/wp-content\/uploads\/stahlwasserbau-lasermesstechnik-150x150.png\" alt=\"stahlwasserbau-lasermesstechnik\" width=\"60\" height=\"59\" srcset=\"https:\/\/www.glm-laser.com\/glm\/wp-content\/uploads\/stahlwasserbau-lasermesstechnik-150x150.png 150w, https:\/\/www.glm-laser.com\/glm\/wp-content\/uploads\/stahlwasserbau-lasermesstechnik.png 200w\" sizes=\"(max-width: 60px) 100vw, 60px\" \/><\/a> <a href=\"https:\/\/www.glm-laser.com\/glm\/branchen\/wind\/\" target=\"_blank\" rel=\"noopener noreferrer\"><img loading=\"lazy\" decoding=\"async\" class=\"alignnone wp-image-71\" src=\"\/glm\/wp-content\/uploads\/wind-lasermesstechnik-150x150.png\" alt=\"wind-lasermesstechnik\" width=\"60\" height=\"59\" srcset=\"https:\/\/www.glm-laser.com\/glm\/wp-content\/uploads\/wind-lasermesstechnik-150x150.png 150w, https:\/\/www.glm-laser.com\/glm\/wp-content\/uploads\/wind-lasermesstechnik.png 200w\" sizes=\"(max-width: 60px) 100vw, 60px\" \/><\/a> <a href=\"https:\/\/www.glm-laser.com\/glm\/branchen\/3d-vermessung-industriemontage\/\" target=\"_blank\" rel=\"noopener noreferrer\"><img loading=\"lazy\" decoding=\"async\" class=\"alignnone wp-image-70\" src=\"\/glm\/wp-content\/uploads\/maschinenmontage-lasermesstechnik-150x150.png\" alt=\"maschinenmontage-lasermesstechnik\" width=\"60\" height=\"59\" srcset=\"https:\/\/www.glm-laser.com\/glm\/wp-content\/uploads\/maschinenmontage-lasermesstechnik-150x150.png 150w, https:\/\/www.glm-laser.com\/glm\/wp-content\/uploads\/maschinenmontage-lasermesstechnik.png 200w\" sizes=\"(max-width: 60px) 100vw, 60px\" \/><\/a> <a href=\"https:\/\/www.glm-laser.com\/glm\/branchen\/maschinenausrichtung\/\" target=\"_blank\" rel=\"noopener noreferrer\"><img loading=\"lazy\" decoding=\"async\" class=\"alignnone wp-image-69\" src=\"\/glm\/wp-content\/uploads\/maschinenausrichtung-lasermesstechnik-150x150.png\" alt=\"maschinenausrichtung-lasermesstechnik\" width=\"60\" height=\"59\" srcset=\"https:\/\/www.glm-laser.com\/glm\/wp-content\/uploads\/maschinenausrichtung-lasermesstechnik-150x150.png 150w, https:\/\/www.glm-laser.com\/glm\/wp-content\/uploads\/maschinenausrichtung-lasermesstechnik.png 200w\" sizes=\"(max-width: 60px) 100vw, 60px\" \/><\/a> <a href=\"https:\/\/www.glm-laser.com\/glm\/3d-messsysteme-branchen\/scannen-totalstation\/\"><img loading=\"lazy\" decoding=\"async\" class=\"alignnone wp-image-68\" src=\"\/glm\/wp-content\/uploads\/fundamentabsteckung-lasermesstechnik-150x150.png\" alt=\"fundamentabsteckung-lasermesstechnik\" width=\"60\" height=\"59\" srcset=\"https:\/\/www.glm-laser.com\/glm\/wp-content\/uploads\/fundamentabsteckung-lasermesstechnik-150x150.png 150w, https:\/\/www.glm-laser.com\/glm\/wp-content\/uploads\/fundamentabsteckung-lasermesstechnik.png 200w\" sizes=\"(max-width: 60px) 100vw, 60px\" \/><\/a><\/p>\n","protected":false},"excerpt":{"rendered":"<p>Mehr als 25 Jahre Branchenl\u00f6sungen im Bereich der 3D-Industriemesstechnik \u2013 eine Erfolgsgeschichte f\u00fcr GLM, Kunden und Projekte. Erleben Sie, was pr\u00e4zise Messtechnik in Kombination mit innovativer Software leisten kann. Als f\u00fchrender Anbieter f\u00fcr industrielle Lasermesstechnik ist GLM seit 1991 auf den Vertrieb und die Entwicklung von hochpr\u00e4zisen 3D Messsystemen sowie anwendungsgerechten Softwarel\u00f6sungen spezialisiert \u2013 national [&hellip;]<\/p>\n","protected":false},"author":1,"featured_media":0,"parent":0,"menu_order":0,"comment_status":"open","ping_status":"closed","template":"","meta":{"footnotes":""},"class_list":["post-2","page","type-page","status-publish","hentry"],"_links":{"self":[{"href":"https:\/\/www.glm-laser.com\/glm\/wp-json\/wp\/v2\/pages\/2"}],"collection":[{"href":"https:\/\/www.glm-laser.com\/glm\/wp-json\/wp\/v2\/pages"}],"about":[{"href":"https:\/\/www.glm-laser.com\/glm\/wp-json\/wp\/v2\/types\/page"}],"author":[{"embeddable":true,"href":"https:\/\/www.glm-laser.com\/glm\/wp-json\/wp\/v2\/users\/1"}],"replies":[{"embeddable":true,"href":"https:\/\/www.glm-laser.com\/glm\/wp-json\/wp\/v2\/comments?post=2"}],"version-history":[{"count":41,"href":"https:\/\/www.glm-laser.com\/glm\/wp-json\/wp\/v2\/pages\/2\/revisions"}],"predecessor-version":[{"id":9880,"href":"https:\/\/www.glm-laser.com\/glm\/wp-json\/wp\/v2\/pages\/2\/revisions\/9880"}],"wp:attachment":[{"href":"https:\/\/www.glm-laser.com\/glm\/wp-json\/wp\/v2\/media?parent=2"}],"curies":[{"name":"wp","href":"https:\/\/api.w.org\/{rel}","templated":true}]}}