{"id":2068,"date":"2016-05-19T13:24:55","date_gmt":"2016-05-19T11:24:55","guid":{"rendered":"http:\/\/www.glm-laser.com\/?page_id=2068"},"modified":"2020-10-26T14:46:13","modified_gmt":"2020-10-26T13:46:13","slug":"archer","status":"publish","type":"page","link":"https:\/\/www.glm-laser.com\/glm\/optische-vermessungsinstrumente-3\/uebersicht\/alte-handrechner\/archer\/","title":{"rendered":"Archer Feldrechner"},"content":{"rendered":"<h1>Der elektronische Handrechner (Feld PC) Archer<\/h1>\n<div class=\"section\">\n<p align=\"justify\"><img loading=\"lazy\" decoding=\"async\" class=\"alignright size-full wp-image-2070\" src=\"https:\/\/www.glm-laser.com\/glm\/wp-content\/uploads\/Archer.jpg\" alt=\"Archer\" width=\"200\" height=\"276\">Der elektronische Handrechner Archer (Field PC) wurde 2014 von seinem Nachfolgermodell Archer2 abgel\u00f6st. Dieser Pocket PC erf\u00fcllt die Anforderungen aller geforderten Spezifikationen, ausgerichtet auf die Widerstandsf\u00e4higkeit elektronischer Ger\u00e4te unter erschwerten Umwelteinfl\u00fcssen. Hierzu z\u00e4hlen unter anderem die Wasser- und Staubschutzklassifizierung IP67. Der Archer ist durch seine Bauart bestens gegen Schl\u00e4ge, St\u00fcrze und Vibrationen gesch\u00fctzt. Weiter ist dieser Feldrechner \u00e4u\u00dferst robust gegen\u00fcber hoher Luftfeuchtigkeit und hohen Umgebungstemperaturen (-30\u00b0C bis + 55\u00b0C). Diese und weitere Eigenschaften qualifizieren den Archer als ein zuverl\u00e4ssiges Arbeitsger\u00e4t.<\/p>\n<p align=\"justify\"><strong>Auszug aus den technischen Daten des Handrechners Archer:<\/strong><\/p>\n<ul>\n<li>\n<div align=\"justify\">512 MB interner Speicher<\/div>\n<\/li>\n<li>\n<div align=\"justify\">482 gram leicht und handlich&nbsp;(165 x 89 x 43 mm)<\/div>\n<\/li>\n<li>\n<div align=\"justify\">Bildschirmgr\u00f6\u00dfe 3,5&#8243; (Bilddiagonale von 89 mm)<\/div>\n<\/li>\n<li>\n<div align=\"justify\">Microsoft Windows Mobile 6.1<\/div>\n<\/li>\n<li>\n<div align=\"justify\">SD- und CF-Steckplatz (Kartenslot)<\/div>\n<\/li>\n<li>\n<div align=\"justify\">Betriebssystem in 16 Sprachen verf\u00fcgbar<\/div>\n<\/li>\n<li>\n<div align=\"justify\">Bis zu 20 Stunden Betriebszeit, bei einer Ladezeit von 4 bis 6 Stunden<\/div>\n<\/li>\n<li>\n<div>\n<p>Schnittstellen<\/p>\n<ul>\n<li>\n<div align=\"justify\">COM1, RS-232C 9-pin (Serielle Schnittstelle),<\/div>\n<\/li>\n<li>\n<div align=\"justify\">USB Host (Full A), USB Client (Mini B)<\/div>\n<\/li>\n<\/ul>\n<\/div>\n<\/li>\n<\/ul>\n<p align=\"justify\">Von 2006 bis 2014 wurde diese Hardware von GLM Laserme\u00dftechnik verwendet um <a title=\"Software Industrievermessung\" href=\"https:\/\/www.glm-laser.com\/glm\/software\/\">3D-Vermessungssoftware<\/a> (3-DIM Observer, SurvCE 5.x und Magnet Field) erfolgreich unter den schwierigsten Bedingungen zu nutzen.<\/p>\n<p align=\"justify\">Haben Sie Fragen oder w\u00fcnschen ein Angebot? <a href=\"https:\/\/www.glm-laser.com\/kontakt\/\">Rufen Sie einfach an oder schreiben uns eine E-Mail<\/a>, wir beraten Sie gerne.<\/p>\n<\/div>\n","protected":false},"excerpt":{"rendered":"<p>Der elektronische Handrechner (Feld PC) Archer Der elektronische Handrechner Archer (Field PC) wurde 2014 von seinem Nachfolgermodell Archer2 abgel\u00f6st. Dieser Pocket PC erf\u00fcllt die Anforderungen aller geforderten Spezifikationen, ausgerichtet auf die Widerstandsf\u00e4higkeit elektronischer Ger\u00e4te unter erschwerten Umwelteinfl\u00fcssen. Hierzu z\u00e4hlen unter anderem die Wasser- und Staubschutzklassifizierung IP67. Der Archer ist durch seine Bauart bestens gegen Schl\u00e4ge, [&hellip;]<\/p>\n","protected":false},"author":1,"featured_media":0,"parent":6229,"menu_order":1,"comment_status":"closed","ping_status":"closed","template":"page_submenu.php","meta":{"footnotes":""},"class_list":["post-2068","page","type-page","status-publish","hentry"],"_links":{"self":[{"href":"https:\/\/www.glm-laser.com\/glm\/wp-json\/wp\/v2\/pages\/2068"}],"collection":[{"href":"https:\/\/www.glm-laser.com\/glm\/wp-json\/wp\/v2\/pages"}],"about":[{"href":"https:\/\/www.glm-laser.com\/glm\/wp-json\/wp\/v2\/types\/page"}],"author":[{"embeddable":true,"href":"https:\/\/www.glm-laser.com\/glm\/wp-json\/wp\/v2\/users\/1"}],"replies":[{"embeddable":true,"href":"https:\/\/www.glm-laser.com\/glm\/wp-json\/wp\/v2\/comments?post=2068"}],"version-history":[{"count":9,"href":"https:\/\/www.glm-laser.com\/glm\/wp-json\/wp\/v2\/pages\/2068\/revisions"}],"predecessor-version":[{"id":8711,"href":"https:\/\/www.glm-laser.com\/glm\/wp-json\/wp\/v2\/pages\/2068\/revisions\/8711"}],"up":[{"embeddable":true,"href":"https:\/\/www.glm-laser.com\/glm\/wp-json\/wp\/v2\/pages\/6229"}],"wp:attachment":[{"href":"https:\/\/www.glm-laser.com\/glm\/wp-json\/wp\/v2\/media?parent=2068"}],"curies":[{"name":"wp","href":"https:\/\/api.w.org\/{rel}","templated":true}]}}