{"id":2144,"date":"2016-05-20T12:24:26","date_gmt":"2016-05-20T10:24:26","guid":{"rendered":"http:\/\/www.glm-laser.com\/?page_id=2144"},"modified":"2020-10-26T14:48:31","modified_gmt":"2020-10-26T13:48:31","slug":"sokkia-b1c","status":"publish","type":"page","link":"https:\/\/www.glm-laser.com\/glm\/optische-vermessungsinstrumente-3\/uebersicht\/nivelliere-sokkia\/sokkia-b1c\/","title":{"rendered":"Sokkia B1C"},"content":{"rendered":"<h1>nivellier B1C von Sokkia<\/h1>\n<div class=\"section\">\n<p align=\"justify\"><img loading=\"lazy\" decoding=\"async\" class=\"alignright wp-image-2168 size-full\" title=\"Sokkia B1C\" src=\"https:\/\/www.glm-laser.com\/glm\/wp-content\/uploads\/b1c.gif\" alt=\"Sokkia B1C\" width=\"200\" height=\"200\" \/><strong>Ingenieurnivellier, Teilkreis, 32fache Fernrohrvergr\u00f6\u00dferung, 0,8mm\/ km<\/strong><\/p>\n<div align=\"justify\"><\/div>\n<p align=\"justify\"><strong>SOKKIAs B1C: hochpr\u00e4zise, robust, kompakt!<\/strong><\/p>\n<div align=\"justify\"><\/div>\n<p align=\"justify\">32fache Fernrohrvergr\u00f6\u00dferung bei 0,8mm Standardabweichung auf 1km Doppelnivellement. F\u00fcr Pr\u00e4zisionsnivellements kann das B1C mit dem Planplattenmikrometer OM1 (optional erh\u00e4ltlich) ausgestattet werden, mit dem sich die Genauigkeit sogar noch auf erstaunliche 0,5mm erh\u00f6hen l\u00e4sst. Im Gegensatz zum B1 ist das Model B1C mit einem Horizontalkreis ausgestattet, der das einfache Ablesen des Horizontalwinkels bis 360 \u00b0 oder 400Gon erlaubt.<\/p>\n<div align=\"justify\"><\/div>\n<p align=\"justify\"><strong>Schnelles, einfaches Aufstellen<\/strong><\/p>\n<div align=\"justify\"><\/div>\n<p align=\"justify\">Zum schnellen Aufstellen kann das B1C mit einem Kugelkopfstativ kombiniert werden. Durch Verschieben auf dem Stativkopf wird die Dosenlibelle bereits gen\u00e4hert zum Einspielen gebracht. Das Instrument ist in k\u00fcrzester Zeit messbereit. Los geht&#8217;s! Selbstverst\u00e4ndlich k\u00f6nnen auch Flachkopfstative verwendet werden.<\/p>\n<div align=\"justify\"><\/div>\n<p align=\"justify\"><strong>Zuverl\u00e4ssiger Kompensator<\/strong><\/p>\n<div align=\"justify\"><\/div>\n<p align=\"justify\">Das Ger\u00e4t muss nur grob ausgerichtet werden &#8211; der drahth\u00e4ngende, magnetisch ged\u00e4mpfte Kompensator erledigt den Rest, denn er besitzt ein g\u00fcnstiges Einschwingverhalten f\u00fcr die schnelle und sichere Herstellung der horizontalen Ziellinie, selbst bei schnell wechselnden Witterungseinfl\u00fcssen, Vibrationen und Ersch\u00fctterungen.<\/p>\n<div align=\"justify\"><\/div>\n<p align=\"justify\"><strong>Pr\u00e4zise Anzielung<\/strong><\/p>\n<div align=\"justify\"><\/div>\n<p align=\"justify\">Das B1C verf\u00fcgt \u00fcber endlosen Horizontalfeintrieb f\u00fcr schnelles und einfaches Einstellen des Zieles. Zwei Einstellkn\u00f6pfe erlauben die Bedienung mit der rechten und der linken Hand. Die zweistufige Fokussierung erm\u00f6glicht eine pr\u00e4zise Zieleinstellung. Die Fernrohroptik mit 32facher Vergr\u00f6\u00dferung liefert ein helles und klares Bild.<\/p>\n<div align=\"justify\"><\/div>\n<p align=\"justify\"><strong>Einfache Entfernungsmessung<\/strong><\/p>\n<div align=\"justify\"><\/div>\n<p align=\"justify\">Beim Anzielen der Nivellierlatte kann die Entfernung auf einfachste Art anhand der Reichenbachschen Distanzf\u00e4den bestimmt werden, indem der Abstand zwischen der unteren und der oberen Fernrohrmarkierung abgelesen und mit dem Faktor 100 multipliziert wird.<\/p>\n<div align=\"justify\"><\/div>\n<p align=\"justify\">Das Nachfolgeinstrument ist das B20 mit Planplattenmikrometer<\/p>\n<p align=\"justify\"><img loading=\"lazy\" decoding=\"async\" class=\"size-full wp-image-958 alignleft\" src=\"https:\/\/www.glm-laser.com\/glm\/wp-content\/uploads\/pdf-icon.png\" alt=\"Download PDF\" width=\"38\" height=\"42\" \/><\/p>\n<\/div>\n<p>B1C Nivellierinstrument En (809 kB)<\/p>\n<p>&nbsp;<\/p>\n","protected":false},"excerpt":{"rendered":"<p>nivellier B1C von Sokkia Ingenieurnivellier, Teilkreis, 32fache Fernrohrvergr\u00f6\u00dferung, 0,8mm\/ km SOKKIAs B1C: hochpr\u00e4zise, robust, kompakt! 32fache Fernrohrvergr\u00f6\u00dferung bei 0,8mm Standardabweichung auf 1km Doppelnivellement. F\u00fcr Pr\u00e4zisionsnivellements kann das B1C mit dem Planplattenmikrometer OM1 (optional erh\u00e4ltlich) ausgestattet werden, mit dem sich die Genauigkeit sogar noch auf erstaunliche 0,5mm erh\u00f6hen l\u00e4sst. Im Gegensatz zum B1 ist das Model [&hellip;]<\/p>\n","protected":false},"author":1,"featured_media":0,"parent":823,"menu_order":0,"comment_status":"closed","ping_status":"closed","template":"page_submenu.php","meta":{"footnotes":""},"class_list":["post-2144","page","type-page","status-publish","hentry"],"_links":{"self":[{"href":"https:\/\/www.glm-laser.com\/glm\/wp-json\/wp\/v2\/pages\/2144"}],"collection":[{"href":"https:\/\/www.glm-laser.com\/glm\/wp-json\/wp\/v2\/pages"}],"about":[{"href":"https:\/\/www.glm-laser.com\/glm\/wp-json\/wp\/v2\/types\/page"}],"author":[{"embeddable":true,"href":"https:\/\/www.glm-laser.com\/glm\/wp-json\/wp\/v2\/users\/1"}],"replies":[{"embeddable":true,"href":"https:\/\/www.glm-laser.com\/glm\/wp-json\/wp\/v2\/comments?post=2144"}],"version-history":[{"count":10,"href":"https:\/\/www.glm-laser.com\/glm\/wp-json\/wp\/v2\/pages\/2144\/revisions"}],"predecessor-version":[{"id":8731,"href":"https:\/\/www.glm-laser.com\/glm\/wp-json\/wp\/v2\/pages\/2144\/revisions\/8731"}],"up":[{"embeddable":true,"href":"https:\/\/www.glm-laser.com\/glm\/wp-json\/wp\/v2\/pages\/823"}],"wp:attachment":[{"href":"https:\/\/www.glm-laser.com\/glm\/wp-json\/wp\/v2\/media?parent=2144"}],"curies":[{"name":"wp","href":"https:\/\/api.w.org\/{rel}","templated":true}]}}