{"id":2146,"date":"2016-05-20T12:25:11","date_gmt":"2016-05-20T10:25:11","guid":{"rendered":"http:\/\/www.glm-laser.com\/?page_id=2146"},"modified":"2020-10-26T14:48:32","modified_gmt":"2020-10-26T13:48:32","slug":"sokkia-b1","status":"publish","type":"page","link":"https:\/\/www.glm-laser.com\/glm\/optische-vermessungsinstrumente-3\/uebersicht\/nivelliere-sokkia\/sokkia-b1\/","title":{"rendered":"Sokkia B1"},"content":{"rendered":"<h1>Automatisches Nivellier B1 von Sokkia<\/h1>\n<p align=\"justify\"><img loading=\"lazy\" decoding=\"async\" class=\"alignright wp-image-2168 size-full\" title=\"Sokkia B1\" src=\"https:\/\/www.glm-laser.com\/glm\/wp-content\/uploads\/b1c.gif\" alt=\"Sokkia B1\" width=\"200\" height=\"200\" \/>Das automatische Nivellier B1 aus dem Hause Sokkia wird <strong>nicht<\/strong> mehr produziert. Die passenden Nachfolgemodelle sind die Nivelliere aus der B20 Serie. GLM Laserme\u00dftechnik bietet ihnen einen rundum Service (Inspektion, Reparatur und Beratung) f\u00fcr das Nivellier B1 an.<\/p>\n<p class=\"section\">\n<h3>Auszug aus den technischen Daten des B1;<\/h3>\n<\/p>\n<ul>\n<li>Vergr\u00f6\u00dferung 32x<\/li>\n<li>K\u00fcrzeste Zielweite 2,3m<\/li>\n<li>Sichtfeld 1\u00b020`(auf 100m 2,3m)<\/li>\n<li>Ablesung auf 1 gon<\/li>\n<li>H\u00f6hengenauigkeit Standardabweichung auf 1km Doppelnivellement; 0,8mm<\/li>\n<li>H\u00f6hengenauigkeit Standardabweichung auf 1km Doppelnivellement mit Mikrometer; 0,5mm<\/li>\n<\/ul>\n<p class=\"section\">\n<h3>Zubeh\u00f6r:<\/h3>\n<\/p>\n<ul>\n<li>LA4 Fadenkreuzbeleuchtung<\/li>\n<li>OM1 Planplattenmikrometer<\/li>\n<\/ul>\n<p class=\"section\">Bei Fragen rufen Sie bitte an oder senden uns eine E-Mail.<\/p>\n<p class=\"section\"><img loading=\"lazy\" decoding=\"async\" class=\"size-full wp-image-958 alignleft\" src=\"https:\/\/www.glm-laser.com\/glm\/wp-content\/uploads\/pdf-icon.png\" alt=\"Download PDF\" width=\"38\" height=\"42\" \/><\/p>\n<p>B1C Nivellierinstrument En (809 kB)<\/p>\n","protected":false},"excerpt":{"rendered":"<p>Automatisches Nivellier B1 von Sokkia Das automatische Nivellier B1 aus dem Hause Sokkia wird nicht mehr produziert. Die passenden Nachfolgemodelle sind die Nivelliere aus der B20 Serie. GLM Laserme\u00dftechnik bietet ihnen einen rundum Service (Inspektion, Reparatur und Beratung) f\u00fcr das Nivellier B1 an. Vergr\u00f6\u00dferung 32x K\u00fcrzeste Zielweite 2,3m Sichtfeld 1\u00b020`(auf 100m 2,3m) Ablesung auf 1 [&hellip;]<\/p>\n","protected":false},"author":1,"featured_media":0,"parent":823,"menu_order":0,"comment_status":"closed","ping_status":"closed","template":"page_submenu.php","meta":{"footnotes":""},"class_list":["post-2146","page","type-page","status-publish","hentry"],"_links":{"self":[{"href":"https:\/\/www.glm-laser.com\/glm\/wp-json\/wp\/v2\/pages\/2146"}],"collection":[{"href":"https:\/\/www.glm-laser.com\/glm\/wp-json\/wp\/v2\/pages"}],"about":[{"href":"https:\/\/www.glm-laser.com\/glm\/wp-json\/wp\/v2\/types\/page"}],"author":[{"embeddable":true,"href":"https:\/\/www.glm-laser.com\/glm\/wp-json\/wp\/v2\/users\/1"}],"replies":[{"embeddable":true,"href":"https:\/\/www.glm-laser.com\/glm\/wp-json\/wp\/v2\/comments?post=2146"}],"version-history":[{"count":14,"href":"https:\/\/www.glm-laser.com\/glm\/wp-json\/wp\/v2\/pages\/2146\/revisions"}],"predecessor-version":[{"id":8732,"href":"https:\/\/www.glm-laser.com\/glm\/wp-json\/wp\/v2\/pages\/2146\/revisions\/8732"}],"up":[{"embeddable":true,"href":"https:\/\/www.glm-laser.com\/glm\/wp-json\/wp\/v2\/pages\/823"}],"wp:attachment":[{"href":"https:\/\/www.glm-laser.com\/glm\/wp-json\/wp\/v2\/media?parent=2146"}],"curies":[{"name":"wp","href":"https:\/\/api.w.org\/{rel}","templated":true}]}}