{"id":2148,"date":"2016-05-20T12:26:15","date_gmt":"2016-05-20T10:26:15","guid":{"rendered":"http:\/\/www.glm-laser.com\/?page_id=2148"},"modified":"2020-10-22T15:17:28","modified_gmt":"2020-10-22T13:17:28","slug":"sokkia-c31","status":"publish","type":"page","link":"https:\/\/www.glm-laser.com\/glm\/optische-vermessungsinstrumente-3\/uebersicht\/nivelliere-sokkia\/sokkia-c31\/","title":{"rendered":"Sokkia C31"},"content":{"rendered":"<h1>Automatisches Nivellier C31 von Sokkia<\/h1>\n<div class=\"section\">\n<p><img loading=\"lazy\" decoding=\"async\" class=\"alignright wp-image-2188 size-full\" title=\"Sokkia C31\" src=\"https:\/\/www.glm-laser.com\/glm\/wp-content\/uploads\/C30.jpg\" alt=\"Sokkia C31\" width=\"199\" height=\"189\" \/>Das automatische Nivellier C31 von Sokkia wird <strong>nicht<\/strong> mehr produziert. GLM Laserme\u00dftechnik bietet Ihnen f\u00fcr das C31 einen Rundumservice (Reparatur, Inspektion und Beratung). Das Nachfolgemodell ist das Pr\u00e4zisionsnivellier B40.<\/p>\n<p><strong>Die technischen Daten des automatischen Nivelliers C31;<\/strong><\/p>\n<ul>\n<li>Vergr\u00f6\u00dferung 24x<\/li>\n<li>K\u00fcrzeste Zielweite 0,3 m<\/li>\n<li>Sichtfeld 1\u00b025`(auf 100m 2,5m)<\/li>\n<li>Ablesung auf 1 gon<\/li>\n<li>Spielfeld Kompensator +\/- 15`<\/li>\n<li>Dosenlibelle 10\u00b4\/2mm<\/li>\n<\/ul>\n<p>Bei Fragen rufen Sie bitte an oder schreiben uns eine E-Mail.<\/p>\n<\/div>\n","protected":false},"excerpt":{"rendered":"<p>Automatisches Nivellier C31 von Sokkia Das automatische Nivellier C31 von Sokkia wird nicht mehr produziert. GLM Laserme\u00dftechnik bietet Ihnen f\u00fcr das C31 einen Rundumservice (Reparatur, Inspektion und Beratung). Das Nachfolgemodell ist das Pr\u00e4zisionsnivellier B40. Die technischen Daten des automatischen Nivelliers C31; Vergr\u00f6\u00dferung 24x K\u00fcrzeste Zielweite 0,3 m Sichtfeld 1\u00b025`(auf 100m 2,5m) Ablesung auf 1 gon [&hellip;]<\/p>\n","protected":false},"author":1,"featured_media":0,"parent":823,"menu_order":0,"comment_status":"closed","ping_status":"closed","template":"page_submenu.php","meta":{"footnotes":""},"class_list":["post-2148","page","type-page","status-publish","hentry"],"_links":{"self":[{"href":"https:\/\/www.glm-laser.com\/glm\/wp-json\/wp\/v2\/pages\/2148"}],"collection":[{"href":"https:\/\/www.glm-laser.com\/glm\/wp-json\/wp\/v2\/pages"}],"about":[{"href":"https:\/\/www.glm-laser.com\/glm\/wp-json\/wp\/v2\/types\/page"}],"author":[{"embeddable":true,"href":"https:\/\/www.glm-laser.com\/glm\/wp-json\/wp\/v2\/users\/1"}],"replies":[{"embeddable":true,"href":"https:\/\/www.glm-laser.com\/glm\/wp-json\/wp\/v2\/comments?post=2148"}],"version-history":[{"count":8,"href":"https:\/\/www.glm-laser.com\/glm\/wp-json\/wp\/v2\/pages\/2148\/revisions"}],"predecessor-version":[{"id":8366,"href":"https:\/\/www.glm-laser.com\/glm\/wp-json\/wp\/v2\/pages\/2148\/revisions\/8366"}],"up":[{"embeddable":true,"href":"https:\/\/www.glm-laser.com\/glm\/wp-json\/wp\/v2\/pages\/823"}],"wp:attachment":[{"href":"https:\/\/www.glm-laser.com\/glm\/wp-json\/wp\/v2\/media?parent=2148"}],"curies":[{"name":"wp","href":"https:\/\/api.w.org\/{rel}","templated":true}]}}