{"id":2154,"date":"2016-05-20T12:29:04","date_gmt":"2016-05-20T10:29:04","guid":{"rendered":"http:\/\/www.glm-laser.com\/?page_id=2154"},"modified":"2020-10-22T15:17:03","modified_gmt":"2020-10-22T13:17:03","slug":"sokkia-c310","status":"publish","type":"page","link":"https:\/\/www.glm-laser.com\/glm\/optische-vermessungsinstrumente-3\/uebersicht\/nivelliere-sokkia\/sokkia-c310\/","title":{"rendered":"Sokkia C310"},"content":{"rendered":"<h1>Automatische Nivellier C310 von Sokkia<img loading=\"lazy\" decoding=\"async\" class=\"alignright wp-image-2216 size-full\" title=\"Sokkia C310\" src=\"https:\/\/www.glm-laser.com\/glm\/wp-content\/uploads\/C310.jpg\" alt=\"Sokkia C310\" width=\"200\" height=\"181\" \/><\/h1>\n<div class=\"section\">\n<p align=\"justify\">Das automatische Nivellier C310 von Sokkia wird <strong>nicht<\/strong> mehr produziert. Die passenden Nachfolgemodelle ist das Nivelliere B30. GLM Laserme\u00dftechnik bietet ihnen einen rundum Service (Inspektion, Reparatur, Verkauf und Beratung) f\u00fcr das C310 an.<\/p>\n<h3 align=\"justify\">Auszug aus den technischen Daten des C310:<\/h3>\n<ul>\n<li>Vergr\u00f6\u00dferung 26x<\/li>\n<li>K\u00fcrzeste Zielweite 0,3m<\/li>\n<li>Ablesung auf 1 gon<\/li>\n<li>H\u00f6hengenauigkeit Standardabweichung auf 1km Doppelnivellement; 2mm<\/li>\n<li>Staub- und Wasserschutz: IPX4<\/li>\n<\/ul>\n<h3>\u00a0Zubeh\u00f6r:<\/h3>\n<ul>\n<li>DE22 Rechtwinkelokular<\/li>\n<\/ul>\n<p>Bei Fragen rufen Sie bitte an oder senden uns eine E-Mail.<\/p>\n<\/div>\n","protected":false},"excerpt":{"rendered":"<p>Automatische Nivellier C310 von Sokkia Das automatische Nivellier C310 von Sokkia wird nicht mehr produziert. Die passenden Nachfolgemodelle ist das Nivelliere B30. GLM Laserme\u00dftechnik bietet ihnen einen rundum Service (Inspektion, Reparatur, Verkauf und Beratung) f\u00fcr das C310 an. Auszug aus den technischen Daten des C310: Vergr\u00f6\u00dferung 26x K\u00fcrzeste Zielweite 0,3m Ablesung auf 1 gon H\u00f6hengenauigkeit [&hellip;]<\/p>\n","protected":false},"author":1,"featured_media":0,"parent":823,"menu_order":0,"comment_status":"closed","ping_status":"closed","template":"page_submenu.php","meta":{"footnotes":""},"class_list":["post-2154","page","type-page","status-publish","hentry"],"_links":{"self":[{"href":"https:\/\/www.glm-laser.com\/glm\/wp-json\/wp\/v2\/pages\/2154"}],"collection":[{"href":"https:\/\/www.glm-laser.com\/glm\/wp-json\/wp\/v2\/pages"}],"about":[{"href":"https:\/\/www.glm-laser.com\/glm\/wp-json\/wp\/v2\/types\/page"}],"author":[{"embeddable":true,"href":"https:\/\/www.glm-laser.com\/glm\/wp-json\/wp\/v2\/users\/1"}],"replies":[{"embeddable":true,"href":"https:\/\/www.glm-laser.com\/glm\/wp-json\/wp\/v2\/comments?post=2154"}],"version-history":[{"count":9,"href":"https:\/\/www.glm-laser.com\/glm\/wp-json\/wp\/v2\/pages\/2154\/revisions"}],"predecessor-version":[{"id":8336,"href":"https:\/\/www.glm-laser.com\/glm\/wp-json\/wp\/v2\/pages\/2154\/revisions\/8336"}],"up":[{"embeddable":true,"href":"https:\/\/www.glm-laser.com\/glm\/wp-json\/wp\/v2\/pages\/823"}],"wp:attachment":[{"href":"https:\/\/www.glm-laser.com\/glm\/wp-json\/wp\/v2\/media?parent=2154"}],"curies":[{"name":"wp","href":"https:\/\/api.w.org\/{rel}","templated":true}]}}