{"id":2156,"date":"2016-05-20T12:29:28","date_gmt":"2016-05-20T10:29:28","guid":{"rendered":"http:\/\/www.glm-laser.com\/?page_id=2156"},"modified":"2020-10-22T15:17:04","modified_gmt":"2020-10-22T13:17:04","slug":"sokkia-c320","status":"publish","type":"page","link":"https:\/\/www.glm-laser.com\/glm\/optische-vermessungsinstrumente-3\/uebersicht\/nivelliere-sokkia\/sokkia-c320\/","title":{"rendered":"Sokkia C320"},"content":{"rendered":"<h1>Automatisches Nivellier C320 von Sokkia<\/h1>\n<div class=\"section\">\n<p align=\"justify\"><img loading=\"lazy\" decoding=\"async\" class=\"alignright wp-image-2221 size-full\" title=\"Sokkia C320\" src=\"https:\/\/www.glm-laser.com\/glm\/wp-content\/uploads\/C320.jpg\" alt=\"Sokkia C320\" width=\"199\" height=\"176\" \/>Das automatische Nivellier C320 von Sokkia wird <strong>nicht<\/strong> mehr produziert. Die passenden Nachfolgemodelle sind die Nivelliere aus der B Serie (B20, B30 oder B40). GLM Laserme\u00dftechnik bietet ihnen einen rundum Service (Inspektion, Reparatur, Verkauf und Beratung) f\u00fcr das C320 an.<\/p>\n<h3 align=\"justify\">Auszug aus den technischen Daten des C320:<\/h3>\n<ul>\n<li>Vergr\u00f6\u00dferung 24x<\/li>\n<li>K\u00fcrzeste Zielweite 0,3m<\/li>\n<li>Ablesung auf 1 gon<\/li>\n<li>H\u00f6hengenauigkeit Standardabweichung auf 1km Doppelnivellement; 2mm<\/li>\n<li>Staub- und Wasserschutz: IPX4<\/li>\n<\/ul>\n<h3>\u00a0Zubeh\u00f6r:<\/h3>\n<ul>\n<li>DE22 Rechtwinkelokular<\/li>\n<\/ul>\n<p>Bei Fragen rufen Sie bitte an oder senden uns eine E-Mail.<\/p>\n<\/div>\n","protected":false},"excerpt":{"rendered":"<p>Automatisches Nivellier C320 von Sokkia Das automatische Nivellier C320 von Sokkia wird nicht mehr produziert. Die passenden Nachfolgemodelle sind die Nivelliere aus der B Serie (B20, B30 oder B40). GLM Laserme\u00dftechnik bietet ihnen einen rundum Service (Inspektion, Reparatur, Verkauf und Beratung) f\u00fcr das C320 an. Auszug aus den technischen Daten des C320: Vergr\u00f6\u00dferung 24x K\u00fcrzeste [&hellip;]<\/p>\n","protected":false},"author":1,"featured_media":0,"parent":823,"menu_order":0,"comment_status":"closed","ping_status":"closed","template":"page_submenu.php","meta":{"footnotes":""},"class_list":["post-2156","page","type-page","status-publish","hentry"],"_links":{"self":[{"href":"https:\/\/www.glm-laser.com\/glm\/wp-json\/wp\/v2\/pages\/2156"}],"collection":[{"href":"https:\/\/www.glm-laser.com\/glm\/wp-json\/wp\/v2\/pages"}],"about":[{"href":"https:\/\/www.glm-laser.com\/glm\/wp-json\/wp\/v2\/types\/page"}],"author":[{"embeddable":true,"href":"https:\/\/www.glm-laser.com\/glm\/wp-json\/wp\/v2\/users\/1"}],"replies":[{"embeddable":true,"href":"https:\/\/www.glm-laser.com\/glm\/wp-json\/wp\/v2\/comments?post=2156"}],"version-history":[{"count":10,"href":"https:\/\/www.glm-laser.com\/glm\/wp-json\/wp\/v2\/pages\/2156\/revisions"}],"predecessor-version":[{"id":8343,"href":"https:\/\/www.glm-laser.com\/glm\/wp-json\/wp\/v2\/pages\/2156\/revisions\/8343"}],"up":[{"embeddable":true,"href":"https:\/\/www.glm-laser.com\/glm\/wp-json\/wp\/v2\/pages\/823"}],"wp:attachment":[{"href":"https:\/\/www.glm-laser.com\/glm\/wp-json\/wp\/v2\/media?parent=2156"}],"curies":[{"name":"wp","href":"https:\/\/api.w.org\/{rel}","templated":true}]}}