{"id":2199,"date":"2016-05-20T13:22:32","date_gmt":"2016-05-20T11:22:32","guid":{"rendered":"http:\/\/www.glm-laser.com\/?page_id=2199"},"modified":"2020-10-26T14:46:39","modified_gmt":"2020-10-26T13:46:39","slug":"c3-startartikel","status":"publish","type":"page","link":"https:\/\/www.glm-laser.com\/glm\/optische-vermessungsinstrumente-3\/uebersicht\/nivelliere-sokkia\/c3-serie-sokkia\/c3-startartikel\/","title":{"rendered":"C3-Startartikel"},"content":{"rendered":"<h1>Die automatischen Baunivelliere C300, C310, C320 und C330<\/h1>\n<div class=\"section\">\n<p align=\"justify\"><img loading=\"lazy\" decoding=\"async\" class=\"alignright size-full wp-image-2202\" src=\"https:\/\/www.glm-laser.com\/glm\/wp-content\/uploads\/Uebersicht-C3-Reihe.png\" alt=\"Uebersicht-C3-Reihe\" width=\"94\" height=\"250\" \/>Die automatischen Baunivelliere C300, C310, C320 und C330 von Sokkia weisen alle Vorteile der bew\u00e4hrten Nivelliertechnik auf:<\/p>\n<p align=\"center\"><strong>genau, kompakt und leicht zu handhaben. <\/strong><\/p>\n<p align=\"justify\">Die Instrumente sind schnell und einfach aufzustellen und erlauben ein ebenso schnelles und pr\u00e4zises Anzielen. Dar\u00fcber hinaus gew\u00e4hrleistet die C3xx Serie \u00fcberragend Zuverl\u00e4ssigkeit unabh\u00e4ngig von den Wetterbedingungen. Die Ziellinie bleibt Dank des Kompensators gegen\u00fcber Schwingungen, St\u00f6\u00dfen und anderen Umgebungsbedingungen stabil. Die C3xx Modelle sind vollkommen widerstandsf\u00e4hig gegen\u00fcber Wasser und heftigen Regenf\u00e4llen. Auch wenn sich das Wetter schlagartig \u00e4ndert: Nehmen Sie auf das Instrument keine R\u00fccksicht. Sie k\u00f6nnen sich voll auf Ihre eigentliche Arbeit konzentrieren. Dank des robusten und wetterbest\u00e4ndigen Geh\u00e4uses k\u00f6nnen die C3xx Nivelliere mit gleichbleibender Qualit\u00e4t im Innen- und Au\u00dfenbereich eingesetzt werden. Alle C3xx Modelle sind nach Wasserbest\u00e4ndigkeit JIS4 klassifiziert. (Entspricht internationaler Elektronic Kommison IPX4)<\/p>\n<p align=\"justify\">Die C3xx Modelle werden seit 2010 nicht mehr hergestellt. Das Nachfolgemodell ist das B40.<\/p>\n<p align=\"justify\">Ersatzteile sowie der Koffer (SE49) sind weiter Lieferbar.<\/p>\n<p align=\"justify\">Inspektionen und Reparaturen durch GLM Laserme\u00dftechnik m\u00f6glich.<\/p>\n<p align=\"justify\">\n<\/div>\n<p align=\"justify\"><img loading=\"lazy\" decoding=\"async\" class=\"size-full wp-image-958 alignleft\" src=\"https:\/\/www.glm-laser.com\/glm\/wp-content\/uploads\/pdf-icon.png\" alt=\"Download PDF\" width=\"38\" height=\"42\" \/><\/p>\n<p><a href=\"https:\/\/www.glm-laser.com\/glm\/wp-content\/uploads\/bedienungsanleitung_c-3xx_serie.pdf\" target=\"_blank\" rel=\"noopener noreferrer\">Bedienungsanleitung automatische Baunivellier C-3xx Serie (2 MB)<br \/>\n<\/a><a href=\"https:\/\/www.glm-laser.com\/glm\/wp-content\/uploads\/prospekt_sokkia_serie_c3xx.pdf\" target=\"_blank\" rel=\"noopener noreferrer\">Prospekt Sokkia C3 (2 MB)<\/a><\/p>\n<div class=\"section\"><\/div>\n<div class=\"section\"><\/div>\n<div class=\"section\"><\/div>\n<p>&nbsp;<\/p>\n<p>C300 &#8211; C310 &#8211; C320 &#8211; C330 &#8211; C410<\/p>\n","protected":false},"excerpt":{"rendered":"<p>Die automatischen Baunivelliere C300, C310, C320 und C330 Die automatischen Baunivelliere C300, C310, C320 und C330 von Sokkia weisen alle Vorteile der bew\u00e4hrten Nivelliertechnik auf: genau, kompakt und leicht zu handhaben. Die Instrumente sind schnell und einfach aufzustellen und erlauben ein ebenso schnelles und pr\u00e4zises Anzielen. Dar\u00fcber hinaus gew\u00e4hrleistet die C3xx Serie \u00fcberragend Zuverl\u00e4ssigkeit unabh\u00e4ngig [&hellip;]<\/p>\n","protected":false},"author":1,"featured_media":0,"parent":927,"menu_order":0,"comment_status":"closed","ping_status":"closed","template":"page_submenu.php","meta":{"footnotes":""},"class_list":["post-2199","page","type-page","status-publish","hentry"],"_links":{"self":[{"href":"https:\/\/www.glm-laser.com\/glm\/wp-json\/wp\/v2\/pages\/2199"}],"collection":[{"href":"https:\/\/www.glm-laser.com\/glm\/wp-json\/wp\/v2\/pages"}],"about":[{"href":"https:\/\/www.glm-laser.com\/glm\/wp-json\/wp\/v2\/types\/page"}],"author":[{"embeddable":true,"href":"https:\/\/www.glm-laser.com\/glm\/wp-json\/wp\/v2\/users\/1"}],"replies":[{"embeddable":true,"href":"https:\/\/www.glm-laser.com\/glm\/wp-json\/wp\/v2\/comments?post=2199"}],"version-history":[{"count":15,"href":"https:\/\/www.glm-laser.com\/glm\/wp-json\/wp\/v2\/pages\/2199\/revisions"}],"predecessor-version":[{"id":8717,"href":"https:\/\/www.glm-laser.com\/glm\/wp-json\/wp\/v2\/pages\/2199\/revisions\/8717"}],"up":[{"embeddable":true,"href":"https:\/\/www.glm-laser.com\/glm\/wp-json\/wp\/v2\/pages\/927"}],"wp:attachment":[{"href":"https:\/\/www.glm-laser.com\/glm\/wp-json\/wp\/v2\/media?parent=2199"}],"curies":[{"name":"wp","href":"https:\/\/api.w.org\/{rel}","templated":true}]}}