{"id":2266,"date":"2016-05-23T12:07:59","date_gmt":"2016-05-23T10:07:59","guid":{"rendered":"http:\/\/www.glm-laser.com\/?page_id=2266"},"modified":"2020-11-10T12:06:41","modified_gmt":"2020-11-10T11:06:41","slug":"fx-102","status":"publish","type":"page","link":"https:\/\/www.glm-laser.com\/glm\/optische-vermessungsinstrumente-3\/sokkia-fx-serie\/fx-102\/","title":{"rendered":"FX-102"},"content":{"rendered":"<h1>Totalstation FX-102 von Sokkia<\/h1>\n<div class=\"section\">\n<p align=\"justify\"><img loading=\"lazy\" decoding=\"async\" class=\"alignright size-full wp-image-2276\" src=\"https:\/\/www.glm-laser.com\/glm\/wp-content\/uploads\/FX-101.jpg\" alt=\"FX-101\" width=\"200\" height=\"298\" \/>Die Totalstation FX-102 aus dem Hause Sokkia wird seit 2012 produziert. GLM Laserme\u00dftechnik bietet ihnen einen rundum Service (<a title=\"Kalibrierung und Wartung\" href=\"https:\/\/www.glm-laser.com\/glm\/leistungen\/service\/\">Inspektion, Reparatur<\/a>, Verkauf und Beratung) f\u00fcr das FX-102 an.<\/p>\n<p><strong>Auszug aus den technischen Daten:<\/strong><\/p>\n<ul>\n<li>Vergr\u00f6\u00dferung\/Aufl\u00f6sung: 30x \/ 2,5&#8243;<\/li>\n<li>Winkelmessgenauigkeit: 2&#8243; \/ 0,6mg \/0.01mil<\/li>\n<li>Streckenmessgenauigkeit:\n<ul>\n<li>Reflektorlos: +\/- (3 + 2ppm) mm<\/li>\n<li>Folie:\u00a0 +\/- (3 + 2ppm) mm<\/li>\n<li><a title=\"Prisma AP01\" href=\"https:\/\/www.glm-laser.com\/glm\/optische-vermessungsinstrumente-3\/zubehoer-2\/kugelprismen\/\">Prisma<\/a>:\u00a0 +\/- (2 + 2ppm) mm<\/li>\n<\/ul>\n<\/li>\n<li>Staub- und Wasserschutz: IP65<\/li>\n<\/ul>\n<p><strong>Zubeh\u00f6r:<\/strong><\/p>\n<ul>\n<li>Batterie BDC70<\/li>\n<li>Schnelladeger\u00e4t CDC68<\/li>\n<li><a href=\"https:\/\/www.glm-laser.com\/glm\/optische-vermessungsinstrumente-3\/zubehoer-2\/zielmittel\/schnittstellenkabel\/\">Datenkabel <\/a>DOC210 Seriell, DOC210 USB<\/li>\n<li>Steilsichtokular\u00a0<a title=\"Steilsichtokular DE27\" href=\"https:\/\/www.glm-laser.com\/glm\/optische-vermessungsinstrumente-3\/zubehoer-2\/steilsichtokular\/\">DE27<\/a><\/li>\n<\/ul>\n<\/div>\n<p><img loading=\"lazy\" decoding=\"async\" class=\"size-full wp-image-958 alignleft\" src=\"https:\/\/www.glm-laser.com\/glm\/wp-content\/uploads\/pdf-icon.png\" alt=\"Download PDF\" width=\"38\" height=\"42\" \/><\/p>\n<p><a href=\"https:\/\/www.glm-laser.com\/glm\/wp-content\/uploads\/fx_brochure-1.pdf\"><br \/>\nProspekt Sokkia FX-10x (1 MB)<\/a><\/p>\n<p><a href=\"https:\/\/www.glm-laser.com\/glm\/optische-vermessungsinstrumente-3\/sokkia-fx-serie\/fx-101\/\">FX-101<\/a> \u2013 <a href=\"https:\/\/www.glm-laser.com\/glm\/optische-vermessungsinstrumente-3\/sokkia-fx-serie\/fx-102\/\">FX-102<\/a> \u2013\u00a0<a href=\"https:\/\/www.glm-laser.com\/glm\/optische-vermessungsinstrumente-3\/sokkia-fx-serie\/fx-103\/\">FX-103<\/a> \u2013 <a href=\"https:\/\/www.glm-laser.com\/glm\/optische-vermessungsinstrumente-3\/sokkia-fx-serie\/fx-105\/\">FX-105<\/a><\/p>\n","protected":false},"excerpt":{"rendered":"<p>Totalstation FX-102 von Sokkia Die Totalstation FX-102 aus dem Hause Sokkia wird seit 2012 produziert. GLM Laserme\u00dftechnik bietet ihnen einen rundum Service (Inspektion, Reparatur, Verkauf und Beratung) f\u00fcr das FX-102 an. Auszug aus den technischen Daten: Vergr\u00f6\u00dferung\/Aufl\u00f6sung: 30x \/ 2,5&#8243; Winkelmessgenauigkeit: 2&#8243; \/ 0,6mg \/0.01mil Streckenmessgenauigkeit: Reflektorlos: +\/- (3 + 2ppm) mm Folie:\u00a0 +\/- (3 [&hellip;]<\/p>\n","protected":false},"author":1,"featured_media":0,"parent":731,"menu_order":2,"comment_status":"closed","ping_status":"closed","template":"page_submenu.php","meta":{"footnotes":""},"class_list":["post-2266","page","type-page","status-publish","hentry"],"_links":{"self":[{"href":"https:\/\/www.glm-laser.com\/glm\/wp-json\/wp\/v2\/pages\/2266"}],"collection":[{"href":"https:\/\/www.glm-laser.com\/glm\/wp-json\/wp\/v2\/pages"}],"about":[{"href":"https:\/\/www.glm-laser.com\/glm\/wp-json\/wp\/v2\/types\/page"}],"author":[{"embeddable":true,"href":"https:\/\/www.glm-laser.com\/glm\/wp-json\/wp\/v2\/users\/1"}],"replies":[{"embeddable":true,"href":"https:\/\/www.glm-laser.com\/glm\/wp-json\/wp\/v2\/comments?post=2266"}],"version-history":[{"count":13,"href":"https:\/\/www.glm-laser.com\/glm\/wp-json\/wp\/v2\/pages\/2266\/revisions"}],"predecessor-version":[{"id":9653,"href":"https:\/\/www.glm-laser.com\/glm\/wp-json\/wp\/v2\/pages\/2266\/revisions\/9653"}],"up":[{"embeddable":true,"href":"https:\/\/www.glm-laser.com\/glm\/wp-json\/wp\/v2\/pages\/731"}],"wp:attachment":[{"href":"https:\/\/www.glm-laser.com\/glm\/wp-json\/wp\/v2\/media?parent=2266"}],"curies":[{"name":"wp","href":"https:\/\/api.w.org\/{rel}","templated":true}]}}