{"id":2329,"date":"2016-05-24T15:50:46","date_gmt":"2016-05-24T13:50:46","guid":{"rendered":"http:\/\/www.glm-laser.com\/?page_id=2329"},"modified":"2020-10-23T10:09:52","modified_gmt":"2020-10-23T08:09:52","slug":"sokkia-tm20h","status":"publish","type":"page","link":"https:\/\/www.glm-laser.com\/glm\/optische-vermessungsinstrumente-3\/uebersicht\/theodolite\/sokkisha-tm-t-ts\/sokkia-tm20h\/","title":{"rendered":"Sokkia TM20H"},"content":{"rendered":"<h1>Der Theodolit TM20H aus dem Hause Sokkia<\/h1>\n<div class=\"section\">\n<p align=\"justify\"><img loading=\"lazy\" decoding=\"async\" title=\"Sokkia TM20H\" src=\"https:\/\/www.glm-laser.com\/glm\/index.php?rex_resize=200w__148h__sokkia_tm20h.jpg\" alt=\"Sokkia TM20H\" ismap=\"ismap\" width=\"200\" height=\"148\" align=\"right\" hspace=\"10\" vspace=\"10\" \/>Der Theodolit TM20H aus dem Hause Sokkia (Sokkisha) wird nicht mehr produziert.\u00a0 Das passende Nachfolgemodell ist der Digitaltheodolit DT940.\u00a0GLM Laserme\u00dftechnik bietet ihnen einen rundum Service (Inspektion, Reparatur, Verkauf und Beratung) f\u00fcr den TM20H an.<\/p>\n<p align=\"justify\"><strong>Auszug aus den technischen Daten des TM20H:<\/strong><\/p>\n<ul>\n<li>Vergr\u00f6\u00dferung\/ Aufl\u00f6sung: 30x \/ 3&#8243;<\/li>\n<li>Winkelmessgenauigkeit: 20&#8243;<\/li>\n<li>K\u00fcrzeste Zielweite: 1,3m<\/li>\n<\/ul>\n<p><strong>Zubeh\u00f6r:<\/strong><\/p>\n<ul>\n<li>Kreuzschlitten bzw. Kreuztisch<\/li>\n<\/ul>\n<p align=\"justify\">W\u00fcnschen Sie weitere Informationen oder m\u00f6chten Sie einen Termin zur\u00a0Inspektion vereinbaren? <a href=\"mailto:werkstatt@glm-laser.de\">Dann schreiben Sie uns einfach eine E-Mail. <\/a><\/p>\n<div class=\"section\"><\/div>\n<p align=\"justify\"><img loading=\"lazy\" decoding=\"async\" class=\"alignleft size-full wp-image-958\" src=\"https:\/\/www.glm-laser.com\/glm\/wp-content\/uploads\/pdf-icon.png\" alt=\"Download PDF\" width=\"38\" height=\"42\" \/><\/p>\n<p align=\"justify\"><a href=\"https:\/\/www.glm-laser.com\/glm\/wp-content\/uploads\/sokkia_theodolit.pdf\" target=\"_blank\" rel=\"noopener noreferrer\"><br \/>\nProspekt Sokkisha Theodolit (7 MB)<\/a><\/p>\n<\/div>\n<p align=\"justify\">\n","protected":false},"excerpt":{"rendered":"<p>Der Theodolit TM20H aus dem Hause Sokkia Der Theodolit TM20H aus dem Hause Sokkia (Sokkisha) wird nicht mehr produziert.\u00a0 Das passende Nachfolgemodell ist der Digitaltheodolit DT940.\u00a0GLM Laserme\u00dftechnik bietet ihnen einen rundum Service (Inspektion, Reparatur, Verkauf und Beratung) f\u00fcr den TM20H an. Auszug aus den technischen Daten des TM20H: Vergr\u00f6\u00dferung\/ Aufl\u00f6sung: 30x \/ 3&#8243; Winkelmessgenauigkeit: 20&#8243; [&hellip;]<\/p>\n","protected":false},"author":1,"featured_media":0,"parent":905,"menu_order":1,"comment_status":"closed","ping_status":"closed","template":"page_submenu.php","meta":{"footnotes":""},"class_list":["post-2329","page","type-page","status-publish","hentry"],"_links":{"self":[{"href":"https:\/\/www.glm-laser.com\/glm\/wp-json\/wp\/v2\/pages\/2329"}],"collection":[{"href":"https:\/\/www.glm-laser.com\/glm\/wp-json\/wp\/v2\/pages"}],"about":[{"href":"https:\/\/www.glm-laser.com\/glm\/wp-json\/wp\/v2\/types\/page"}],"author":[{"embeddable":true,"href":"https:\/\/www.glm-laser.com\/glm\/wp-json\/wp\/v2\/users\/1"}],"replies":[{"embeddable":true,"href":"https:\/\/www.glm-laser.com\/glm\/wp-json\/wp\/v2\/comments?post=2329"}],"version-history":[{"count":9,"href":"https:\/\/www.glm-laser.com\/glm\/wp-json\/wp\/v2\/pages\/2329\/revisions"}],"predecessor-version":[{"id":8415,"href":"https:\/\/www.glm-laser.com\/glm\/wp-json\/wp\/v2\/pages\/2329\/revisions\/8415"}],"up":[{"embeddable":true,"href":"https:\/\/www.glm-laser.com\/glm\/wp-json\/wp\/v2\/pages\/905"}],"wp:attachment":[{"href":"https:\/\/www.glm-laser.com\/glm\/wp-json\/wp\/v2\/media?parent=2329"}],"curies":[{"name":"wp","href":"https:\/\/api.w.org\/{rel}","templated":true}]}}